{"id":619,"date":"2025-02-05T09:33:52","date_gmt":"2025-02-05T12:33:52","guid":{"rendered":"https:\/\/wp.ufpel.edu.br\/coreme\/?page_id=619"},"modified":"2025-02-05T13:42:29","modified_gmt":"2025-02-05T16:42:29","slug":"ginecologia-e-obstetricia-2","status":"publish","type":"page","link":"https:\/\/wp.ufpel.edu.br\/coreme\/ginecologia-e-obstetricia-2\/","title":{"rendered":"Ginecologia e Obstetr\u00edcia"},"content":{"rendered":"<p><a href=\"https:\/\/wp.ufpel.edu.br\/coreme\/files\/2025\/02\/1a-chamada-1.pdf\">1\u00aa CHAMADA \u2013 CONVOCA\u00c7\u00c3O PARA MATR\u00cdCULA ENARE \u2013 PRM EM GINECOLOGIA E OBSTETR\u00cdCIA<\/a><\/p>\n","protected":false},"excerpt":{"rendered":"<p>1\u00aa CHAMADA \u2013 CONVOCA\u00c7\u00c3O PARA MATR\u00cdCULA ENARE \u2013 PRM EM GINECOLOGIA E OBSTETR\u00cdCIA<\/p>\n","protected":false},"author":1322,"featured_media":0,"parent":0,"menu_order":0,"comment_status":"closed","ping_status":"closed","template":"","meta":{"footnotes":""},"class_list":["post-619","page","type-page","status-publish","hentry"],"_links":{"self":[{"href":"https:\/\/wp.ufpel.edu.br\/coreme\/wp-json\/wp\/v2\/pages\/619","targetHints":{"allow":["GET"]}}],"collection":[{"href":"https:\/\/wp.ufpel.edu.br\/coreme\/wp-json\/wp\/v2\/pages"}],"about":[{"href":"https:\/\/wp.ufpel.edu.br\/coreme\/wp-json\/wp\/v2\/types\/page"}],"author":[{"embeddable":true,"href":"https:\/\/wp.ufpel.edu.br\/coreme\/wp-json\/wp\/v2\/users\/1322"}],"replies":[{"embeddable":true,"href":"https:\/\/wp.ufpel.edu.br\/coreme\/wp-json\/wp\/v2\/comments?post=619"}],"version-history":[{"count":2,"href":"https:\/\/wp.ufpel.edu.br\/coreme\/wp-json\/wp\/v2\/pages\/619\/revisions"}],"predecessor-version":[{"id":651,"href":"https:\/\/wp.ufpel.edu.br\/coreme\/wp-json\/wp\/v2\/pages\/619\/revisions\/651"}],"wp:attachment":[{"href":"https:\/\/wp.ufpel.edu.br\/coreme\/wp-json\/wp\/v2\/media?parent=619"}],"curies":[{"name":"wp","href":"https:\/\/api.w.org\/{rel}","templated":true}]}}