{"id":582,"date":"2025-01-31T14:25:40","date_gmt":"2025-01-31T17:25:40","guid":{"rendered":"https:\/\/wp.ufpel.edu.br\/coreme\/?page_id=582"},"modified":"2025-02-27T10:54:47","modified_gmt":"2025-02-27T13:54:47","slug":"edital-n-023-2025","status":"publish","type":"page","link":"https:\/\/wp.ufpel.edu.br\/coreme\/editais\/2025-2\/edital-n-023-2025\/","title":{"rendered":"EDITAL N\u00b0 024\/2025"},"content":{"rendered":"<p><a href=\"https:\/\/wp.ufpel.edu.br\/coreme\/files\/2025\/02\/1a-CHAMADA-R3-em-atencao-domiciliar.pdf\">1\u00aa CHAMADA \u2013 CONVOCA\u00c7\u00c3O PARA MATR\u00cdCULA \u2013 PRM EM MEDICINA DE FAM\u00cdLIA E COMUNIDADE \u2013 R3 EM ATEN\u00c7\u00c3O DOMICILIAR<\/a><\/p>\n<p><a href=\"https:\/\/wp.ufpel.edu.br\/coreme\/files\/2025\/02\/1a-CHAMADA-oncologia-clinica.pdf\">1\u00aa CHAMADA \u2013 CONVOCA\u00c7\u00c3O PARA MATR\u00cdCULA \u2013 PRM EM ONCOLOGIA CL\u00cdNICA<\/a><\/p>\n<hr \/>\n<p><a href=\"https:\/\/wp.ufpel.edu.br\/coreme\/files\/2025\/02\/CLASSIFICACAO-FINAL-R3-atencao-domiciliar.pdf\">CLASSIFICA\u00c7\u00c3O FINAL <\/a><a href=\"https:\/\/wp.ufpel.edu.br\/coreme\/files\/2025\/02\/CLASSIFICACAO-FINAL-R3-atencao-domiciliar.pdf\">\u2013<\/a><a href=\"https:\/\/wp.ufpel.edu.br\/coreme\/files\/2025\/02\/CLASSIFICACAO-FINAL-R3-atencao-domiciliar.pdf\"> PRM EM MEDICINA DE FAM\u00cdLIA E COMUNIDADE \u2013 R3 EM ATEN\u00c7\u00c3O DOMICILIAR<\/a><\/p>\n<p><a href=\"https:\/\/wp.ufpel.edu.br\/coreme\/files\/2025\/02\/CLASSIFICACAO-FINAL-oncologia-clinica.pdf\">CLASSIFICA\u00c7\u00c3O FINAL <\/a><a href=\"https:\/\/wp.ufpel.edu.br\/coreme\/files\/2025\/02\/CLASSIFICACAO-FINAL-R3-atencao-domiciliar.pdf\">\u2013<\/a><a href=\"https:\/\/wp.ufpel.edu.br\/coreme\/files\/2025\/02\/CLASSIFICACAO-FINAL-oncologia-clinica.pdf\"> PRM EM ONCOLOGIA CL\u00cdNICA<\/a><\/p>\n<hr \/>\n<p><a href=\"https:\/\/wp.ufpel.edu.br\/coreme\/files\/2025\/02\/CLASSIFICACAO-PRELIMINAR-R3-atencao-domiciliar.pdf\">CLASSIFICA\u00c7\u00c3O PRELIMINAR <\/a><a href=\"https:\/\/wp.ufpel.edu.br\/coreme\/files\/2025\/02\/CLASSIFICACAO-FINAL-R3-atencao-domiciliar.pdf\">\u2013<\/a><a href=\"https:\/\/wp.ufpel.edu.br\/coreme\/files\/2025\/02\/CLASSIFICACAO-PRELIMINAR-R3-atencao-domiciliar.pdf\"> PRM EM MEDICINA DE FAM\u00cdLIA E COMUNIDADE \u2013 R3 EM ATEN\u00c7\u00c3O DOMICILIAR<\/a><\/p>\n<p><a href=\"https:\/\/wp.ufpel.edu.br\/coreme\/files\/2025\/02\/CLASSIFICACAO-PRELIMINAR-oncologia-clinica.pdf\">CLASSIFICA\u00c7\u00c3O PRELIMINAR <\/a><a href=\"https:\/\/wp.ufpel.edu.br\/coreme\/files\/2025\/02\/CLASSIFICACAO-FINAL-R3-atencao-domiciliar.pdf\">\u2013<\/a><a href=\"https:\/\/wp.ufpel.edu.br\/coreme\/files\/2025\/02\/CLASSIFICACAO-PRELIMINAR-oncologia-clinica.pdf\"> PRM EM ONCOLOGIA CL\u00cdNICA<\/a><\/p>\n<hr \/>\n<p><a href=\"https:\/\/wp.ufpel.edu.br\/coreme\/files\/2025\/02\/GABARITO-Prova-R3-em-Atenc\u0327a\u0303o-Domiciliar-Edital-n\u00b0-024-2025.pdf\">GABARITO PROVA <\/a><a href=\"https:\/\/wp.ufpel.edu.br\/coreme\/files\/2025\/02\/CLASSIFICACAO-FINAL-R3-atencao-domiciliar.pdf\">\u2013<\/a><a href=\"https:\/\/wp.ufpel.edu.br\/coreme\/files\/2025\/02\/GABARITO-Prova-R3-em-Atenc\u0327a\u0303o-Domiciliar-Edital-n\u00b0-024-2025.pdf\"> PRM EM MEDICINA DE FAM\u00cdLIA E COMUNIDADE \u2013 R3 EM ATEN\u00c7\u00c3O DOMICILIAR<\/a><\/p>\n<p><a href=\"https:\/\/wp.ufpel.edu.br\/coreme\/files\/2025\/02\/GABARITO-Prova-Oncologia-Clinica-Edital-n\u00b0-024-2025.pdf\">GABARITO PROVA <\/a><a href=\"https:\/\/wp.ufpel.edu.br\/coreme\/files\/2025\/02\/CLASSIFICACAO-FINAL-R3-atencao-domiciliar.pdf\">\u2013<\/a><a href=\"https:\/\/wp.ufpel.edu.br\/coreme\/files\/2025\/02\/GABARITO-Prova-Oncologia-Clinica-Edital-n\u00b0-024-2025.pdf\"> PRM EM ONCOLOGIA CL\u00cdNICA<\/a><\/p>\n<hr \/>\n<p><a href=\"https:\/\/wp.ufpel.edu.br\/coreme\/files\/2025\/02\/INSCRICOES-HOMOLOGADAS-FINAL.pdf\">INSCRI\u00c7\u00d5ES HOMOLOGADAS <\/a><a href=\"https:\/\/wp.ufpel.edu.br\/coreme\/files\/2025\/02\/CLASSIFICACAO-FINAL-R3-atencao-domiciliar.pdf\">\u2013<\/a><a href=\"https:\/\/wp.ufpel.edu.br\/coreme\/files\/2025\/02\/INSCRICOES-HOMOLOGADAS-FINAL.pdf\"> LISTAGEM FINAL<\/a><\/p>\n<p><a href=\"https:\/\/wp.ufpel.edu.br\/coreme\/files\/2025\/02\/INSCRICOES-HOMOLOGADAS-PRELIMINAR.pdf\">INSCRI\u00c7\u00d5ES HOMOLOGADAS <\/a><a href=\"https:\/\/wp.ufpel.edu.br\/coreme\/files\/2025\/02\/CLASSIFICACAO-FINAL-R3-atencao-domiciliar.pdf\">\u2013<\/a><a href=\"https:\/\/wp.ufpel.edu.br\/coreme\/files\/2025\/02\/INSCRICOES-HOMOLOGADAS-PRELIMINAR.pdf\"> LISTAGEM PRELIMINAR<\/a><\/p>\n<hr \/>\n<p><strong>RETIFICA\u00c7\u00c3O<\/strong><\/p>\n<p>A COREME retifica o item 6 do Edital n\u00ba 024\/2025, especificamente na letra j) do subitem 6.2, conforme abaixo.<\/p>\n<p>Onde se l\u00ea:<br \/>\n&#8220;j) Comprovante de dados banc\u00e1rios com identifica\u00e7\u00e3o do banco, ag\u00eancia e n\u00famero da conta (ser\u00e3o aceitas somente Contas Sal\u00e1rio vinculadas ao Banco do Brasil, Caixa Econ\u00f4mica Federal, Santander, Ita\u00fa, Bradesco, Banrisul, Sicredi, HSBC e BANCOOP ou Contas Correntes vinculadas ao Banco do Brasil).&#8221;<\/p>\n<p>Leia-se:<br \/>\n&#8220;j) Comprovante de dados banc\u00e1rios com identifica\u00e7\u00e3o do banco, ag\u00eancia e n\u00famero da conta (ser\u00e3o aceitas somente contas correntes vinculadas ao SANTANDER &#8211; 033 e BRADESCO &#8211; 237).&#8221;<\/p>\n<hr \/>\n<p><strong><a href=\"https:\/\/wp.ufpel.edu.br\/coreme\/files\/2025\/01\/EDITAL-No-024-2025.pdf\">EDITAL N\u00ba 024\/2025<\/a><\/strong><\/p>\n<p><a href=\"https:\/\/wp.ufpel.edu.br\/coreme\/files\/2025\/02\/ANEXO-I-Criterios-analise-curricular.pdf\">ANEXO I <\/a><a href=\"https:\/\/wp.ufpel.edu.br\/coreme\/files\/2025\/02\/CLASSIFICACAO-FINAL-R3-atencao-domiciliar.pdf\">\u2013<\/a><a href=\"https:\/\/wp.ufpel.edu.br\/coreme\/files\/2025\/02\/ANEXO-I-Criterios-analise-curricular.pdf\"> AN\u00c1LISE CURRICULAR <\/a><\/p>\n<p><a href=\"https:\/\/wp.ufpel.edu.br\/coreme\/files\/2025\/02\/ANEXO-II-Solicitacao-de-pontuacao-adicional-PRMGFC.pdf\">ANEXO II <\/a><a href=\"https:\/\/wp.ufpel.edu.br\/coreme\/files\/2025\/02\/CLASSIFICACAO-FINAL-R3-atencao-domiciliar.pdf\">\u2013<\/a><a href=\"https:\/\/wp.ufpel.edu.br\/coreme\/files\/2025\/02\/ANEXO-II-Solicitacao-de-pontuacao-adicional-PRMGFC.pdf\"> SOLICITA\u00c7\u00c3O DE PONTUA\u00c7\u00c3O \u2013 RESID\u00caNCIA M\u00c9DICA EM MEDICINA DE FAM\u00cdLIA E COMUNIDADE <\/a><\/p>\n<p><a href=\"https:\/\/wp.ufpel.edu.br\/coreme\/files\/2025\/02\/ANEXO-III-Formulario-para-requerimento-de-revisao-fase-2.pdf\">ANEXO III &#8211; FORMUL\u00c1RIO PARA REQUERIMENTO DE REVIS\u00c3O DO RESULTADO DA FASE 2 DO PROCESSO SELETIVO PARA INGRESSO NO PROGRAMA DE RESID\u00caNCIA M\u00c9DICA <\/a><\/p>\n","protected":false},"excerpt":{"rendered":"<p>1\u00aa CHAMADA \u2013 CONVOCA\u00c7\u00c3O PARA MATR\u00cdCULA \u2013 PRM EM MEDICINA DE FAM\u00cdLIA E COMUNIDADE \u2013 R3 EM ATEN\u00c7\u00c3O DOMICILIAR 1\u00aa CHAMADA \u2013 CONVOCA\u00c7\u00c3O PARA MATR\u00cdCULA \u2013 PRM EM ONCOLOGIA CL\u00cdNICA CLASSIFICA\u00c7\u00c3O FINAL \u2013 PRM EM MEDICINA DE FAM\u00cdLIA E COMUNIDADE \u2013 R3 EM ATEN\u00c7\u00c3O DOMICILIAR CLASSIFICA\u00c7\u00c3O FINAL \u2013 PRM EM ONCOLOGIA CL\u00cdNICA CLASSIFICA\u00c7\u00c3O PRELIMINAR \u2013 [&hellip;]<\/p>\n","protected":false},"author":1322,"featured_media":0,"parent":578,"menu_order":0,"comment_status":"closed","ping_status":"closed","template":"","meta":{"footnotes":""},"class_list":["post-582","page","type-page","status-publish","hentry"],"_links":{"self":[{"href":"https:\/\/wp.ufpel.edu.br\/coreme\/wp-json\/wp\/v2\/pages\/582","targetHints":{"allow":["GET"]}}],"collection":[{"href":"https:\/\/wp.ufpel.edu.br\/coreme\/wp-json\/wp\/v2\/pages"}],"about":[{"href":"https:\/\/wp.ufpel.edu.br\/coreme\/wp-json\/wp\/v2\/types\/page"}],"author":[{"embeddable":true,"href":"https:\/\/wp.ufpel.edu.br\/coreme\/wp-json\/wp\/v2\/users\/1322"}],"replies":[{"embeddable":true,"href":"https:\/\/wp.ufpel.edu.br\/coreme\/wp-json\/wp\/v2\/comments?post=582"}],"version-history":[{"count":18,"href":"https:\/\/wp.ufpel.edu.br\/coreme\/wp-json\/wp\/v2\/pages\/582\/revisions"}],"predecessor-version":[{"id":793,"href":"https:\/\/wp.ufpel.edu.br\/coreme\/wp-json\/wp\/v2\/pages\/582\/revisions\/793"}],"up":[{"embeddable":true,"href":"https:\/\/wp.ufpel.edu.br\/coreme\/wp-json\/wp\/v2\/pages\/578"}],"wp:attachment":[{"href":"https:\/\/wp.ufpel.edu.br\/coreme\/wp-json\/wp\/v2\/media?parent=582"}],"curies":[{"name":"wp","href":"https:\/\/api.w.org\/{rel}","templated":true}]}}