{"id":368,"date":"2025-01-14T10:27:49","date_gmt":"2025-01-14T13:27:49","guid":{"rendered":"https:\/\/wp.ufpel.edu.br\/coreme\/?page_id=368"},"modified":"2025-02-20T09:01:54","modified_gmt":"2025-02-20T12:01:54","slug":"gastroenterologia","status":"publish","type":"page","link":"https:\/\/wp.ufpel.edu.br\/coreme\/gastroenterologia\/","title":{"rendered":"GASTROENTEROLOGIA"},"content":{"rendered":"<p><a href=\"https:\/\/wp.ufpel.edu.br\/coreme\/files\/2025\/01\/PRELIMINAR-GASTRO.pdf\" target=\"_blank\" rel=\"noopener\">CLASSIFICA\u00c7\u00c3O PRELIMINAR \u2013 PRM EM GASTROENTEROLOGIA<\/a><\/p>\n<p><a href=\"https:\/\/wp.ufpel.edu.br\/coreme\/files\/2025\/01\/FINAL-GASTRO.pdf\">CLASSIFICA\u00c7\u00c3O FINAL \u2013 PRM EM GASTROENTEROLOGIA<\/a><\/p>\n<p><a href=\"https:\/\/wp.ufpel.edu.br\/coreme\/files\/2025\/01\/2a-CHAMADA-8.pdf\">1\u00aa CHAMADA &#8211; CONVOCA\u00c7\u00c3O PARA MATR\u00cdCULA &#8211; PRM EM GASTROENTEROLOGIA<\/a> (23\/01\/2025)<\/p>\n<p><a href=\"https:\/\/wp.ufpel.edu.br\/coreme\/files\/2025\/02\/2a-CHAMADA-1.pdf\">2\u00aa CHAMADA \u2013 CONVOCA\u00c7\u00c3O PARA MATR\u00cdCULA \u2013 PRM EM GASTROENTEROLOGIA<\/a> (14\/02\/2025)<\/p>\n<p><a href=\"https:\/\/wp.ufpel.edu.br\/coreme\/files\/2025\/02\/3a-CHAMADA-1.pdf\">3\u00aa CHAMADA \u2013 CONVOCA\u00c7\u00c3O PARA MATR\u00cdCULA \u2013 PRM EM GASTROENTEROLOGIA<\/a> (18\/02\/2025)<\/p>\n<p><a href=\"https:\/\/wp.ufpel.edu.br\/coreme\/files\/2025\/02\/4a-CHAMADA-2.pdf\">4\u00aa CHAMADA \u2013 CONVOCA\u00c7\u00c3O PARA MATR\u00cdCULA \u2013 PRM EM GASTROENTEROLOGIA<\/a> (19\/02\/2025)<\/p>\n<p><a href=\"https:\/\/wp.ufpel.edu.br\/coreme\/files\/2025\/02\/5a-CHAMADA-5.pdf\">5\u00aa CHAMADA &#8211; CONVOCA\u00c7\u00c3O PARA MATR\u00cdCULA &#8211; PRM EM GASTROENTEROLOGIA<\/a> (20\/02\/2025)<\/p>\n","protected":false},"excerpt":{"rendered":"<p>CLASSIFICA\u00c7\u00c3O PRELIMINAR \u2013 PRM EM GASTROENTEROLOGIA CLASSIFICA\u00c7\u00c3O FINAL \u2013 PRM EM GASTROENTEROLOGIA 1\u00aa CHAMADA &#8211; CONVOCA\u00c7\u00c3O PARA MATR\u00cdCULA &#8211; PRM EM GASTROENTEROLOGIA (23\/01\/2025) 2\u00aa CHAMADA \u2013 CONVOCA\u00c7\u00c3O PARA MATR\u00cdCULA \u2013 PRM EM GASTROENTEROLOGIA (14\/02\/2025) 3\u00aa CHAMADA \u2013 CONVOCA\u00c7\u00c3O PARA MATR\u00cdCULA \u2013 PRM EM GASTROENTEROLOGIA (18\/02\/2025) 4\u00aa CHAMADA \u2013 CONVOCA\u00c7\u00c3O PARA MATR\u00cdCULA \u2013 PRM EM GASTROENTEROLOGIA [&hellip;]<\/p>\n","protected":false},"author":1322,"featured_media":0,"parent":0,"menu_order":0,"comment_status":"closed","ping_status":"closed","template":"","meta":{"footnotes":""},"class_list":["post-368","page","type-page","status-publish","hentry"],"_links":{"self":[{"href":"https:\/\/wp.ufpel.edu.br\/coreme\/wp-json\/wp\/v2\/pages\/368","targetHints":{"allow":["GET"]}}],"collection":[{"href":"https:\/\/wp.ufpel.edu.br\/coreme\/wp-json\/wp\/v2\/pages"}],"about":[{"href":"https:\/\/wp.ufpel.edu.br\/coreme\/wp-json\/wp\/v2\/types\/page"}],"author":[{"embeddable":true,"href":"https:\/\/wp.ufpel.edu.br\/coreme\/wp-json\/wp\/v2\/users\/1322"}],"replies":[{"embeddable":true,"href":"https:\/\/wp.ufpel.edu.br\/coreme\/wp-json\/wp\/v2\/comments?post=368"}],"version-history":[{"count":13,"href":"https:\/\/wp.ufpel.edu.br\/coreme\/wp-json\/wp\/v2\/pages\/368\/revisions"}],"predecessor-version":[{"id":754,"href":"https:\/\/wp.ufpel.edu.br\/coreme\/wp-json\/wp\/v2\/pages\/368\/revisions\/754"}],"wp:attachment":[{"href":"https:\/\/wp.ufpel.edu.br\/coreme\/wp-json\/wp\/v2\/media?parent=368"}],"curies":[{"name":"wp","href":"https:\/\/api.w.org\/{rel}","templated":true}]}}