{"id":261,"date":"2024-09-05T10:30:40","date_gmt":"2024-09-05T13:30:40","guid":{"rendered":"https:\/\/wp.ufpel.edu.br\/coreme\/?page_id=261"},"modified":"2024-12-18T19:08:46","modified_gmt":"2024-12-18T22:08:46","slug":"fase-2","status":"publish","type":"page","link":"https:\/\/wp.ufpel.edu.br\/coreme\/fase-2\/","title":{"rendered":"FASE 2"},"content":{"rendered":"<p><a href=\"https:\/\/wp.ufpel.edu.br\/coreme\/files\/2024\/12\/PRM-EM-CLINICA-MEDICA-CONVOCACAO-N\u00b0-001-FASE-2-1.pdf\">PRM EM CL\u00cdNICA M\u00c9DICA &#8211; CONVOCA\u00c7\u00c3O N\u00b0 001 FASE 2<\/a><\/p>\n<p><a href=\"https:\/\/wp.ufpel.edu.br\/coreme\/files\/2024\/12\/PRM-EM-ENDOCRINOLOGIA-E-METABOLOGIA-CONVOCACAO-002-FASE-2.pdf\">PRM EM ENDOCRINOLOGIA E METABOLOGIA &#8211; CONVOCA\u00c7\u00c3O N\u00b0 002 FASE 2<\/a><\/p>\n<p><a href=\"https:\/\/wp.ufpel.edu.br\/coreme\/files\/2024\/12\/PRM-EM-GASTROENTEROLOGIA-CONVOCACAO-003-FASE-2.pdf\">PRM EM GASTROENTEROLOGIA &#8211; CONVOCA\u00c7\u00c3O N\u00b0 003 FASE 2<\/a><\/p>\n<p><a href=\"https:\/\/wp.ufpel.edu.br\/coreme\/files\/2024\/12\/PRM-EM-GINECOLOGIA-E-OBSTETRICIA-CONVOCACAO-004-FASE-2.pdf\">PRM EM GINECOLOGIA E OBSTETR\u00cdCIA &#8211; CONVOCA\u00c7\u00c3O N\u00b0 004 FASE 2<\/a><\/p>\n<p><a href=\"https:\/\/wp.ufpel.edu.br\/coreme\/files\/2024\/12\/PRM-EM-MEDICINA-DE-FAMILIA-E-COMUNIDADE-CONVOCACAO-005-FASE-2.pdf\">PRM EM MEDICINA DE FAM\u00cdLIA E COMUNIDADE &#8211; CONVOCA\u00c7\u00c3O N\u00b0 005 FASE 2<\/a><\/p>\n<p><a href=\"https:\/\/wp.ufpel.edu.br\/coreme\/files\/2024\/12\/PRM-EM-PEDIATRIA-CONVOCACAO-006-FASE-2.pdf\">PRM EM PEDIATRIA &#8211; CONVOCA\u00c7\u00c3O N\u00b0 006 FASE 2<\/a><\/p>\n<p><a href=\"https:\/\/wp.ufpel.edu.br\/coreme\/files\/2024\/12\/PRM-EM-PSIQUIATRIA-CONVOCACAO-007-FASE-2.pdf\">PRM EM PSIQUIATRIA &#8211; CONVOCA\u00c7\u00c3O N\u00b0 007 FASE 2<\/a><\/p>\n","protected":false},"excerpt":{"rendered":"<p>PRM EM CL\u00cdNICA M\u00c9DICA &#8211; CONVOCA\u00c7\u00c3O N\u00b0 001 FASE 2 PRM EM ENDOCRINOLOGIA E METABOLOGIA &#8211; CONVOCA\u00c7\u00c3O N\u00b0 002 FASE 2 PRM EM GASTROENTEROLOGIA &#8211; CONVOCA\u00c7\u00c3O N\u00b0 003 FASE 2 PRM EM GINECOLOGIA E OBSTETR\u00cdCIA &#8211; CONVOCA\u00c7\u00c3O N\u00b0 004 FASE 2 PRM EM MEDICINA DE FAM\u00cdLIA E COMUNIDADE &#8211; CONVOCA\u00c7\u00c3O N\u00b0 005 FASE 2 PRM [&hellip;]<\/p>\n","protected":false},"author":1322,"featured_media":0,"parent":0,"menu_order":0,"comment_status":"closed","ping_status":"closed","template":"","meta":{"footnotes":""},"class_list":["post-261","page","type-page","status-publish","hentry"],"_links":{"self":[{"href":"https:\/\/wp.ufpel.edu.br\/coreme\/wp-json\/wp\/v2\/pages\/261","targetHints":{"allow":["GET"]}}],"collection":[{"href":"https:\/\/wp.ufpel.edu.br\/coreme\/wp-json\/wp\/v2\/pages"}],"about":[{"href":"https:\/\/wp.ufpel.edu.br\/coreme\/wp-json\/wp\/v2\/types\/page"}],"author":[{"embeddable":true,"href":"https:\/\/wp.ufpel.edu.br\/coreme\/wp-json\/wp\/v2\/users\/1322"}],"replies":[{"embeddable":true,"href":"https:\/\/wp.ufpel.edu.br\/coreme\/wp-json\/wp\/v2\/comments?post=261"}],"version-history":[{"count":5,"href":"https:\/\/wp.ufpel.edu.br\/coreme\/wp-json\/wp\/v2\/pages\/261\/revisions"}],"predecessor-version":[{"id":339,"href":"https:\/\/wp.ufpel.edu.br\/coreme\/wp-json\/wp\/v2\/pages\/261\/revisions\/339"}],"wp:attachment":[{"href":"https:\/\/wp.ufpel.edu.br\/coreme\/wp-json\/wp\/v2\/media?parent=261"}],"curies":[{"name":"wp","href":"https:\/\/api.w.org\/{rel}","templated":true}]}}