{"id":242,"date":"2024-09-03T10:24:25","date_gmt":"2024-09-03T13:24:25","guid":{"rendered":"https:\/\/wp.ufpel.edu.br\/coreme\/?page_id=242"},"modified":"2026-03-23T10:01:34","modified_gmt":"2026-03-23T13:01:34","slug":"formularios-e-declaracoes","status":"publish","type":"page","link":"https:\/\/wp.ufpel.edu.br\/coreme\/formularios-e-declaracoes\/","title":{"rendered":"FORMUL\u00c1RIOS E DECLARA\u00c7\u00d5ES"},"content":{"rendered":"<p><a href=\"https:\/\/wp.ufpel.edu.br\/coreme\/files\/2026\/03\/DECLARACAO-DE-MORADIA-2026-4.pdf\">DECLARA\u00c7\u00c3O DE MORADIA<\/a><\/p>\n<p><a href=\"https:\/\/wp.ufpel.edu.br\/coreme\/files\/2025\/12\/TERMO-DE-DESISTENCIA-1.pdf\">TERMO DE DESIST\u00caNCIA<\/a><\/p>\n<p><a href=\"https:\/\/wp.ufpel.edu.br\/coreme\/files\/2025\/12\/TERMO-DE-ADIAMENTO-PARA-SERVICO-MILITAR-2.pdf\">TERMO DE ADIAMENTO PARA SERVI\u00c7O MILITAR<\/a><\/p>\n","protected":false},"excerpt":{"rendered":"<p>DECLARA\u00c7\u00c3O DE MORADIA TERMO DE DESIST\u00caNCIA TERMO DE ADIAMENTO PARA SERVI\u00c7O MILITAR<\/p>\n","protected":false},"author":1322,"featured_media":0,"parent":0,"menu_order":0,"comment_status":"closed","ping_status":"closed","template":"","meta":{"footnotes":""},"class_list":["post-242","page","type-page","status-publish","hentry"],"_links":{"self":[{"href":"https:\/\/wp.ufpel.edu.br\/coreme\/wp-json\/wp\/v2\/pages\/242","targetHints":{"allow":["GET"]}}],"collection":[{"href":"https:\/\/wp.ufpel.edu.br\/coreme\/wp-json\/wp\/v2\/pages"}],"about":[{"href":"https:\/\/wp.ufpel.edu.br\/coreme\/wp-json\/wp\/v2\/types\/page"}],"author":[{"embeddable":true,"href":"https:\/\/wp.ufpel.edu.br\/coreme\/wp-json\/wp\/v2\/users\/1322"}],"replies":[{"embeddable":true,"href":"https:\/\/wp.ufpel.edu.br\/coreme\/wp-json\/wp\/v2\/comments?post=242"}],"version-history":[{"count":4,"href":"https:\/\/wp.ufpel.edu.br\/coreme\/wp-json\/wp\/v2\/pages\/242\/revisions"}],"predecessor-version":[{"id":1373,"href":"https:\/\/wp.ufpel.edu.br\/coreme\/wp-json\/wp\/v2\/pages\/242\/revisions\/1373"}],"wp:attachment":[{"href":"https:\/\/wp.ufpel.edu.br\/coreme\/wp-json\/wp\/v2\/media?parent=242"}],"curies":[{"name":"wp","href":"https:\/\/api.w.org\/{rel}","templated":true}]}}