{"id":220,"date":"2024-09-03T09:55:55","date_gmt":"2024-09-03T12:55:55","guid":{"rendered":"https:\/\/wp.ufpel.edu.br\/coreme\/?page_id=220"},"modified":"2024-09-05T14:15:49","modified_gmt":"2024-09-05T17:15:49","slug":"contatos","status":"publish","type":"page","link":"https:\/\/wp.ufpel.edu.br\/coreme\/contatos\/","title":{"rendered":"CONTATOS"},"content":{"rendered":"<p><strong>Comiss\u00e3o de Resid\u00eancia M\u00e9dica<\/strong><\/p>\n<p>E-mail: coreme@ufpel.edu.br<\/p>\n<p>Telefone: (53) 3284-4102<\/p>\n","protected":false},"excerpt":{"rendered":"<p>Comiss\u00e3o de Resid\u00eancia M\u00e9dica E-mail: coreme@ufpel.edu.br Telefone: (53) 3284-4102<\/p>\n","protected":false},"author":1322,"featured_media":0,"parent":0,"menu_order":0,"comment_status":"closed","ping_status":"closed","template":"","meta":{"footnotes":""},"class_list":["post-220","page","type-page","status-publish","hentry"],"_links":{"self":[{"href":"https:\/\/wp.ufpel.edu.br\/coreme\/wp-json\/wp\/v2\/pages\/220","targetHints":{"allow":["GET"]}}],"collection":[{"href":"https:\/\/wp.ufpel.edu.br\/coreme\/wp-json\/wp\/v2\/pages"}],"about":[{"href":"https:\/\/wp.ufpel.edu.br\/coreme\/wp-json\/wp\/v2\/types\/page"}],"author":[{"embeddable":true,"href":"https:\/\/wp.ufpel.edu.br\/coreme\/wp-json\/wp\/v2\/users\/1322"}],"replies":[{"embeddable":true,"href":"https:\/\/wp.ufpel.edu.br\/coreme\/wp-json\/wp\/v2\/comments?post=220"}],"version-history":[{"count":2,"href":"https:\/\/wp.ufpel.edu.br\/coreme\/wp-json\/wp\/v2\/pages\/220\/revisions"}],"predecessor-version":[{"id":279,"href":"https:\/\/wp.ufpel.edu.br\/coreme\/wp-json\/wp\/v2\/pages\/220\/revisions\/279"}],"wp:attachment":[{"href":"https:\/\/wp.ufpel.edu.br\/coreme\/wp-json\/wp\/v2\/media?parent=220"}],"curies":[{"name":"wp","href":"https:\/\/api.w.org\/{rel}","templated":true}]}}