{"id":1182,"date":"2026-02-03T14:41:20","date_gmt":"2026-02-03T17:41:20","guid":{"rendered":"https:\/\/wp.ufpel.edu.br\/coreme\/?page_id=1182"},"modified":"2026-03-02T10:19:27","modified_gmt":"2026-03-02T13:19:27","slug":"edital","status":"publish","type":"page","link":"https:\/\/wp.ufpel.edu.br\/coreme\/edital\/","title":{"rendered":"EDITAL N\u00b0 09\/2026"},"content":{"rendered":"<p><a href=\"https:\/\/wp.ufpel.edu.br\/coreme\/files\/2026\/03\/2a-CHAMADA-CIRURGIA-GERAL-1.pdf\">2\u00aa CHAMADA &#8211; CIRURGIA GERAL<\/a><\/p>\n<p><a href=\"https:\/\/wp.ufpel.edu.br\/coreme\/files\/2026\/02\/1a-CHAMADA-CIRURGIA-GERAL.pdf\">1\u00aa CHAMADA &#8211; CIRURGIA GERAL<\/a><\/p>\n<hr \/>\n<p><a href=\"https:\/\/wp.ufpel.edu.br\/coreme\/files\/2026\/02\/CLASSIFICAC\u0327A\u0303O-FINAL-CIRURGIA-GERAL.pdf\">CLASSIFICAC\u0327A\u0303O FINAL &#8211; CIRURGIA GERAL<\/a><\/p>\n<p><a href=\"https:\/\/wp.ufpel.edu.br\/coreme\/files\/2026\/02\/CLASSIFICACAO-PRELIMINAR-CIRURGIA-GERAL.pdf\">CLASSIFICA\u00c7\u00c3O PRELIMINAR<\/a><\/p>\n<hr \/>\n<p><a href=\"https:\/\/wp.ufpel.edu.br\/coreme\/files\/2026\/02\/GABARITO-PROVA-OBJETIVA-RETIFICADO.pdf\">GABARITO PROVA OBJETIVA RETIFICADO<\/a><\/p>\n<p><a href=\"https:\/\/wp.ufpel.edu.br\/coreme\/files\/2026\/02\/GABARITO-PROVA-OBJETIVA.pdf\">GABARITO PROVA OBJETIVA<\/a><\/p>\n<hr \/>\n<p><a href=\"https:\/\/wp.ufpel.edu.br\/coreme\/files\/2026\/02\/INSCRICOES-HOMOLOGADAS-\u2013-LISTAGEM-FINAL.pdf\">INSCRI\u00c7\u00d5ES HOMOLOGADAS \u2013 LISTAGEM FINAL<\/a><\/p>\n<p><a href=\"https:\/\/wp.ufpel.edu.br\/coreme\/files\/2026\/02\/INSCRICOES-HOMOLOGADAS-\u2013-LISTAGEM-PRELIMINAR-1.pdf\">INSCRI\u00c7\u00d5ES HOMOLOGADAS \u2013 LISTAGEM PRELIMINAR<\/a><\/p>\n<hr \/>\n<p><a href=\"https:\/\/wp.ufpel.edu.br\/coreme\/files\/2026\/02\/Edital-n\u00b0-09-2025.pdf\">Edital n\u00b0 09\/2026<\/a><\/p>\n","protected":false},"excerpt":{"rendered":"<p>2\u00aa CHAMADA &#8211; CIRURGIA GERAL 1\u00aa CHAMADA &#8211; CIRURGIA GERAL CLASSIFICAC\u0327A\u0303O FINAL &#8211; CIRURGIA GERAL CLASSIFICA\u00c7\u00c3O PRELIMINAR GABARITO PROVA OBJETIVA RETIFICADO GABARITO PROVA OBJETIVA INSCRI\u00c7\u00d5ES HOMOLOGADAS \u2013 LISTAGEM FINAL INSCRI\u00c7\u00d5ES HOMOLOGADAS \u2013 LISTAGEM PRELIMINAR Edital n\u00b0 09\/2026<\/p>\n","protected":false},"author":1322,"featured_media":0,"parent":0,"menu_order":0,"comment_status":"closed","ping_status":"closed","template":"","meta":{"footnotes":""},"class_list":["post-1182","page","type-page","status-publish","hentry"],"_links":{"self":[{"href":"https:\/\/wp.ufpel.edu.br\/coreme\/wp-json\/wp\/v2\/pages\/1182","targetHints":{"allow":["GET"]}}],"collection":[{"href":"https:\/\/wp.ufpel.edu.br\/coreme\/wp-json\/wp\/v2\/pages"}],"about":[{"href":"https:\/\/wp.ufpel.edu.br\/coreme\/wp-json\/wp\/v2\/types\/page"}],"author":[{"embeddable":true,"href":"https:\/\/wp.ufpel.edu.br\/coreme\/wp-json\/wp\/v2\/users\/1322"}],"replies":[{"embeddable":true,"href":"https:\/\/wp.ufpel.edu.br\/coreme\/wp-json\/wp\/v2\/comments?post=1182"}],"version-history":[{"count":4,"href":"https:\/\/wp.ufpel.edu.br\/coreme\/wp-json\/wp\/v2\/pages\/1182\/revisions"}],"predecessor-version":[{"id":1323,"href":"https:\/\/wp.ufpel.edu.br\/coreme\/wp-json\/wp\/v2\/pages\/1182\/revisions\/1323"}],"wp:attachment":[{"href":"https:\/\/wp.ufpel.edu.br\/coreme\/wp-json\/wp\/v2\/media?parent=1182"}],"curies":[{"name":"wp","href":"https:\/\/api.w.org\/{rel}","templated":true}]}}