{"id":1154,"date":"2026-01-28T10:46:17","date_gmt":"2026-01-28T13:46:17","guid":{"rendered":"https:\/\/wp.ufpel.edu.br\/coreme\/?page_id=1154"},"modified":"2026-02-06T10:42:13","modified_gmt":"2026-02-06T13:42:13","slug":"pediatria-5","status":"publish","type":"page","link":"https:\/\/wp.ufpel.edu.br\/coreme\/pediatria-5\/","title":{"rendered":"PEDIATRIA"},"content":{"rendered":"<p><a href=\"https:\/\/wp.ufpel.edu.br\/coreme\/files\/2026\/02\/1a-CHAMADA-2.pdf\">1\u00aa CHAMADA \u2013 CONVOCA\u00c7\u00c3O PARA MATR\u00cdCULA ENARE \u2013 PRM EM PEDIATRIA<\/a><\/p>\n","protected":false},"excerpt":{"rendered":"<p>1\u00aa CHAMADA \u2013 CONVOCA\u00c7\u00c3O PARA MATR\u00cdCULA ENARE \u2013 PRM EM PEDIATRIA<\/p>\n","protected":false},"author":1322,"featured_media":0,"parent":0,"menu_order":0,"comment_status":"closed","ping_status":"closed","template":"","meta":{"footnotes":""},"class_list":["post-1154","page","type-page","status-publish","hentry"],"_links":{"self":[{"href":"https:\/\/wp.ufpel.edu.br\/coreme\/wp-json\/wp\/v2\/pages\/1154","targetHints":{"allow":["GET"]}}],"collection":[{"href":"https:\/\/wp.ufpel.edu.br\/coreme\/wp-json\/wp\/v2\/pages"}],"about":[{"href":"https:\/\/wp.ufpel.edu.br\/coreme\/wp-json\/wp\/v2\/types\/page"}],"author":[{"embeddable":true,"href":"https:\/\/wp.ufpel.edu.br\/coreme\/wp-json\/wp\/v2\/users\/1322"}],"replies":[{"embeddable":true,"href":"https:\/\/wp.ufpel.edu.br\/coreme\/wp-json\/wp\/v2\/comments?post=1154"}],"version-history":[{"count":2,"href":"https:\/\/wp.ufpel.edu.br\/coreme\/wp-json\/wp\/v2\/pages\/1154\/revisions"}],"predecessor-version":[{"id":1220,"href":"https:\/\/wp.ufpel.edu.br\/coreme\/wp-json\/wp\/v2\/pages\/1154\/revisions\/1220"}],"wp:attachment":[{"href":"https:\/\/wp.ufpel.edu.br\/coreme\/wp-json\/wp\/v2\/media?parent=1154"}],"curies":[{"name":"wp","href":"https:\/\/api.w.org\/{rel}","templated":true}]}}