{"id":114,"date":"2024-08-20T11:49:08","date_gmt":"2024-08-20T14:49:08","guid":{"rendered":"https:\/\/wp.ufpel.edu.br\/coreme\/?page_id=114"},"modified":"2025-02-05T10:39:56","modified_gmt":"2025-02-05T13:39:56","slug":"2024-enare","status":"publish","type":"page","link":"https:\/\/wp.ufpel.edu.br\/coreme\/editais\/2024-2\/2024-enare\/","title":{"rendered":"ENARE"},"content":{"rendered":"<p>Candidato,<\/p>\n<p>As convoca\u00e7\u00f5es para matr\u00edculas do Exame Nacional de Resid\u00eancia (ENARE) come\u00e7ar\u00e3o em <strong>05 de fevereiro de 2025<\/strong>.<\/p>\n<p>Fique atento \u00e0s publica\u00e7\u00f5es, as chamadas ser\u00e3o publicadas neste site, mais especificadamente no menu em &#8220;PROCESSO SELETIVO &gt; 2024 &gt; ENARE &gt; CONVOCA\u00c7\u00d5ES PARA MATR\u00cdCULA&#8221;, ou clicando <span style=\"color: #5256bf;\"><a style=\"color: #5256bf;\" href=\"https:\/\/wp.ufpel.edu.br\/coreme\/convocacoes-para-matriculas\/\">aqui<\/a><\/span>.<\/p>\n<p>As convoca\u00e7\u00f5es de suplentes acontecer\u00e3o ao fim do per\u00edodo estipulado para matr\u00edcula, quando os convocados n\u00e3o se matricularem, ou a qualquer tempo, caso os convocados encaminhem termo de desist\u00eancia.<\/p>\n<p>Para mais informa\u00e7\u00f5es acesse o <span style=\"color: #5256bf;\"><a style=\"color: #5256bf;\" href=\"https:\/\/enare-ebserh.conhecimento.fgv.br\/Documento\/BaixarArquivoByID?id=3923\">Edital de Informa\u00e7\u00f5es para Mat\u00edculas ENARE<\/a><\/span>, e acompanhe as atualiza\u00e7\u00f5es nas p\u00e1ginas da COREME e do ENARE.<\/p>\n<hr \/>\n<p><a href=\"https:\/\/wp.ufpel.edu.br\/coreme\/files\/2025\/02\/INFORMACOES-DE-MATRICULA-ENARE-2024-2025.pdf\">INFORMA\u00c7\u00d5ES DE MATR\u00cdCULA ENARE &#8211; EDITAL N\u00ba 03\/2024 &#8211; RESID\u00caNCIA M\u00c9DICA<\/a><\/p>\n<hr \/>\n<p>A sele\u00e7\u00e3o para vagas nos Programas de Resid\u00eancia em M\u00e9dica (PRMs) em Cl\u00ednica M\u00e9dica, Ginecologia e Obstetr\u00edcia, Neonatologia e Pediatria, com in\u00edcio em 1\u00b0 de mar\u00e7o de 2025, ser\u00e1 realizada pelo Exame Nacional de Resid\u00eancia (ENARE). As vagas est\u00e3o distribu\u00eddas conforme tabela abaixo:<\/p>\n<table class=\"aligncenter\" style=\"height: 139px; width: 592px;\" border=\"1\" cellspacing=\"0\" cellpadding=\"0\">\n<thead>\n<tr style=\"height: 30px; border-style: groove; background-color: #edf1f2;\">\n<th style=\"width: 249.091px; height: 34px; vertical-align: middle; text-align: center;\" scope=\"row\"><strong>PRM<\/strong><\/th>\n<th style=\"width: 109.503px; height: 34px; vertical-align: middle; text-align: center;\"><strong>Dura\u00e7\u00e3o<\/strong><\/th>\n<th style=\"width: 226.108px; height: 34px; vertical-align: middle; text-align: center;\"><strong>N<sup>o<\/sup> de Vagas<\/strong><\/th>\n<\/tr>\n<\/thead>\n<tbody>\n<tr style=\"height: 23px;\">\n<td style=\"width: 249.091px; text-align: center; height: 23px;\">Cl\u00ednica M\u00e9dica<\/td>\n<td style=\"width: 109.503px; text-align: center; height: 23px;\">02 anos<\/td>\n<td style=\"width: 226.108px; text-align: center; height: 23px;\">01<\/td>\n<\/tr>\n<tr style=\"height: 23px;\">\n<td style=\"width: 249.091px; text-align: center; height: 23px;\">Ginecologia e Obstetr\u00edcia<\/td>\n<td style=\"width: 109.503px; text-align: center; height: 23px;\">03 anos<\/td>\n<td style=\"width: 226.108px; text-align: center; height: 23px;\">01<\/td>\n<\/tr>\n<tr style=\"height: 23px;\">\n<td style=\"width: 249.091px; text-align: center; height: 23px;\">Neonatologia<\/td>\n<td style=\"width: 109.503px; text-align: center; height: 23px;\">02 anos<\/td>\n<td style=\"width: 226.108px; text-align: center; height: 23px;\">02<\/td>\n<\/tr>\n<tr style=\"height: 23px;\">\n<td style=\"width: 249.091px; text-align: center; height: 23px;\">Pediatria<\/td>\n<td style=\"width: 109.503px; text-align: center; height: 23px;\">03 anos<\/td>\n<td style=\"width: 226.108px; text-align: center; height: 23px;\">01<\/td>\n<\/tr>\n<\/tbody>\n<\/table>\n<p>Para consultar o Edital, <a href=\"https:\/\/www.gov.br\/ebserh\/pt-br\/ensino-e-pesquisa\/exame-nacional-de-residencia-enare\/anexos-residencia-medica\/EDITAL_01_ENARE_24_25_RES_MEDICA_02.08.24.pdf\">clique aqui<\/a>.<\/p>\n<p>Mais informa\u00e7\u00f5es podem ser encontradas no <em>site\u00a0<\/em>do <a href=\"https:\/\/www.gov.br\/ebserh\/pt-br\/ensino-e-pesquisa\/exame-nacional-de-residencia-enare\">ENARE<\/a> ou pelo e-mail <a class=\"email-link\" title=\"\" href=\"mailto:exame.enare@fgv.br\" target=\"_self\" rel=\"noopener\" data-tippreview-enabled=\"false\" data-tippreview-image=\"\" data-tippreview-title=\"\">exame.enare@fgv.br<\/a>.<\/p>\n","protected":false},"excerpt":{"rendered":"<p>Candidato, As convoca\u00e7\u00f5es para matr\u00edculas do Exame Nacional de Resid\u00eancia (ENARE) come\u00e7ar\u00e3o em 05 de fevereiro de 2025. Fique atento \u00e0s publica\u00e7\u00f5es, as chamadas ser\u00e3o publicadas neste site, mais especificadamente no menu em &#8220;PROCESSO SELETIVO &gt; 2024 &gt; ENARE &gt; CONVOCA\u00c7\u00d5ES PARA MATR\u00cdCULA&#8221;, ou clicando aqui. As convoca\u00e7\u00f5es de suplentes acontecer\u00e3o ao fim do per\u00edodo [&hellip;]<\/p>\n","protected":false},"author":1322,"featured_media":0,"parent":127,"menu_order":0,"comment_status":"closed","ping_status":"closed","template":"","meta":{"footnotes":""},"class_list":["post-114","page","type-page","status-publish","hentry"],"_links":{"self":[{"href":"https:\/\/wp.ufpel.edu.br\/coreme\/wp-json\/wp\/v2\/pages\/114","targetHints":{"allow":["GET"]}}],"collection":[{"href":"https:\/\/wp.ufpel.edu.br\/coreme\/wp-json\/wp\/v2\/pages"}],"about":[{"href":"https:\/\/wp.ufpel.edu.br\/coreme\/wp-json\/wp\/v2\/types\/page"}],"author":[{"embeddable":true,"href":"https:\/\/wp.ufpel.edu.br\/coreme\/wp-json\/wp\/v2\/users\/1322"}],"replies":[{"embeddable":true,"href":"https:\/\/wp.ufpel.edu.br\/coreme\/wp-json\/wp\/v2\/comments?post=114"}],"version-history":[{"count":16,"href":"https:\/\/wp.ufpel.edu.br\/coreme\/wp-json\/wp\/v2\/pages\/114\/revisions"}],"predecessor-version":[{"id":642,"href":"https:\/\/wp.ufpel.edu.br\/coreme\/wp-json\/wp\/v2\/pages\/114\/revisions\/642"}],"up":[{"embeddable":true,"href":"https:\/\/wp.ufpel.edu.br\/coreme\/wp-json\/wp\/v2\/pages\/127"}],"wp:attachment":[{"href":"https:\/\/wp.ufpel.edu.br\/coreme\/wp-json\/wp\/v2\/media?parent=114"}],"curies":[{"name":"wp","href":"https:\/\/api.w.org\/{rel}","templated":true}]}}