{"id":107,"date":"2024-08-20T11:45:15","date_gmt":"2024-08-20T14:45:15","guid":{"rendered":"https:\/\/wp.ufpel.edu.br\/coreme\/?page_id=107"},"modified":"2024-08-20T11:47:50","modified_gmt":"2024-08-20T14:47:50","slug":"2023-2","status":"publish","type":"page","link":"https:\/\/wp.ufpel.edu.br\/coreme\/editais\/2023-2\/","title":{"rendered":"2023"},"content":{"rendered":"<h1 class=\"corTexto\"><a href=\"https:\/\/wp.ufpel.edu.br\/coreme\/2023\/10\/16\/inscricoes-abertas-para-o-processo-seletivo-para-residencia-medica\/\">INSCRI\u00c7\u00d5ES ABERTAS PARA O PROCESSO SELETIVO PARA RESID\u00caNCIA M\u00c9DICA<\/a><\/h1>\n<p><time datetime=\"2023-10-16T15:53:45-03:00\">16 de outubro de 2023<\/time><\/p>\n<p>Est\u00e3o abertas, at\u00e9 o dia 23 de outubro de 2023, as inscri\u00e7\u00f5es para o Processo Seletivo para os Programas de Resid\u00eancia M\u00e9dica da Faculdade de Medicina da Universidade Federal de Pelotas, com in\u00edcio em mar\u00e7o de 2024.<\/p>\n<p>S\u00e3o 52 vagas, em 8 Programas de Resid\u00eancia M\u00e9dica, sendo eles:<\/p>\n<ul>\n<li>Cl\u00ednica M\u00e9dica<\/li>\n<li>Endocrinologia e Metabologia<\/li>\n<li>Gastroenterologia<\/li>\n<li>Ginecologia e Obstetr\u00edcia<\/li>\n<li>Medicina de Fam\u00edlia e Comunidade<\/li>\n<li>Neonatologia<\/li>\n<li>Pediatria<\/li>\n<li>Psiquiatria<\/li>\n<\/ul>\n<p>Os interessados dever\u00e3o acessar o Edital do processo seletivo, pelo\u00a0<a href=\"https:\/\/www.amrigs.org.br\/\">site<\/a>\u00a0da Associa\u00e7\u00e3o M\u00e9dica do Rio Grande do Sul (AMRGS), respons\u00e1vel pela prova, para realizar a inscri\u00e7\u00e3o.<\/p>\n<p>Mais informa\u00e7\u00f5es s\u00e3o encontradas nos sites da AMRIGS e no\u00a0<a href=\"https:\/\/www.gov.br\/ebserh\/pt-br\/hospitais-universitarios\/regiao-sul\/he-ufpel\/ensino-e-pesquisa\/atividades-de-pos-graduacao-residencia\/coreme-comissao-de-residencia-medica\/processos-seletivos\/processo-seletivo-2023-ingresso-2024\">edital<\/a>\u00a0da Comiss\u00e3o de Resid\u00eancia M\u00e9dica.<\/p>\n<p><img src=\"https:\/\/wp.ufpel.edu.br\/coreme\/files\/2023\/10\/PROCESSO-SELETIVO-quadrado-1-1-1024x921.png\" \/><\/p>\n<p><img src=\"https:\/\/wp.ufpel.edu.br\/coreme\/files\/2023\/10\/PROCESSO-SELETIVO-quadrado-2-1-1024x919.png\" \/><\/p>\n<p><img src=\"https:\/\/wp.ufpel.edu.br\/coreme\/files\/2023\/10\/PROCESSO-SELETIVO-quadrado-3-1-1024x1024.png\" \/><\/p>\n","protected":false},"excerpt":{"rendered":"<p>INSCRI\u00c7\u00d5ES ABERTAS PARA O PROCESSO SELETIVO PARA RESID\u00caNCIA M\u00c9DICA 16 de outubro de 2023 Est\u00e3o abertas, at\u00e9 o dia 23 de outubro de 2023, as inscri\u00e7\u00f5es para o Processo Seletivo para os Programas de Resid\u00eancia M\u00e9dica da Faculdade de Medicina da Universidade Federal de Pelotas, com in\u00edcio em mar\u00e7o de 2024. S\u00e3o 52 vagas, em [&hellip;]<\/p>\n","protected":false},"author":1322,"featured_media":0,"parent":99,"menu_order":0,"comment_status":"closed","ping_status":"closed","template":"","meta":{"footnotes":""},"class_list":["post-107","page","type-page","status-publish","hentry"],"_links":{"self":[{"href":"https:\/\/wp.ufpel.edu.br\/coreme\/wp-json\/wp\/v2\/pages\/107","targetHints":{"allow":["GET"]}}],"collection":[{"href":"https:\/\/wp.ufpel.edu.br\/coreme\/wp-json\/wp\/v2\/pages"}],"about":[{"href":"https:\/\/wp.ufpel.edu.br\/coreme\/wp-json\/wp\/v2\/types\/page"}],"author":[{"embeddable":true,"href":"https:\/\/wp.ufpel.edu.br\/coreme\/wp-json\/wp\/v2\/users\/1322"}],"replies":[{"embeddable":true,"href":"https:\/\/wp.ufpel.edu.br\/coreme\/wp-json\/wp\/v2\/comments?post=107"}],"version-history":[{"count":5,"href":"https:\/\/wp.ufpel.edu.br\/coreme\/wp-json\/wp\/v2\/pages\/107\/revisions"}],"predecessor-version":[{"id":113,"href":"https:\/\/wp.ufpel.edu.br\/coreme\/wp-json\/wp\/v2\/pages\/107\/revisions\/113"}],"up":[{"embeddable":true,"href":"https:\/\/wp.ufpel.edu.br\/coreme\/wp-json\/wp\/v2\/pages\/99"}],"wp:attachment":[{"href":"https:\/\/wp.ufpel.edu.br\/coreme\/wp-json\/wp\/v2\/media?parent=107"}],"curies":[{"name":"wp","href":"https:\/\/api.w.org\/{rel}","templated":true}]}}