{"id":1028,"date":"2026-01-15T09:57:39","date_gmt":"2026-01-15T12:57:39","guid":{"rendered":"https:\/\/wp.ufpel.edu.br\/coreme\/?page_id=1028"},"modified":"2026-02-27T09:59:47","modified_gmt":"2026-02-27T12:59:47","slug":"psiquiatria-2","status":"publish","type":"page","link":"https:\/\/wp.ufpel.edu.br\/coreme\/psiquiatria-2\/","title":{"rendered":"PSIQUIATRIA"},"content":{"rendered":"<p><a href=\"https:\/\/wp.ufpel.edu.br\/coreme\/files\/2026\/01\/CLASSI1-4.pdf\">CLASSIFICA\u00c7\u00c3O PRELIMINAR &#8211; PRM EM PSIQUIATRIA<\/a><\/p>\n<p><a href=\"https:\/\/wp.ufpel.edu.br\/coreme\/files\/2026\/01\/RETIFICACAO.pdf\">1\u00aa RETIFICA\u00c7\u00c3O CLASSIFICA\u00c7\u00c3O PRELIMINAR \u2013 PRM EM PSIQUIATRIA<\/a><\/p>\n<p><a href=\"https:\/\/wp.ufpel.edu.br\/coreme\/files\/2026\/01\/CLASSIFICACAO-FINAL-PRM-EM-PSIQUIATRIA.pdf\">CLASSIFICA\u00c7\u00c3O FINAL &#8211; PRM EM PSIQUIATRIA<\/a><\/p>\n<p><a href=\"https:\/\/wp.ufpel.edu.br\/coreme\/files\/2026\/01\/1a-CHAMADA-\u2013-CONVOCACAO-PARA-MATRICULA-\u2013-PRM-EM-PSIQUIATRIA.pdf\">1\u00aa CHAMADA \u2013 CONVOCA\u00c7\u00c3O PARA MATR\u00cdCULA \u2013 PRM EM PSIQUIATRIA<\/a><\/p>\n<p><a href=\"https:\/\/wp.ufpel.edu.br\/coreme\/files\/2026\/01\/2a-CHAMADA-\u2013-CONVOCACAO-PARA-MATRICULA-\u2013-PRM-EM-PSIQUIATRIA.pdf\">2\u00aa CHAMADA \u2013 CONVOCA\u00c7\u00c3O PARA MATR\u00cdCULA \u2013 PRM EM PSIQUIATRIA<\/a><\/p>\n<p><a href=\"https:\/\/wp.ufpel.edu.br\/coreme\/files\/2026\/01\/3a-CHAMADA-\u2013-CONVOCACAO-PARA-MATRICULA-\u2013-PRM-EM-PSIQUIATRIA.pdf\">3\u00aa CHAMADA \u2013 CONVOCA\u00c7\u00c3O PARA MATR\u00cdCULA \u2013 PRM EM PSIQUIATRIA<\/a><\/p>\n<p><a href=\"https:\/\/wp.ufpel.edu.br\/coreme\/files\/2026\/02\/4a-CHAMADA-\u2013-CONVOCACAO-PARA-MATRICULA-\u2013-PRM-EM-PSIQUIATRIA.pdf\">4\u00aa CHAMADA \u2013 CONVOCA\u00c7\u00c3O PARA MATR\u00cdCULA \u2013 PRM EM PSIQUIATRIA<\/a><\/p>\n<p><a href=\"https:\/\/wp.ufpel.edu.br\/coreme\/files\/2026\/02\/5a-CHAMADA-\u2013-CONVOCACAO-PARA-MATRICULA-\u2013-PRM-EM-PSIQUIATRIA-2.pdf\">5\u00aa CHAMADA \u2013 CONVOCA\u00c7\u00c3O PARA MATR\u00cdCULA \u2013 PRM EM PSIQUIATRIA<\/a><\/p>\n<p><a href=\"https:\/\/wp.ufpel.edu.br\/coreme\/files\/2026\/02\/6a-CHAMADA-\u2013-CONVOCACAO-PARA-MATRICULA-\u2013-PRM-EM-PSIQUIATRIA.pdf\">6\u00aa CHAMADA \u2013 CONVOCA\u00c7\u00c3O PARA MATR\u00cdCULA \u2013 PRM EM PSIQUIATRIA<\/a><\/p>\n<p><a href=\"https:\/\/wp.ufpel.edu.br\/coreme\/files\/2026\/02\/7a-CHAMADA-\u2013-CONVOCACAO-PARA-MATRICULA-\u2013-PRM-EM-PSIQUIATRIA.pdf\">7\u00aa CHAMADA \u2013 CONVOCA\u00c7\u00c3O PARA MATR\u00cdCULA \u2013 PRM EM PSIQUIATRIA<\/a><\/p>\n<p><a href=\"https:\/\/wp.ufpel.edu.br\/coreme\/files\/2026\/02\/8a-CHAMADA-\u2013-CONVOCACAO-PARA-MATRICULA-\u2013-PRM-EM-PSIQUIATRIA.pdf\">8\u00aa CHAMADA \u2013 CONVOCA\u00c7\u00c3O PARA MATR\u00cdCULA \u2013 PRM EM PSIQUIATRIA<\/a><\/p>\n<p><a href=\"https:\/\/wp.ufpel.edu.br\/coreme\/files\/2026\/02\/9a-CHAMADA-\u2013-CONVOCACAO-PARA-MATRICULA-\u2013-PRM-EM-PSIQUIATRIA.pdf\">9\u00aa CHAMADA \u2013 CONVOCA\u00c7\u00c3O PARA MATR\u00cdCULA \u2013 PRM EM PSIQUIATRIA<\/a><\/p>\n<p>&nbsp;<\/p>\n","protected":false},"excerpt":{"rendered":"<p>CLASSIFICA\u00c7\u00c3O PRELIMINAR &#8211; PRM EM PSIQUIATRIA 1\u00aa RETIFICA\u00c7\u00c3O CLASSIFICA\u00c7\u00c3O PRELIMINAR \u2013 PRM EM PSIQUIATRIA CLASSIFICA\u00c7\u00c3O FINAL &#8211; PRM EM PSIQUIATRIA 1\u00aa CHAMADA \u2013 CONVOCA\u00c7\u00c3O PARA MATR\u00cdCULA \u2013 PRM EM PSIQUIATRIA 2\u00aa CHAMADA \u2013 CONVOCA\u00c7\u00c3O PARA MATR\u00cdCULA \u2013 PRM EM PSIQUIATRIA 3\u00aa CHAMADA \u2013 CONVOCA\u00c7\u00c3O PARA MATR\u00cdCULA \u2013 PRM EM PSIQUIATRIA 4\u00aa CHAMADA \u2013 CONVOCA\u00c7\u00c3O PARA [&hellip;]<\/p>\n","protected":false},"author":1322,"featured_media":0,"parent":0,"menu_order":0,"comment_status":"closed","ping_status":"closed","template":"","meta":{"footnotes":""},"class_list":["post-1028","page","type-page","status-publish","hentry"],"_links":{"self":[{"href":"https:\/\/wp.ufpel.edu.br\/coreme\/wp-json\/wp\/v2\/pages\/1028","targetHints":{"allow":["GET"]}}],"collection":[{"href":"https:\/\/wp.ufpel.edu.br\/coreme\/wp-json\/wp\/v2\/pages"}],"about":[{"href":"https:\/\/wp.ufpel.edu.br\/coreme\/wp-json\/wp\/v2\/types\/page"}],"author":[{"embeddable":true,"href":"https:\/\/wp.ufpel.edu.br\/coreme\/wp-json\/wp\/v2\/users\/1322"}],"replies":[{"embeddable":true,"href":"https:\/\/wp.ufpel.edu.br\/coreme\/wp-json\/wp\/v2\/comments?post=1028"}],"version-history":[{"count":4,"href":"https:\/\/wp.ufpel.edu.br\/coreme\/wp-json\/wp\/v2\/pages\/1028\/revisions"}],"predecessor-version":[{"id":1300,"href":"https:\/\/wp.ufpel.edu.br\/coreme\/wp-json\/wp\/v2\/pages\/1028\/revisions\/1300"}],"wp:attachment":[{"href":"https:\/\/wp.ufpel.edu.br\/coreme\/wp-json\/wp\/v2\/media?parent=1028"}],"curies":[{"name":"wp","href":"https:\/\/api.w.org\/{rel}","templated":true}]}}