{"id":1009,"date":"2026-01-15T09:46:45","date_gmt":"2026-01-15T12:46:45","guid":{"rendered":"https:\/\/wp.ufpel.edu.br\/coreme\/?page_id=1009"},"modified":"2026-03-09T14:17:28","modified_gmt":"2026-03-09T17:17:28","slug":"medicina-de-familia-e-comunidade-2","status":"publish","type":"page","link":"https:\/\/wp.ufpel.edu.br\/coreme\/medicina-de-familia-e-comunidade-2\/","title":{"rendered":"MEDICINA DE FAM\u00cdLIA E COMUNIDADE"},"content":{"rendered":"<p><a href=\"https:\/\/wp.ufpel.edu.br\/coreme\/files\/2026\/01\/CLASSI1-3.pdf\">CLASSIFICA\u00c7\u00c3O PRELIMINAR &#8211; PRM EM MEDICINA DE FAM\u00cdLIA E COMUNIDADE<\/a><\/p>\n<p><a href=\"https:\/\/wp.ufpel.edu.br\/coreme\/files\/2026\/01\/CLASSIFICACAO-FINAL-PRM-EM-MFC.pdf\">CLASSIFICA\u00c7\u00c3O FINAL &#8211; PRM EM MEDICINA DE FAM\u00cdLIA E COMUNIDADE<\/a><\/p>\n<p><a href=\"https:\/\/wp.ufpel.edu.br\/coreme\/files\/2026\/01\/1a-CHAMADA-\u2013-CONVOCACAO-PARA-MATR.pdf\">1\u00aa CHAMADA \u2013 CONVOCA\u00c7\u00c3O PARA MATR\u00cdCULA \u2013 PRM EM MEDICINA DE FAM\u00cdLIA E COMUNIDADE<\/a><\/p>\n<p><a href=\"https:\/\/wp.ufpel.edu.br\/coreme\/files\/2026\/01\/2a-CHAMADA-\u2013-CONVOCACAO-PARA-MATR.pdf\">2\u00aa CHAMADA \u2013 CONVOCA\u00c7\u00c3O PARA MATR\u00cdCULA \u2013 PRM EM MEDICINA DE FAM\u00cdLIA E COMUNIDADE<\/a><\/p>\n<p><a href=\"https:\/\/wp.ufpel.edu.br\/coreme\/files\/2026\/01\/3a-CHAMADA-\u2013-CONVOCACAO-PARA-MATR.pdf\">3\u00aa CHAMADA \u2013 CONVOCA\u00c7\u00c3O PARA MATR\u00cdCULA \u2013 PRM EM MEDICINA DE FAM\u00cdLIA E COMUNIDADE<\/a><\/p>\n<p><a href=\"https:\/\/wp.ufpel.edu.br\/coreme\/files\/2026\/02\/4a-CHAMADA-\u2013-CONVOCACAO-PARA-MATR.pdf\">4\u00aa CHAMADA \u2013 CONVOCA\u00c7\u00c3O PARA MATR\u00cdCULA \u2013 PRM EM MEDICINA DE FAM\u00cdLIA E COMUNIDADE<\/a><\/p>\n<p><a href=\"https:\/\/wp.ufpel.edu.br\/coreme\/files\/2026\/02\/5a-CHAMADA-\u2013-CONVOCACAO-PARA-MATR.pdf\">5\u00aa CHAMADA \u2013 CONVOCA\u00c7\u00c3O PARA MATR\u00cdCULA \u2013 PRM EM MEDICINA DE FAM\u00cdLIA E COMUNIDADE<\/a><\/p>\n<p><a href=\"https:\/\/wp.ufpel.edu.br\/coreme\/files\/2026\/02\/6a-CHAMADA-\u2013-CONVOCACAO-PARA-MATR.pdf\">6\u00aa CHAMADA \u2013 CONVOCA\u00c7\u00c3O PARA MATR\u00cdCULA \u2013 PRM EM MEDICINA DE FAM\u00cdLIA E COMUNIDADE<\/a><\/p>\n<p><a href=\"https:\/\/wp.ufpel.edu.br\/coreme\/files\/2026\/02\/7a-CHAMADA-\u2013-CONVOCACAO-PARA-MATR.pdf\">7\u00aa CHAMADA \u2013 CONVOCA\u00c7\u00c3O PARA MATR\u00cdCULA \u2013 PRM EM MEDICINA DE FAM\u00cdLIA E COMUNIDADE<\/a><\/p>\n<p><a href=\"https:\/\/wp.ufpel.edu.br\/coreme\/files\/2026\/02\/8a-CHAMADA-\u2013-CONVOCACAO-PARA-MATR.pdf\">8\u00aa CHAMADA \u2013 CONVOCA\u00c7\u00c3O PARA MATR\u00cdCULA \u2013 PRM EM MEDICINA DE FAM\u00cdLIA E COMUNIDADE<\/a><\/p>\n<p><a href=\"https:\/\/wp.ufpel.edu.br\/coreme\/files\/2026\/02\/9a-CHAMADA-\u2013-CONVOCACAO-PARA-MATR.pdf\">9\u00aa CHAMADA \u2013 CONVOCA\u00c7\u00c3O PARA MATR\u00cdCULA \u2013 PRM EM MEDICINA DE FAM\u00cdLIA E COMUNIDADE<\/a><\/p>\n<p><a href=\"https:\/\/wp.ufpel.edu.br\/coreme\/files\/2026\/03\/10a-CHAMADA-\u2013-CONVOCACAO-PARA-MATR.pdf\">10\u00aa CHAMADA \u2013 CONVOCA\u00c7\u00c3O PARA MATR\u00cdCULA \u2013 PRM EM MEDICINA DE FAM\u00cdLIA E COMUNIDADE<\/a><\/p>\n<p><a href=\"https:\/\/wp.ufpel.edu.br\/coreme\/files\/2026\/03\/11a-CHAMADA-\u2013-CONVOCACAO-PARA-MATR.pdf\">11\u00aa CHAMADA \u2013 CONVOCA\u00c7\u00c3O PARA MATR\u00cdCULA \u2013 PRM EM MEDICINA DE FAM\u00cdLIA E COMUNIDADE<\/a><\/p>\n<p><a href=\"https:\/\/wp.ufpel.edu.br\/coreme\/files\/2026\/03\/12a-CHAMADA-\u2013-CONVOCACAO-PARA-MATR-1.pdf\">12\u00aa CHAMADA \u2013 CONVOCA\u00c7\u00c3O PARA MATR\u00cdCULA \u2013 PRM EM MEDICINA DE FAM\u00cdLIA E COMUNIDADE<\/a><\/p>\n<p><a href=\"https:\/\/wp.ufpel.edu.br\/coreme\/files\/2026\/03\/13a-CHAMADA-\u2013-CONVOCACAO-PARA-MATR.pdf\">13\u00aa CHAMADA \u2013 CONVOCA\u00c7\u00c3O PARA MATR\u00cdCULA \u2013 PRM EM MEDICINA DE FAM\u00cdLIA E COMUNIDADE<\/a><\/p>\n<p><a href=\"https:\/\/wp.ufpel.edu.br\/coreme\/files\/2026\/03\/14a-CHAMADA-\u2013-CONVOCACAO-PARA-MATR.pdf\">14\u00aa CHAMADA \u2013 CONVOCA\u00c7\u00c3O PARA MATR\u00cdCULA \u2013 PRM EM MEDICINA DE FAM\u00cdLIA E COMUNIDADE<\/a><\/p>\n<p><a href=\"https:\/\/wp.ufpel.edu.br\/coreme\/files\/2026\/03\/15a-CHAMADA-\u2013-CONVOCACAO-PARA-MATR.pdf\">15\u00aa CHAMADA \u2013 CONVOCA\u00c7\u00c3O PARA MATR\u00cdCULA \u2013 PRM EM MEDICINA DE FAM\u00cdLIA E COMUNIDADE<\/a><\/p>\n<p><a href=\"https:\/\/wp.ufpel.edu.br\/coreme\/files\/2026\/03\/16a-CHAMADA-\u2013-CONVOCACAO-PARA-MATR.pdf\">16\u00aa CHAMADA \u2013 CONVOCA\u00c7\u00c3O PARA MATR\u00cdCULA \u2013 PRM EM MEDICINA DE FAM\u00cdLIA E COMUNIDADE<\/a><\/p>\n","protected":false},"excerpt":{"rendered":"<p>CLASSIFICA\u00c7\u00c3O PRELIMINAR &#8211; PRM EM MEDICINA DE FAM\u00cdLIA E COMUNIDADE CLASSIFICA\u00c7\u00c3O FINAL &#8211; PRM EM MEDICINA DE FAM\u00cdLIA E COMUNIDADE 1\u00aa CHAMADA \u2013 CONVOCA\u00c7\u00c3O PARA MATR\u00cdCULA \u2013 PRM EM MEDICINA DE FAM\u00cdLIA E COMUNIDADE 2\u00aa CHAMADA \u2013 CONVOCA\u00c7\u00c3O PARA MATR\u00cdCULA \u2013 PRM EM MEDICINA DE FAM\u00cdLIA E COMUNIDADE 3\u00aa CHAMADA \u2013 CONVOCA\u00c7\u00c3O PARA MATR\u00cdCULA \u2013 [&hellip;]<\/p>\n","protected":false},"author":1322,"featured_media":0,"parent":0,"menu_order":0,"comment_status":"closed","ping_status":"closed","template":"","meta":{"footnotes":""},"class_list":["post-1009","page","type-page","status-publish","hentry"],"_links":{"self":[{"href":"https:\/\/wp.ufpel.edu.br\/coreme\/wp-json\/wp\/v2\/pages\/1009","targetHints":{"allow":["GET"]}}],"collection":[{"href":"https:\/\/wp.ufpel.edu.br\/coreme\/wp-json\/wp\/v2\/pages"}],"about":[{"href":"https:\/\/wp.ufpel.edu.br\/coreme\/wp-json\/wp\/v2\/types\/page"}],"author":[{"embeddable":true,"href":"https:\/\/wp.ufpel.edu.br\/coreme\/wp-json\/wp\/v2\/users\/1322"}],"replies":[{"embeddable":true,"href":"https:\/\/wp.ufpel.edu.br\/coreme\/wp-json\/wp\/v2\/comments?post=1009"}],"version-history":[{"count":3,"href":"https:\/\/wp.ufpel.edu.br\/coreme\/wp-json\/wp\/v2\/pages\/1009\/revisions"}],"predecessor-version":[{"id":1357,"href":"https:\/\/wp.ufpel.edu.br\/coreme\/wp-json\/wp\/v2\/pages\/1009\/revisions\/1357"}],"wp:attachment":[{"href":"https:\/\/wp.ufpel.edu.br\/coreme\/wp-json\/wp\/v2\/media?parent=1009"}],"curies":[{"name":"wp","href":"https:\/\/api.w.org\/{rel}","templated":true}]}}