{"id":1005,"date":"2026-01-15T09:45:43","date_gmt":"2026-01-15T12:45:43","guid":{"rendered":"https:\/\/wp.ufpel.edu.br\/coreme\/?page_id=1005"},"modified":"2026-03-02T13:54:52","modified_gmt":"2026-03-02T16:54:52","slug":"ginecologia-e-obstetricia-3","status":"publish","type":"page","link":"https:\/\/wp.ufpel.edu.br\/coreme\/ginecologia-e-obstetricia-3\/","title":{"rendered":"GINECOLOGIA E OBSTETR\u00cdCIA"},"content":{"rendered":"<p><a href=\"https:\/\/wp.ufpel.edu.br\/coreme\/files\/2026\/01\/CLASSI1-2.pdf\">CLASSIFICA\u00c7\u00c3O PRELIMINAR &#8211; PRM EM GINECOLOGIA E OBSTETR\u00cdCIA<\/a><\/p>\n<p><a href=\"https:\/\/wp.ufpel.edu.br\/coreme\/files\/2026\/01\/CLASSI1-6.pdf\">1\u00aa RETIFICA\u00c7\u00c3O CLASSIFICA\u00c7\u00c3O PRELIMINAR \u2013 PRM EM GINECOLOGIA E OBSTETR\u00cdCIA<\/a><\/p>\n<p><a href=\"https:\/\/wp.ufpel.edu.br\/coreme\/files\/2026\/01\/CLASS-FINAL-GINECO.pdf\">CLASSIFICA\u00c7\u00c3O FINAL \u2013 PRM EM GINECOLOGIA E OBSTETR\u00cdCIA<\/a><\/p>\n<p><a href=\"https:\/\/wp.ufpel.edu.br\/coreme\/files\/2026\/01\/1a-CHAMADA-\u2013-CONVOCACAO-PARA-MATRICULA-\u2013-PRM-EM-GINECO.pdf\">1\u00aa CHAMADA \u2013 CONVOCA\u00c7\u00c3O PARA MATR\u00cdCULA \u2013 PRM EM GINECOLOGIA E OBSTETR\u00cdCIA<\/a><\/p>\n<p><a href=\"https:\/\/wp.ufpel.edu.br\/coreme\/files\/2026\/01\/2a-CHAMADA-\u2013-CONVOCACAO-PARA-MATRICULA-\u2013-PRM-EM-GINECO.pdf\">2\u00aa CHAMADA \u2013 CONVOCA\u00c7\u00c3O PARA MATR\u00cdCULA \u2013 PRM EM GINECOLOGIA E OBSTETR\u00cdCIA<\/a><\/p>\n<p><a href=\"https:\/\/wp.ufpel.edu.br\/coreme\/files\/2026\/01\/3a-CHAMADA-\u2013-CONVOCACAO-PARA-MATRICULA-\u2013-PRM-EM-GINECO.pdf\">3\u00aa CHAMADA \u2013 CONVOCA\u00c7\u00c3O PARA MATR\u00cdCULA \u2013 PRM EM GINECOLOGIA E OBSTETR\u00cdCIA<\/a><\/p>\n<p><a href=\"https:\/\/wp.ufpel.edu.br\/coreme\/files\/2026\/02\/4a-CHAMADA-\u2013-CONVOCACAO-PARA-MATRICULA.pdf\">4\u00aa CHAMADA \u2013 CONVOCA\u00c7\u00c3O PARA MATR\u00cdCULA \u2013 PRM EM GINECOLOGIA E OBSTETR\u00cdCIA<\/a><\/p>\n<p><a href=\"https:\/\/wp.ufpel.edu.br\/coreme\/files\/2026\/02\/5a-CHAMADA-\u2013-CONVOCACAO-PARA-MATRICULA.pdf\">5\u00aa CHAMADA \u2013 CONVOCA\u00c7\u00c3O PARA MATR\u00cdCULA \u2013 PRM EM GINECOLOGIA E OBSTETR\u00cdCIA<\/a><\/p>\n<p><a href=\"https:\/\/wp.ufpel.edu.br\/coreme\/files\/2026\/02\/6a-CHAMADA-\u2013-CONVOCACAO-PARA-MATRICULA.pdf\">6\u00aa CHAMADA \u2013 CONVOCA\u00c7\u00c3O PARA MATR\u00cdCULA \u2013 PRM EM GINECOLOGIA E OBSTETR\u00cdCIA<\/a><\/p>\n<p><a href=\"https:\/\/wp.ufpel.edu.br\/coreme\/files\/2026\/03\/7a-CHAMADA-\u2013-CONVOCACAO-PARA-MATRICULA.pdf\">7\u00aa CHAMADA \u2013 CONVOCA\u00c7\u00c3O PARA MATR\u00cdCULA \u2013 PRM EM GINECOLOGIA E OBSTETR\u00cdCIA<\/a><\/p>\n<p>&nbsp;<\/p>\n","protected":false},"excerpt":{"rendered":"<p>CLASSIFICA\u00c7\u00c3O PRELIMINAR &#8211; PRM EM GINECOLOGIA E OBSTETR\u00cdCIA 1\u00aa RETIFICA\u00c7\u00c3O CLASSIFICA\u00c7\u00c3O PRELIMINAR \u2013 PRM EM GINECOLOGIA E OBSTETR\u00cdCIA CLASSIFICA\u00c7\u00c3O FINAL \u2013 PRM EM GINECOLOGIA E OBSTETR\u00cdCIA 1\u00aa CHAMADA \u2013 CONVOCA\u00c7\u00c3O PARA MATR\u00cdCULA \u2013 PRM EM GINECOLOGIA E OBSTETR\u00cdCIA 2\u00aa CHAMADA \u2013 CONVOCA\u00c7\u00c3O PARA MATR\u00cdCULA \u2013 PRM EM GINECOLOGIA E OBSTETR\u00cdCIA 3\u00aa CHAMADA \u2013 CONVOCA\u00c7\u00c3O PARA [&hellip;]<\/p>\n","protected":false},"author":1322,"featured_media":0,"parent":0,"menu_order":0,"comment_status":"closed","ping_status":"closed","template":"","meta":{"footnotes":""},"class_list":["post-1005","page","type-page","status-publish","hentry"],"_links":{"self":[{"href":"https:\/\/wp.ufpel.edu.br\/coreme\/wp-json\/wp\/v2\/pages\/1005","targetHints":{"allow":["GET"]}}],"collection":[{"href":"https:\/\/wp.ufpel.edu.br\/coreme\/wp-json\/wp\/v2\/pages"}],"about":[{"href":"https:\/\/wp.ufpel.edu.br\/coreme\/wp-json\/wp\/v2\/types\/page"}],"author":[{"embeddable":true,"href":"https:\/\/wp.ufpel.edu.br\/coreme\/wp-json\/wp\/v2\/users\/1322"}],"replies":[{"embeddable":true,"href":"https:\/\/wp.ufpel.edu.br\/coreme\/wp-json\/wp\/v2\/comments?post=1005"}],"version-history":[{"count":3,"href":"https:\/\/wp.ufpel.edu.br\/coreme\/wp-json\/wp\/v2\/pages\/1005\/revisions"}],"predecessor-version":[{"id":1327,"href":"https:\/\/wp.ufpel.edu.br\/coreme\/wp-json\/wp\/v2\/pages\/1005\/revisions\/1327"}],"wp:attachment":[{"href":"https:\/\/wp.ufpel.edu.br\/coreme\/wp-json\/wp\/v2\/media?parent=1005"}],"curies":[{"name":"wp","href":"https:\/\/api.w.org\/{rel}","templated":true}]}}