{"id":1001,"date":"2026-01-15T09:44:32","date_gmt":"2026-01-15T12:44:32","guid":{"rendered":"https:\/\/wp.ufpel.edu.br\/coreme\/?page_id=1001"},"modified":"2026-01-26T09:37:12","modified_gmt":"2026-01-26T12:37:12","slug":"gastroenterologia-2","status":"publish","type":"page","link":"https:\/\/wp.ufpel.edu.br\/coreme\/gastroenterologia-2\/","title":{"rendered":"GASTROENTEROLOGIA"},"content":{"rendered":"<p><a href=\"https:\/\/wp.ufpel.edu.br\/coreme\/files\/2026\/01\/CLASSI1-1.pdf\">CLASSIFICA\u00c7\u00c3O PRELIMINAR &#8211; PRM EM GASTROENTEROLOGIA<\/a><\/p>\n<p><a href=\"https:\/\/wp.ufpel.edu.br\/coreme\/files\/2026\/01\/CLASSIFICACAO-FINAL-PRM-EM-GASTROENTEROLOGIA.pdf\">CLASSIFICA\u00c7\u00c3O FINAL &#8211; PRM EM GASTROENTEROLOGIA<\/a><\/p>\n<p><a href=\"https:\/\/wp.ufpel.edu.br\/coreme\/files\/2026\/01\/1a-CHAMADA-\u2013-CONVOCACAO-PARA-MATRICULA-\u2013-PRM-EM-GASTROENTEROLOGIA.pdf\">1\u00aa CHAMADA \u2013 CONVOCA\u00c7\u00c3O PARA MATR\u00cdCULA \u2013 PRM EM GASTROENTEROLOGIA<\/a><\/p>\n<p><a href=\"https:\/\/wp.ufpel.edu.br\/coreme\/files\/2026\/01\/2a-CHAMADA-\u2013-CONVOCACAO-PARA-MATRICULA-\u2013-PRM-EM-GASTROENTEROLOGIA.pdf\">2\u00aa CHAMADA \u2013 CONVOCA\u00c7\u00c3O PARA MATR\u00cdCULA \u2013 PRM EM GASTROENTEROLOGIA<\/a><\/p>\n","protected":false},"excerpt":{"rendered":"<p>CLASSIFICA\u00c7\u00c3O PRELIMINAR &#8211; PRM EM GASTROENTEROLOGIA CLASSIFICA\u00c7\u00c3O FINAL &#8211; PRM EM GASTROENTEROLOGIA 1\u00aa CHAMADA \u2013 CONVOCA\u00c7\u00c3O PARA MATR\u00cdCULA \u2013 PRM EM GASTROENTEROLOGIA 2\u00aa CHAMADA \u2013 CONVOCA\u00c7\u00c3O PARA MATR\u00cdCULA \u2013 PRM EM GASTROENTEROLOGIA<\/p>\n","protected":false},"author":1322,"featured_media":0,"parent":0,"menu_order":0,"comment_status":"closed","ping_status":"closed","template":"","meta":{"footnotes":""},"class_list":["post-1001","page","type-page","status-publish","hentry"],"_links":{"self":[{"href":"https:\/\/wp.ufpel.edu.br\/coreme\/wp-json\/wp\/v2\/pages\/1001","targetHints":{"allow":["GET"]}}],"collection":[{"href":"https:\/\/wp.ufpel.edu.br\/coreme\/wp-json\/wp\/v2\/pages"}],"about":[{"href":"https:\/\/wp.ufpel.edu.br\/coreme\/wp-json\/wp\/v2\/types\/page"}],"author":[{"embeddable":true,"href":"https:\/\/wp.ufpel.edu.br\/coreme\/wp-json\/wp\/v2\/users\/1322"}],"replies":[{"embeddable":true,"href":"https:\/\/wp.ufpel.edu.br\/coreme\/wp-json\/wp\/v2\/comments?post=1001"}],"version-history":[{"count":3,"href":"https:\/\/wp.ufpel.edu.br\/coreme\/wp-json\/wp\/v2\/pages\/1001\/revisions"}],"predecessor-version":[{"id":1112,"href":"https:\/\/wp.ufpel.edu.br\/coreme\/wp-json\/wp\/v2\/pages\/1001\/revisions\/1112"}],"wp:attachment":[{"href":"https:\/\/wp.ufpel.edu.br\/coreme\/wp-json\/wp\/v2\/media?parent=1001"}],"curies":[{"name":"wp","href":"https:\/\/api.w.org\/{rel}","templated":true}]}}