{"id":7,"date":"2018-11-23T11:03:36","date_gmt":"2018-11-23T13:03:36","guid":{"rendered":"https:\/\/wp.ufpel.edu.br\/coplan\/?page_id=7"},"modified":"2022-05-19T11:43:03","modified_gmt":"2022-05-19T14:43:03","slug":"apresentacao","status":"publish","type":"page","link":"https:\/\/wp.ufpel.edu.br\/coplan\/apresentacao\/","title":{"rendered":"Apresenta\u00e7\u00e3o"},"content":{"rendered":"<p><span style=\"font-weight: 400;\">O Conselho de Planejamento da UFPel (COPLAN-UFPel) foi aprovado no Conselho Universit\u00e1rio atrav\u00e9s da Resolu\u00e7\u00e3o 10 de 22 de agosto de 2018. <\/span>Este conselho \u00e9<span style=\"font-weight: 400;\"> uma <strong>estrutura de decis\u00e3o din\u00e2mica, horizontal e inclusiva<\/strong>. Constitu\u00eddo como \u00f3rg\u00e3o consultivo e propositivo da Universidade, com apoio da Pr\u00f3-Reitoria de Planejamento e Desenvolvimento. <\/span><\/p>\n<p><span style=\"font-weight: 400;\">Com base nas diversas atribui\u00e7\u00f5es dos Conselhos existentes na UFPel, percebe-se que nenhum deles tem a <strong>finalidade<\/strong> de abordar o futuro da Universidade. Os tr\u00eas Conselhos Superiores da UFPel deliberam sobre o presente e, algumas vezes, tratam do passado da institui\u00e7\u00e3o, mas, atualmente, n\u00e3o se caracterizam por planejar estrategicamente as a\u00e7\u00f5es da Universidade em m\u00e9dio e longo prazo. Esta lacuna existente em rela\u00e7\u00e3o ao planejamento representa um entrave ao desenvolvimento universit\u00e1rio. <\/span><\/p>\n<p><span style=\"font-weight: 400;\">O conselho de planejamento \u00e9 respons\u00e1vel por refletir e planejar o futuro da institui\u00e7\u00e3o,\u00a0<\/span>tendo por<b> objetivo<\/b><span style=\"font-weight: 400;\"> primordial preencher esse hiato de modo estruturado. Assim, as a\u00e7\u00f5es de planejamento poder\u00e3o ser apreciadas e desenvolvidas pela comunidade universit\u00e1ria, com ampla discuss\u00e3o, tornando-as assim a\u00e7\u00f5es institucionais socialmente referenciadas.<\/span><\/p>\n<p><span style=\"font-weight: 400;\">O Conselho de Planejamento tem <\/span><b>fun\u00e7\u00e3o<\/b><span style=\"font-weight: 400;\"> de emitir pareceres, avaliar, orientar e encaminhar aos conselhos deliberativos da universidade projetos e a\u00e7\u00f5es de planejamento e desenvolvimento, conforme a necessidade.<\/span><\/p>\n<p><span style=\"font-weight: 400;\">O COPLAN <\/span>se <b>constitui <\/b>de<span style=\"font-weight: 400;\"> um <\/span><i><span style=\"font-weight: 400;\">Comit\u00ea Articulador<\/span><\/i><span style=\"font-weight: 400;\">\u00a0de longa dura\u00e7\u00e3o, e de m\u00faltiplos <\/span><i><span style=\"font-weight: 400;\">Grupos Tem\u00e1ticos<\/span><\/i><span style=\"font-weight: 400;\"> de curta dura\u00e7\u00e3o. O Comit\u00ea \u00e9 respons\u00e1vel por deliberar sobre quest\u00f5es mais restritas, e por estabelecer os Grupos de acordo com temas de interesse. Cada Grupo re\u00fane integrantes selecionados por \u00e1rea de forma\u00e7\u00e3o, concentra\u00e7\u00e3o ou atua\u00e7\u00e3o, e pode contar com membros externos. A efemeridade dos <\/span><i><span style=\"font-weight: 400;\">Grupos<\/span><\/i><span style=\"font-weight: 400;\"> e a grande abrang\u00eancia da sele\u00e7\u00e3o de seus integrantes, assim como a heterogeneidade da composi\u00e7\u00e3o do <\/span><i><span style=\"font-weight: 400;\">Comit\u00ea<\/span><\/i><span style=\"font-weight: 400;\">, garantem que qualquer pessoa da comunidade acad\u00eamica da UFPel possa vir a ser conselheiro de planejamento. \u00a0<\/span><\/p>\n<p>Para detalhamento das informa\u00e7\u00f5es acesse:\u00a0<a href=\"https:\/\/wp.ufpel.edu.br\/scs\/files\/2018\/08\/SEI-Resolu\u00e7\u00e3o-10.2018.pdf\">Resolu\u00e7\u00e3o 10 do CONSUN de 22 de agosto de 2018<\/a><\/p>\n","protected":false},"excerpt":{"rendered":"<p>O Conselho de Planejamento da UFPel (COPLAN-UFPel) foi aprovado no Conselho Universit\u00e1rio atrav\u00e9s da Resolu\u00e7\u00e3o 10 de 22 de agosto de 2018. Este conselho \u00e9 uma estrutura de decis\u00e3o din\u00e2mica, horizontal e inclusiva. Constitu\u00eddo como \u00f3rg\u00e3o consultivo e propositivo da Universidade, com apoio da Pr\u00f3-Reitoria de Planejamento e Desenvolvimento. Com base nas diversas atribui\u00e7\u00f5es dos [&hellip;]<\/p>\n","protected":false},"author":20,"featured_media":0,"parent":0,"menu_order":0,"comment_status":"closed","ping_status":"closed","template":"","meta":{"footnotes":""},"class_list":["post-7","page","type-page","status-publish","hentry"],"_links":{"self":[{"href":"https:\/\/wp.ufpel.edu.br\/coplan\/wp-json\/wp\/v2\/pages\/7","targetHints":{"allow":["GET"]}}],"collection":[{"href":"https:\/\/wp.ufpel.edu.br\/coplan\/wp-json\/wp\/v2\/pages"}],"about":[{"href":"https:\/\/wp.ufpel.edu.br\/coplan\/wp-json\/wp\/v2\/types\/page"}],"author":[{"embeddable":true,"href":"https:\/\/wp.ufpel.edu.br\/coplan\/wp-json\/wp\/v2\/users\/20"}],"replies":[{"embeddable":true,"href":"https:\/\/wp.ufpel.edu.br\/coplan\/wp-json\/wp\/v2\/comments?post=7"}],"version-history":[{"count":8,"href":"https:\/\/wp.ufpel.edu.br\/coplan\/wp-json\/wp\/v2\/pages\/7\/revisions"}],"predecessor-version":[{"id":679,"href":"https:\/\/wp.ufpel.edu.br\/coplan\/wp-json\/wp\/v2\/pages\/7\/revisions\/679"}],"wp:attachment":[{"href":"https:\/\/wp.ufpel.edu.br\/coplan\/wp-json\/wp\/v2\/media?parent=7"}],"curies":[{"name":"wp","href":"https:\/\/api.w.org\/{rel}","templated":true}]}}