{"id":443,"date":"2020-11-27T11:21:21","date_gmt":"2020-11-27T14:21:21","guid":{"rendered":"https:\/\/wp.ufpel.edu.br\/coplan\/?page_id=443"},"modified":"2020-11-27T11:22:30","modified_gmt":"2020-11-27T14:22:30","slug":"grupos-tematicos-da-discussao-quanto-ao-retorno-das-aulas-em-2021","status":"publish","type":"page","link":"https:\/\/wp.ufpel.edu.br\/coplan\/grupos-tematicos-da-discussao-quanto-ao-retorno-das-aulas-em-2021\/","title":{"rendered":"Grupos Tem\u00e1ticos Discuss\u00e3o quanto ao retorno das aulas em 2021"},"content":{"rendered":"<p><a href=\"https:\/\/wp.ufpel.edu.br\/coplan\/files\/2020\/11\/GT-01-Infraestrutura-e-logistica.pdf\">Grupo Tem\u00e1tico Infraestrutura e Log\u00edstica<\/a><\/p>\n<p><a href=\"https:\/\/wp.ufpel.edu.br\/coplan\/files\/2020\/11\/GT-02-Seguranca-Sanitaria.pdf\">Grupo Tem\u00e1tico Seguran\u00e7a Sanit\u00e1ria<\/a><\/p>\n<p><a href=\"https:\/\/wp.ufpel.edu.br\/coplan\/files\/2020\/11\/GT-03-Ensino.pdf\">Grupo Tem\u00e1tico Ensino<\/a><\/p>\n<p><a href=\"https:\/\/wp.ufpel.edu.br\/coplan\/files\/2020\/11\/GT-04-Comiunicacao-interna-e-escuta-da-comunidade.pdf\">Grupo Tem\u00e1tico Comunica\u00e7\u00e3o Interna e Escuta da Comunidade<\/a><\/p>\n<p>&nbsp;<\/p>\n<p>&nbsp;<\/p>\n","protected":false},"excerpt":{"rendered":"<p>Grupo Tem\u00e1tico Infraestrutura e Log\u00edstica Grupo Tem\u00e1tico Seguran\u00e7a Sanit\u00e1ria Grupo Tem\u00e1tico Ensino Grupo Tem\u00e1tico Comunica\u00e7\u00e3o Interna e Escuta da Comunidade &nbsp; &nbsp;<\/p>\n","protected":false},"author":885,"featured_media":0,"parent":0,"menu_order":0,"comment_status":"closed","ping_status":"closed","template":"","meta":{"footnotes":""},"class_list":["post-443","page","type-page","status-publish","hentry"],"_links":{"self":[{"href":"https:\/\/wp.ufpel.edu.br\/coplan\/wp-json\/wp\/v2\/pages\/443","targetHints":{"allow":["GET"]}}],"collection":[{"href":"https:\/\/wp.ufpel.edu.br\/coplan\/wp-json\/wp\/v2\/pages"}],"about":[{"href":"https:\/\/wp.ufpel.edu.br\/coplan\/wp-json\/wp\/v2\/types\/page"}],"author":[{"embeddable":true,"href":"https:\/\/wp.ufpel.edu.br\/coplan\/wp-json\/wp\/v2\/users\/885"}],"replies":[{"embeddable":true,"href":"https:\/\/wp.ufpel.edu.br\/coplan\/wp-json\/wp\/v2\/comments?post=443"}],"version-history":[{"count":2,"href":"https:\/\/wp.ufpel.edu.br\/coplan\/wp-json\/wp\/v2\/pages\/443\/revisions"}],"predecessor-version":[{"id":451,"href":"https:\/\/wp.ufpel.edu.br\/coplan\/wp-json\/wp\/v2\/pages\/443\/revisions\/451"}],"wp:attachment":[{"href":"https:\/\/wp.ufpel.edu.br\/coplan\/wp-json\/wp\/v2\/media?parent=443"}],"curies":[{"name":"wp","href":"https:\/\/api.w.org\/{rel}","templated":true}]}}