{"id":321,"date":"2019-11-22T10:27:30","date_gmt":"2019-11-22T13:27:30","guid":{"rendered":"https:\/\/wp.ufpel.edu.br\/coplan\/?page_id=321"},"modified":"2019-11-22T10:55:04","modified_gmt":"2019-11-22T13:55:04","slug":"grupos-tematicos-formados","status":"publish","type":"page","link":"https:\/\/wp.ufpel.edu.br\/coplan\/grupos-tematicos-formados\/","title":{"rendered":"Grupos Tem\u00e1ticos Or\u00e7amento Participativo"},"content":{"rendered":"<p><a href=\"https:\/\/wp.ufpel.edu.br\/coplan\/files\/2019\/11\/GT-Gest\u00e3o-Institucional.pdf\">Grupo Tem\u00e1tico Gest\u00e3o Institucional<\/a><\/p>\n<p><a href=\"https:\/\/wp.ufpel.edu.br\/coplan\/files\/2019\/11\/GT-Gest\u00e3o-Acad\u00eamica.pdf\">Grupo Tem\u00e1tico Gest\u00e3o Acad\u00eamica<\/a><\/p>\n<p><a href=\"https:\/\/wp.ufpel.edu.br\/coplan\/files\/2019\/11\/GT-Gest\u00e3o-da-Assist\u00eancia-Estudantil.pdf\">Grupo Tem\u00e1tico Gest\u00e3o da Assist\u00eancia Estudantil<\/a><\/p>\n<p><a href=\"https:\/\/wp.ufpel.edu.br\/coplan\/files\/2019\/11\/GT-Infraestruturas.pdf\">Grupo Tem\u00e1tico Infraestruturas<\/a><\/p>\n","protected":false},"excerpt":{"rendered":"<p>Grupo Tem\u00e1tico Gest\u00e3o Institucional Grupo Tem\u00e1tico Gest\u00e3o Acad\u00eamica Grupo Tem\u00e1tico Gest\u00e3o da Assist\u00eancia Estudantil Grupo Tem\u00e1tico Infraestruturas<\/p>\n","protected":false},"author":885,"featured_media":0,"parent":0,"menu_order":0,"comment_status":"closed","ping_status":"closed","template":"","meta":{"footnotes":""},"class_list":["post-321","page","type-page","status-publish","hentry"],"_links":{"self":[{"href":"https:\/\/wp.ufpel.edu.br\/coplan\/wp-json\/wp\/v2\/pages\/321","targetHints":{"allow":["GET"]}}],"collection":[{"href":"https:\/\/wp.ufpel.edu.br\/coplan\/wp-json\/wp\/v2\/pages"}],"about":[{"href":"https:\/\/wp.ufpel.edu.br\/coplan\/wp-json\/wp\/v2\/types\/page"}],"author":[{"embeddable":true,"href":"https:\/\/wp.ufpel.edu.br\/coplan\/wp-json\/wp\/v2\/users\/885"}],"replies":[{"embeddable":true,"href":"https:\/\/wp.ufpel.edu.br\/coplan\/wp-json\/wp\/v2\/comments?post=321"}],"version-history":[{"count":4,"href":"https:\/\/wp.ufpel.edu.br\/coplan\/wp-json\/wp\/v2\/pages\/321\/revisions"}],"predecessor-version":[{"id":331,"href":"https:\/\/wp.ufpel.edu.br\/coplan\/wp-json\/wp\/v2\/pages\/321\/revisions\/331"}],"wp:attachment":[{"href":"https:\/\/wp.ufpel.edu.br\/coplan\/wp-json\/wp\/v2\/media?parent=321"}],"curies":[{"name":"wp","href":"https:\/\/api.w.org\/{rel}","templated":true}]}}