{"id":30,"date":"2018-11-23T11:22:54","date_gmt":"2018-11-23T13:22:54","guid":{"rendered":"https:\/\/wp.ufpel.edu.br\/coplan\/?page_id=30"},"modified":"2021-10-13T15:37:21","modified_gmt":"2021-10-13T18:37:21","slug":"pareceres","status":"publish","type":"page","link":"https:\/\/wp.ufpel.edu.br\/coplan\/pareceres\/","title":{"rendered":"Pareceres e Relat\u00f3rios"},"content":{"rendered":"<p><strong>Pareceres do Conselho de Planejamento da UFPel &#8211; COPLAN-UFPel<\/strong><\/p>\n<p>2019:<\/p>\n<p><a href=\"https:\/\/wp.ufpel.edu.br\/coplan\/files\/2019\/06\/Parecer-01.pdf\">Parecer 01: Referente a solicita\u00e7\u00e3o de mudan\u00e7a no PDU da FAT.<\/a><\/p>\n<p><a href=\"https:\/\/wp.ufpel.edu.br\/coplan\/files\/2019\/07\/Parecer-02-de-2019.pdf\">Parecer 02: Referente a mudan\u00e7a no PDU da ESEF.<\/a><\/p>\n<p>&nbsp;<\/p>\n<p><strong>Relat\u00f3rios dos Grupos Tem\u00e1ticos ligados ao Or\u00e7amento Participativo UFPel<\/strong><\/p>\n<p><a href=\"https:\/\/wp.ufpel.edu.br\/coplan\/files\/2019\/11\/Proposta-GT-Institucional.pdf\">Relat\u00f3rio GT Gest\u00e3o Institucional<\/a><\/p>\n<p><a href=\"https:\/\/wp.ufpel.edu.br\/coplan\/files\/2019\/11\/GT-ACAD\u00caMICO-COPLAN-ultimo.pdf\">Relat\u00f3rio GT Gest\u00e3o Acad\u00eamica<\/a><\/p>\n<p><a href=\"https:\/\/wp.ufpel.edu.br\/coplan\/files\/2019\/11\/Proposta-GT_Assist\u00eancia-Estudantil.pdf\">Relat\u00f3rio GT Gest\u00e3o da Assist\u00eancia Estudantil<\/a><\/p>\n<p><a href=\"https:\/\/wp.ufpel.edu.br\/coplan\/files\/2019\/11\/Proposta-GT-Infraestrutura.pdf\">Relat\u00f3rio GT Infraestruturas<\/a><\/p>\n<p>&nbsp;<\/p>\n<p><strong>Relat\u00f3rios parcial do Comit\u00ea Articulador \u00e0 PROPLAN quanto \u00e0s a\u00e7\u00f5es referentes ao Or\u00e7amento Participativo da UFPel<\/strong><\/p>\n<p><a href=\"https:\/\/wp.ufpel.edu.br\/coplan\/files\/2019\/12\/relat\u00f3rio-parcial-de-a\u00e7\u00f5es-referentes-ao-OP-UFPel.pdf\">Acesse o relat\u00f3rio aqui<\/a><\/p>\n<p>&nbsp;<\/p>\n<p><strong>Pareceres\/Relat\u00f3rios dos Grupos Tem\u00e1ticos que discutem o retorno \u00e0s aulas presenciais na UFPel em 2021<\/strong><\/p>\n<p><a href=\"https:\/\/wp.ufpel.edu.br\/coplan\/files\/2021\/02\/Parecer-GT01-infraestrutura-e-logistica.pdf\">GT01 Infraestrutura e Log\u00edstica<\/a><\/p>\n<p><a href=\"https:\/\/wp.ufpel.edu.br\/coplan\/files\/2021\/02\/Parecer-GT02-Seguranca-Sanitaria.pdf\">GT02 Seguran\u00e7a Sanit\u00e1ria<\/a><\/p>\n<p><a href=\"https:\/\/wp.ufpel.edu.br\/coplan\/files\/2021\/02\/RELATORIO-GT3-ENSINO.pdf\">GT03 Ensino<\/a><\/p>\n<p><a href=\"https:\/\/wp.ufpel.edu.br\/coplan\/files\/2021\/02\/Relatorio-1-GT04-Comunicacao-interna-e-Escuta-a-comunidade.pdf\">GT04 Comunica\u00e7\u00e3o Interna e Escuta \u00e0 Comunidade<\/a><\/p>\n<p>&nbsp;<\/p>\n<p><strong>Relat\u00f3rios Parciais das Comiss\u00f5es de Reda\u00e7\u00e3o\/Elabora\u00e7\u00e3o do PDI (2022 &#8211; 2026)<\/strong><\/p>\n<p><em>31 de agosto de 2021<\/em>:<\/p>\n<p><a href=\"https:\/\/wp.ufpel.edu.br\/coplan\/files\/2021\/09\/Relatorios-Assistencia-Estudantil-Gestao-Academica-Ensino-Gestao-Institucional-Gestao-de-Pessoas-e-Infraestrutura.pdf\">Relat\u00f3rios Assist\u00eancia Estudantil; Gest\u00e3o Acad\u00eamica Ensino; Gest\u00e3o Institucional; Gest\u00e3o de Pessoas e Infraestrutura<\/a>.<\/p>\n<p><em>30 de setembro de 2021<\/em>:<\/p>\n<p><a href=\"https:\/\/wp.ufpel.edu.br\/coplan\/files\/2021\/10\/Relatorio-2-comissao-Infraestrutura.pdf\">Relat\u00f3rio Infraestrutura;<\/a><\/p>\n<p><a href=\"https:\/\/wp.ufpel.edu.br\/coplan\/files\/2021\/10\/2o-RELATORIO-DA-COMISSAO-DE-GESTAO-INSTITUCIONAL.pdf\">Relat\u00f3rio Gest\u00e3o Institucional;<\/a><\/p>\n<p>&nbsp;<\/p>\n<p>&nbsp;<\/p>\n<p>&nbsp;<\/p>\n","protected":false},"excerpt":{"rendered":"<p>Pareceres do Conselho de Planejamento da UFPel &#8211; COPLAN-UFPel 2019: Parecer 01: Referente a solicita\u00e7\u00e3o de mudan\u00e7a no PDU da FAT. Parecer 02: Referente a mudan\u00e7a no PDU da ESEF. &nbsp; Relat\u00f3rios dos Grupos Tem\u00e1ticos ligados ao Or\u00e7amento Participativo UFPel Relat\u00f3rio GT Gest\u00e3o Institucional Relat\u00f3rio GT Gest\u00e3o Acad\u00eamica Relat\u00f3rio GT Gest\u00e3o da Assist\u00eancia Estudantil Relat\u00f3rio [&hellip;]<\/p>\n","protected":false},"author":20,"featured_media":0,"parent":0,"menu_order":0,"comment_status":"closed","ping_status":"closed","template":"","meta":{"footnotes":""},"class_list":["post-30","page","type-page","status-publish","hentry"],"_links":{"self":[{"href":"https:\/\/wp.ufpel.edu.br\/coplan\/wp-json\/wp\/v2\/pages\/30","targetHints":{"allow":["GET"]}}],"collection":[{"href":"https:\/\/wp.ufpel.edu.br\/coplan\/wp-json\/wp\/v2\/pages"}],"about":[{"href":"https:\/\/wp.ufpel.edu.br\/coplan\/wp-json\/wp\/v2\/types\/page"}],"author":[{"embeddable":true,"href":"https:\/\/wp.ufpel.edu.br\/coplan\/wp-json\/wp\/v2\/users\/20"}],"replies":[{"embeddable":true,"href":"https:\/\/wp.ufpel.edu.br\/coplan\/wp-json\/wp\/v2\/comments?post=30"}],"version-history":[{"count":11,"href":"https:\/\/wp.ufpel.edu.br\/coplan\/wp-json\/wp\/v2\/pages\/30\/revisions"}],"predecessor-version":[{"id":630,"href":"https:\/\/wp.ufpel.edu.br\/coplan\/wp-json\/wp\/v2\/pages\/30\/revisions\/630"}],"wp:attachment":[{"href":"https:\/\/wp.ufpel.edu.br\/coplan\/wp-json\/wp\/v2\/media?parent=30"}],"curies":[{"name":"wp","href":"https:\/\/api.w.org\/{rel}","templated":true}]}}