{"id":20,"date":"2018-11-23T11:11:45","date_gmt":"2018-11-23T13:11:45","guid":{"rendered":"https:\/\/wp.ufpel.edu.br\/coplan\/?page_id=20"},"modified":"2018-12-11T15:11:59","modified_gmt":"2018-12-11T17:11:59","slug":"grupos-tematicos","status":"publish","type":"page","link":"https:\/\/wp.ufpel.edu.br\/coplan\/composicao\/grupos-tematicos\/","title":{"rendered":"Grupos Tem\u00e1ticos"},"content":{"rendered":"<p><strong>Grupos Tem\u00e1ticos<\/strong><\/p>\n<p><span style=\"font-weight: 400\">Os Grupos Tem\u00e1ticos (GT) s\u00e3o \u00f3rg\u00e3os colegiados que comp\u00f5em a escala transit\u00f3ria do COPLAN, caracterizados como estruturas de curta dura\u00e7\u00e3o compostas por membros que\u00a0<\/span><span style=\"font-weight: 400\">tenham v\u00ednculo ou rela\u00e7\u00e3o pr\u00e9via com o(s) respectivos tema(s) pautado(s). <\/span><\/p>\n<p><span style=\"font-weight: 400\">Os GTs t\u00eam a dupla finalidade: de expandir a participa\u00e7\u00e3o das comunidades interna e externa \u00e0 Universidade al\u00e9m de qualificar as discuss\u00f5es e encaminhamentos do COPLAN. Estes Grupos s\u00e3o compostos por no m\u00ednimo de 4 e no m\u00e1ximo de 12 membros representantes das tr\u00eas categorias, al\u00e9m da representa\u00e7\u00e3o da comunidade externa \u00e0 universidade.<\/span><\/p>\n<p><span style=\"font-weight: 400\">Para detalhamento das informa\u00e7\u00f5es acesse: <\/span><\/p>\n<p><a href=\"https:\/\/wp.ufpel.edu.br\/scs\/files\/2018\/08\/SEI-Resolu%C3%A7%C3%A3o-10.2018.pdf\"><span style=\"font-weight: 400\">Resolu\u00e7\u00e3o 10 do CONSUN de 22 de agosto de 2018 <\/span><\/a><\/p>\n","protected":false},"excerpt":{"rendered":"<p>Grupos Tem\u00e1ticos Os Grupos Tem\u00e1ticos (GT) s\u00e3o \u00f3rg\u00e3os colegiados que comp\u00f5em a escala transit\u00f3ria do COPLAN, caracterizados como estruturas de curta dura\u00e7\u00e3o compostas por membros que\u00a0tenham v\u00ednculo ou rela\u00e7\u00e3o pr\u00e9via com o(s) respectivos tema(s) pautado(s). Os GTs t\u00eam a dupla finalidade: de expandir a participa\u00e7\u00e3o das comunidades interna e externa \u00e0 Universidade al\u00e9m de qualificar [&hellip;]<\/p>\n","protected":false},"author":20,"featured_media":0,"parent":12,"menu_order":0,"comment_status":"closed","ping_status":"closed","template":"","meta":{"footnotes":""},"class_list":["post-20","page","type-page","status-publish","hentry"],"_links":{"self":[{"href":"https:\/\/wp.ufpel.edu.br\/coplan\/wp-json\/wp\/v2\/pages\/20","targetHints":{"allow":["GET"]}}],"collection":[{"href":"https:\/\/wp.ufpel.edu.br\/coplan\/wp-json\/wp\/v2\/pages"}],"about":[{"href":"https:\/\/wp.ufpel.edu.br\/coplan\/wp-json\/wp\/v2\/types\/page"}],"author":[{"embeddable":true,"href":"https:\/\/wp.ufpel.edu.br\/coplan\/wp-json\/wp\/v2\/users\/20"}],"replies":[{"embeddable":true,"href":"https:\/\/wp.ufpel.edu.br\/coplan\/wp-json\/wp\/v2\/comments?post=20"}],"version-history":[{"count":4,"href":"https:\/\/wp.ufpel.edu.br\/coplan\/wp-json\/wp\/v2\/pages\/20\/revisions"}],"predecessor-version":[{"id":60,"href":"https:\/\/wp.ufpel.edu.br\/coplan\/wp-json\/wp\/v2\/pages\/20\/revisions\/60"}],"up":[{"embeddable":true,"href":"https:\/\/wp.ufpel.edu.br\/coplan\/wp-json\/wp\/v2\/pages\/12"}],"wp:attachment":[{"href":"https:\/\/wp.ufpel.edu.br\/coplan\/wp-json\/wp\/v2\/media?parent=20"}],"curies":[{"name":"wp","href":"https:\/\/api.w.org\/{rel}","templated":true}]}}