{"id":26,"date":"2021-01-29T13:36:50","date_gmt":"2021-01-29T16:36:50","guid":{"rendered":"https:\/\/wp.ufpel.edu.br\/coortepampa\/?page_id=26"},"modified":"2023-05-31T17:08:41","modified_gmt":"2023-05-31T20:08:41","slug":"equipe","status":"publish","type":"page","link":"https:\/\/wp.ufpel.edu.br\/coortepampa\/equipe\/","title":{"rendered":"EQUIPE"},"content":{"rendered":"<p>A seguir, voc\u00ea pode conhecer todos n\u00f3s que estamos trabalhando neste estudo.<\/p>\n<p style=\"text-align: center;\"><strong>Coordena\u00e7\u00e3o:<\/strong><\/p>\n<p><strong>Universidade Federal de Pelotas\/UFPEL<\/strong><\/p>\n<p><img loading=\"lazy\" decoding=\"async\" class=\"wp-image-260 alignnone\" src=\"https:\/\/wp.ufpel.edu.br\/coortepampa\/files\/2021\/01\/caputo.jpg\" alt=\"\" width=\"63\" height=\"86\" \/> Eduardo Lucia Caputo | <a href=\"http:\/\/lattes.cnpq.br\/3370367168725150\" target=\"_blank\" rel=\"noopener noreferrer\">Lattes<\/a><\/p>\n<p><img loading=\"lazy\" decoding=\"async\" class=\" wp-image-213 alignnone\" src=\"https:\/\/wp.ufpel.edu.br\/coortepampa\/files\/2021\/01\/natan.jpg\" alt=\"\" width=\"80\" height=\"73\" \/> Natan Feter | <a href=\"http:\/\/lattes.cnpq.br\/5812496529505386\" target=\"_blank\" rel=\"noopener noreferrer\">Lattes<\/a><\/p>\n<p style=\"text-align: center;\"><strong>Professores:<\/strong><\/p>\n<p><img loading=\"lazy\" decoding=\"async\" class=\"wp-image-253 alignnone\" src=\"https:\/\/wp.ufpel.edu.br\/coortepampa\/files\/2021\/01\/airton.jpg\" alt=\"\" width=\"67\" height=\"85\" \/> Airton Jos\u00e9 Rombaldi | <a href=\"http:\/\/lattes.cnpq.br\/4104392146993449\" target=\"_blank\" rel=\"noopener noreferrer\">Lattes<\/a><\/p>\n<p><img loading=\"lazy\" decoding=\"async\" class=\"wp-image-247 alignnone\" src=\"https:\/\/wp.ufpel.edu.br\/coortepampa\/files\/2021\/01\/ff.jpg\" alt=\"\" width=\"61\" height=\"83\" \/> Felipe Fossati Reichert | <a href=\"http:\/\/lattes.cnpq.br\/2197007220505581\" target=\"_blank\" rel=\"noopener noreferrer\">Lattes<\/a><\/p>\n<p><img loading=\"lazy\" decoding=\"async\" class=\"wp-image-257 alignnone\" src=\"https:\/\/wp.ufpel.edu.br\/coortepampa\/files\/2021\/01\/marcelo.jpg\" alt=\"\" width=\"61\" height=\"92\" \/> Marcelo Cozzensa da Silva | <a href=\"http:\/\/lattes.cnpq.br\/6877841308694432\" target=\"_blank\" rel=\"noopener noreferrer\">Lattes<\/a><\/p>\n<p style=\"text-align: center;\"><strong>Equipe:<\/strong><\/p>\n<p><img loading=\"lazy\" decoding=\"async\" class=\"alignnone wp-image-122\" src=\"https:\/\/wp.ufpel.edu.br\/coortepampa\/files\/2023\/05\/carine-200x200.jpeg\" alt=\"\" width=\"66\" height=\"117\" srcset=\"https:\/\/wp.ufpel.edu.br\/coortepampa\/files\/2023\/05\/carine-225x400.jpeg 225w, https:\/\/wp.ufpel.edu.br\/coortepampa\/files\/2023\/05\/carine-576x1024.jpeg 576w, https:\/\/wp.ufpel.edu.br\/coortepampa\/files\/2023\/05\/carine-768x1365.jpeg 768w, https:\/\/wp.ufpel.edu.br\/coortepampa\/files\/2023\/05\/carine-864x1536.jpeg 864w, https:\/\/wp.ufpel.edu.br\/coortepampa\/files\/2023\/05\/carine.jpeg 900w\" sizes=\"auto, (max-width: 66px) 100vw, 66px\" \/>\u00a0 Carine Nascimento da Silva |\u00a0<a href=\"http:\/\/lattes.cnpq.br\/3204845199001798\" target=\"_blank\" rel=\"noopener\">Lattes<\/a><\/p>\n<p><img loading=\"lazy\" decoding=\"async\" class=\"wp-image-260 alignnone\" src=\"https:\/\/wp.ufpel.edu.br\/coortepampa\/files\/2021\/01\/carol.jpg\" alt=\"\" width=\"63\" height=\"86\" \/> Caroline Malue Huckembeck | <a href=\"http:\/\/lattes.cnpq.br\/2129727544140129\" target=\"_blank\" rel=\"noopener noreferrer\">Lattes<\/a><\/p>\n<p><img loading=\"lazy\" decoding=\"async\" class=\"wp-image-222 alignnone\" src=\"https:\/\/wp.ufpel.edu.br\/ecosusufpel\/files\/2019\/06\/1-2.jpg\" alt=\"\" width=\"63\" height=\"67\" \/>\u00a0 Felipe Mendes Delpino | <a href=\"http:\/\/lattes.cnpq.br\/1147125101172719\" target=\"_blank\" rel=\"noopener noreferrer\">Lattes<\/a><\/p>\n<p><img loading=\"lazy\" decoding=\"async\" class=\"alignnone wp-image-120\" src=\"https:\/\/wp.ufpel.edu.br\/coortepampa\/files\/2023\/05\/helena-300x400.jpeg\" alt=\"\" width=\"66\" height=\"88\" srcset=\"https:\/\/wp.ufpel.edu.br\/coortepampa\/files\/2023\/05\/helena-300x400.jpeg 300w, https:\/\/wp.ufpel.edu.br\/coortepampa\/files\/2023\/05\/helena-768x1024.jpeg 768w, https:\/\/wp.ufpel.edu.br\/coortepampa\/files\/2023\/05\/helena-1152x1536.jpeg 1152w, https:\/\/wp.ufpel.edu.br\/coortepampa\/files\/2023\/05\/helena.jpeg 1200w\" sizes=\"auto, (max-width: 66px) 100vw, 66px\" \/>\u00a0 Helena da Costa Pereira |\u00a0<a href=\"https:\/\/lattes.cnpq.br\/3302449003087605\" target=\"_blank\" rel=\"noopener\">Lattes<\/a><\/p>\n<p><img loading=\"lazy\" decoding=\"async\" class=\"alignnone wp-image-119\" src=\"https:\/\/wp.ufpel.edu.br\/coortepampa\/files\/2023\/05\/isabel-225x400.jpeg\" alt=\"\" width=\"66\" height=\"117\" srcset=\"https:\/\/wp.ufpel.edu.br\/coortepampa\/files\/2023\/05\/isabel-225x400.jpeg 225w, https:\/\/wp.ufpel.edu.br\/coortepampa\/files\/2023\/05\/isabel-576x1024.jpeg 576w, https:\/\/wp.ufpel.edu.br\/coortepampa\/files\/2023\/05\/isabel-768x1365.jpeg 768w, https:\/\/wp.ufpel.edu.br\/coortepampa\/files\/2023\/05\/isabel.jpeg 828w\" sizes=\"auto, (max-width: 66px) 100vw, 66px\" \/>\u00a0 Isabel de Almeida Paz |\u00a0<a href=\"http:\/\/lattes.cnpq.br\/4650979571078015\" target=\"_blank\" rel=\"noopener\">Lattes<\/a><\/p>\n<p><img loading=\"lazy\" decoding=\"async\" class=\"alignnone wp-image-264\" src=\"https:\/\/wp.ufpel.edu.br\/coortepampa\/files\/2021\/01\/jayne.jpg\" alt=\"\" width=\"70\" height=\"60\" \/>\u00a0 Jayne Santos Leite | <a href=\"http:\/\/lattes.cnpq.br\/5300592922131358\" target=\"_blank\" rel=\"noopener noreferrer\">Lattes<\/a><\/p>\n<p><img loading=\"lazy\" decoding=\"async\" class=\"alignnone wp-image-118\" src=\"https:\/\/wp.ufpel.edu.br\/coortepampa\/files\/2023\/05\/julia-carolina-364x400.jpeg\" alt=\"\" width=\"66\" height=\"73\" srcset=\"https:\/\/wp.ufpel.edu.br\/coortepampa\/files\/2023\/05\/julia-carolina-364x400.jpeg 364w, https:\/\/wp.ufpel.edu.br\/coortepampa\/files\/2023\/05\/julia-carolina-932x1024.jpeg 932w, https:\/\/wp.ufpel.edu.br\/coortepampa\/files\/2023\/05\/julia-carolina-768x844.jpeg 768w, https:\/\/wp.ufpel.edu.br\/coortepampa\/files\/2023\/05\/julia-carolina-1398x1536.jpeg 1398w, https:\/\/wp.ufpel.edu.br\/coortepampa\/files\/2023\/05\/julia-carolina.jpeg 1456w\" sizes=\"auto, (max-width: 66px) 100vw, 66px\" \/>\u00a0 J\u00falia Carolina Baptista Gon\u00e7alves |\u00a0<a href=\"http:\/\/lattes.cnpq.br\/2756790502411423\" target=\"_blank\" rel=\"noopener\">Lattes<\/a><\/p>\n<p><img loading=\"lazy\" decoding=\"async\" class=\"wp-image-222 alignnone\" src=\"https:\/\/wp.ufpel.edu.br\/coortepampa\/files\/2021\/01\/julia.jpg\" alt=\"\" width=\"63\" height=\"67\" \/>\u00a0 Julia Cassuriaga | <a href=\"http:\/\/lattes.cnpq.br\/6779716638458131\" target=\"_blank\" rel=\"noopener noreferrer\">Lattes<\/a><\/p>\n<p><img loading=\"lazy\" decoding=\"async\" class=\"alignnone wp-image-116\" src=\"https:\/\/wp.ufpel.edu.br\/coortepampa\/files\/2023\/05\/julianar-ocha-400x400.jpeg\" alt=\"\" width=\"66\" height=\"66\" srcset=\"https:\/\/wp.ufpel.edu.br\/coortepampa\/files\/2023\/05\/julianar-ocha-400x400.jpeg 400w, https:\/\/wp.ufpel.edu.br\/coortepampa\/files\/2023\/05\/julianar-ocha-200x200.jpeg 200w, https:\/\/wp.ufpel.edu.br\/coortepampa\/files\/2023\/05\/julianar-ocha-600x600.jpeg 600w, https:\/\/wp.ufpel.edu.br\/coortepampa\/files\/2023\/05\/julianar-ocha-150x150.jpeg 150w, https:\/\/wp.ufpel.edu.br\/coortepampa\/files\/2023\/05\/julianar-ocha.jpeg 626w\" sizes=\"auto, (max-width: 66px) 100vw, 66px\" \/> Juliana Quadros Santos Rocha |\u00a0<a href=\"http:\/\/lattes.cnpq.br\/8937708372625012\" target=\"_blank\" rel=\"noopener\">Lattes<\/a><\/p>\n<p><img loading=\"lazy\" decoding=\"async\" class=\"alignnone wp-image-121\" src=\"https:\/\/wp.ufpel.edu.br\/coortepampa\/files\/2023\/05\/larissa-cunha.jpeg\" alt=\"\" width=\"66\" height=\"114\" \/>\u00a0 Larissa Leal da Cunha |\u00a0<a href=\"http:\/\/lattes.cnpq.br\/3147767425921259\" target=\"_blank\" rel=\"noopener\">Lattes<\/a><\/p>\n<p><img loading=\"lazy\" decoding=\"async\" class=\"alignnone wp-image-126\" src=\"https:\/\/wp.ufpel.edu.br\/coortepampa\/files\/2023\/05\/luisa-400x397.jpeg\" alt=\"\" width=\"66\" height=\"66\" srcset=\"https:\/\/wp.ufpel.edu.br\/coortepampa\/files\/2023\/05\/luisa-400x400.jpeg 400w, https:\/\/wp.ufpel.edu.br\/coortepampa\/files\/2023\/05\/luisa-200x200.jpeg 200w, https:\/\/wp.ufpel.edu.br\/coortepampa\/files\/2023\/05\/luisa-600x600.jpeg 600w, https:\/\/wp.ufpel.edu.br\/coortepampa\/files\/2023\/05\/luisa-150x150.jpeg 150w, https:\/\/wp.ufpel.edu.br\/coortepampa\/files\/2023\/05\/luisa.jpeg 720w\" sizes=\"auto, (max-width: 66px) 100vw, 66px\" \/> Lu\u00edsa Silveira da Silva |\u00a0<a href=\"http:\/\/lattes.cnpq.br\/7089415198182227\" target=\"_blank\" rel=\"noopener\">Lattes<\/a><\/p>\n<p><img loading=\"lazy\" decoding=\"async\" class=\"alignnone wp-image-123\" src=\"https:\/\/wp.ufpel.edu.br\/coortepampa\/files\/2023\/05\/matheus-pintanel-400x400.jpeg\" alt=\"\" width=\"66\" height=\"66\" srcset=\"https:\/\/wp.ufpel.edu.br\/coortepampa\/files\/2023\/05\/matheus-pintanel-400x400.jpeg 400w, https:\/\/wp.ufpel.edu.br\/coortepampa\/files\/2023\/05\/matheus-pintanel-1024x1024.jpeg 1024w, https:\/\/wp.ufpel.edu.br\/coortepampa\/files\/2023\/05\/matheus-pintanel-200x200.jpeg 200w, https:\/\/wp.ufpel.edu.br\/coortepampa\/files\/2023\/05\/matheus-pintanel-768x769.jpeg 768w, https:\/\/wp.ufpel.edu.br\/coortepampa\/files\/2023\/05\/matheus-pintanel-600x600.jpeg 600w, https:\/\/wp.ufpel.edu.br\/coortepampa\/files\/2023\/05\/matheus-pintanel-150x150.jpeg 150w, https:\/\/wp.ufpel.edu.br\/coortepampa\/files\/2023\/05\/matheus-pintanel.jpeg 1080w\" sizes=\"auto, (max-width: 66px) 100vw, 66px\" \/>\u00a0 Matheus Pintanel Silva de Freitas |\u00a0<a href=\"http:\/\/lattes.cnpq.br\/0318005389526567\" target=\"_blank\" rel=\"noopener\">Lattes<\/a><\/p>\n<p><img loading=\"lazy\" decoding=\"async\" class=\"alignnone wp-image-125\" src=\"https:\/\/wp.ufpel.edu.br\/coortepampa\/files\/2023\/05\/Nata\u0301lia-Schro\u0308eder-400x400.jpeg\" alt=\"\" width=\"66\" height=\"66\" srcset=\"https:\/\/wp.ufpel.edu.br\/coortepampa\/files\/2023\/05\/Nata\u0301lia-Schro\u0308eder-400x400.jpeg 400w, https:\/\/wp.ufpel.edu.br\/coortepampa\/files\/2023\/05\/Nata\u0301lia-Schro\u0308eder-200x200.jpeg 200w, https:\/\/wp.ufpel.edu.br\/coortepampa\/files\/2023\/05\/Nata\u0301lia-Schro\u0308eder-150x150.jpeg 150w, https:\/\/wp.ufpel.edu.br\/coortepampa\/files\/2023\/05\/Nata\u0301lia-Schro\u0308eder.jpeg 563w\" sizes=\"auto, (max-width: 66px) 100vw, 66px\" \/>\u00a0 Nat\u00e1lia Schr\u00f6eder |\u00a0<a href=\"http:\/\/lattes.cnpq.br\/5108452648395745\" target=\"_blank\" rel=\"noopener\">Lattes<\/a><\/p>\n<p><img loading=\"lazy\" decoding=\"async\" class=\"alignnone wp-image-124\" src=\"https:\/\/wp.ufpel.edu.br\/coortepampa\/files\/2023\/05\/talita-225x400.jpeg\" alt=\"\" width=\"66\" height=\"117\" srcset=\"https:\/\/wp.ufpel.edu.br\/coortepampa\/files\/2023\/05\/talita-225x400.jpeg 225w, https:\/\/wp.ufpel.edu.br\/coortepampa\/files\/2023\/05\/talita-576x1024.jpeg 576w, https:\/\/wp.ufpel.edu.br\/coortepampa\/files\/2023\/05\/talita-768x1366.jpeg 768w, https:\/\/wp.ufpel.edu.br\/coortepampa\/files\/2023\/05\/talita-864x1536.jpeg 864w, https:\/\/wp.ufpel.edu.br\/coortepampa\/files\/2023\/05\/talita.jpeg 899w\" sizes=\"auto, (max-width: 66px) 100vw, 66px\" \/>\u00a0 Talita Antiqueira Barbosa | <a href=\"https:\/\/lattes.cnpq.br\/9962506072815442\" target=\"_blank\" rel=\"noopener\">Lattes<\/a><\/p>\n<p><img loading=\"lazy\" decoding=\"async\" class=\"alignnone wp-image-117\" src=\"https:\/\/wp.ufpel.edu.br\/coortepampa\/files\/2023\/05\/yohanna-326x400.jpeg\" alt=\"\" width=\"66\" height=\"81\" srcset=\"https:\/\/wp.ufpel.edu.br\/coortepampa\/files\/2023\/05\/yohanna-326x400.jpeg 326w, https:\/\/wp.ufpel.edu.br\/coortepampa\/files\/2023\/05\/yohanna-768x942.jpeg 768w, https:\/\/wp.ufpel.edu.br\/coortepampa\/files\/2023\/05\/yohanna.jpeg 829w\" sizes=\"auto, (max-width: 66px) 100vw, 66px\" \/>\u00a0 Yohana Pereira Vieira | <a href=\"http:\/\/lattes.cnpq.br\/4372038368800217\" target=\"_blank\" rel=\"noopener\">Lattes<\/a><\/p>\n","protected":false},"excerpt":{"rendered":"<p>A seguir, voc\u00ea pode conhecer todos n\u00f3s que estamos trabalhando neste estudo. Coordena\u00e7\u00e3o: Universidade Federal de Pelotas\/UFPEL Eduardo Lucia Caputo | Lattes Natan Feter | Lattes Professores: Airton Jos\u00e9 Rombaldi | Lattes Felipe Fossati Reichert | Lattes Marcelo Cozzensa da Silva | Lattes Equipe: \u00a0 Carine Nascimento da Silva |\u00a0Lattes Caroline Malue Huckembeck | Lattes [&hellip;]<\/p>\n","protected":false},"author":1119,"featured_media":0,"parent":0,"menu_order":0,"comment_status":"closed","ping_status":"closed","template":"","meta":{"footnotes":""},"class_list":["post-26","page","type-page","status-publish","hentry"],"_links":{"self":[{"href":"https:\/\/wp.ufpel.edu.br\/coortepampa\/wp-json\/wp\/v2\/pages\/26","targetHints":{"allow":["GET"]}}],"collection":[{"href":"https:\/\/wp.ufpel.edu.br\/coortepampa\/wp-json\/wp\/v2\/pages"}],"about":[{"href":"https:\/\/wp.ufpel.edu.br\/coortepampa\/wp-json\/wp\/v2\/types\/page"}],"author":[{"embeddable":true,"href":"https:\/\/wp.ufpel.edu.br\/coortepampa\/wp-json\/wp\/v2\/users\/1119"}],"replies":[{"embeddable":true,"href":"https:\/\/wp.ufpel.edu.br\/coortepampa\/wp-json\/wp\/v2\/comments?post=26"}],"version-history":[{"count":20,"href":"https:\/\/wp.ufpel.edu.br\/coortepampa\/wp-json\/wp\/v2\/pages\/26\/revisions"}],"predecessor-version":[{"id":145,"href":"https:\/\/wp.ufpel.edu.br\/coortepampa\/wp-json\/wp\/v2\/pages\/26\/revisions\/145"}],"wp:attachment":[{"href":"https:\/\/wp.ufpel.edu.br\/coortepampa\/wp-json\/wp\/v2\/media?parent=26"}],"curies":[{"name":"wp","href":"https:\/\/api.w.org\/{rel}","templated":true}]}}