{"id":2,"date":"2021-01-27T15:25:36","date_gmt":"2021-01-27T18:25:36","guid":{"rendered":"https:\/\/wp.ufpel.edu.br\/coortepampa\/?page_id=2"},"modified":"2023-05-31T18:07:36","modified_gmt":"2023-05-31T21:07:36","slug":"pagina-exemplo","status":"publish","type":"page","link":"https:\/\/wp.ufpel.edu.br\/coortepampa\/","title":{"rendered":"Apresenta\u00e7\u00e3o"},"content":{"rendered":"\r\n<p style=\"text-align: justify;\">Esta pesquisa foi pensada devido \u00e0 necessidade de obten\u00e7\u00e3o de informa\u00e7\u00f5es sobre como a popula\u00e7\u00e3o rio-grandense est\u00e1 enfrentando o per\u00edodo de isolamento social devida \u00e0 pandemia da COVID-19.\u00a0<\/p>\r\n<p style=\"text-align: justify;\">A Coorte PAMPA teve sua primeira coleta realizada em Junho de 2020. Desde ent\u00e3o seguimos trabalhando continuamente para a realiza\u00e7\u00e3o das etapas posteriores do estudo que foram em dezembro de 2020, tendo novas coletas anualmente em junho de 2021, 2022 e 2023.\u00a0<\/p>\r\n<p style=\"text-align: justify;\">A equipe da Coorte PAMPA \u00e9 formada por pesquisadores, alunos de gradua\u00e7\u00e3o e p\u00f3s-gradua\u00e7\u00e3o de diferentes institui\u00e7\u00f5es de ensino (UFPel, UFRGS, FURG e Brown University.). Todos n\u00f3s somos comprometidos e comprometidas em fazer um estudo de qualidade e devolver os resultados aos participantes e a sociedade.<\/p>\r\n<p style=\"text-align: justify;\">Buscamos entender quais os efeitos diretos e indiretos da pandemia de COVID-19 na sa\u00fade da popula\u00e7\u00e3o ga\u00facha, para que a partir do diagn\u00f3stico da situa\u00e7\u00e3o atual, medidas resolutivas sejam tomadas e atendam as necessidades nossa popula\u00e7\u00e3o.\u00a0 Pensando nisso, a COORTE PAMPA foi criada, com o objetivo de investigar: Qual o efeito do isolamento social na sa\u00fade f\u00edsica e mental da popula\u00e7\u00e3o do Rio Grande do Sul?<\/p>\r\n<h5>Nos acompanhe nas redes sociais: @coortepampa2020, no Instagram e\/ou Facebook.\u00a0<\/h5>\r\n","protected":false},"excerpt":{"rendered":"<p>Esta pesquisa foi pensada devido \u00e0 necessidade de obten\u00e7\u00e3o de informa\u00e7\u00f5es sobre como a popula\u00e7\u00e3o rio-grandense est\u00e1 enfrentando o per\u00edodo de isolamento social devida \u00e0 pandemia da COVID-19.\u00a0 A Coorte PAMPA teve sua primeira coleta realizada em Junho de 2020. Desde ent\u00e3o seguimos trabalhando continuamente para a realiza\u00e7\u00e3o das etapas posteriores do estudo que foram [&hellip;]<\/p>\n","protected":false},"author":1119,"featured_media":0,"parent":0,"menu_order":0,"comment_status":"closed","ping_status":"closed","template":"","meta":{"footnotes":""},"class_list":["post-2","page","type-page","status-publish","hentry"],"_links":{"self":[{"href":"https:\/\/wp.ufpel.edu.br\/coortepampa\/wp-json\/wp\/v2\/pages\/2","targetHints":{"allow":["GET"]}}],"collection":[{"href":"https:\/\/wp.ufpel.edu.br\/coortepampa\/wp-json\/wp\/v2\/pages"}],"about":[{"href":"https:\/\/wp.ufpel.edu.br\/coortepampa\/wp-json\/wp\/v2\/types\/page"}],"author":[{"embeddable":true,"href":"https:\/\/wp.ufpel.edu.br\/coortepampa\/wp-json\/wp\/v2\/users\/1119"}],"replies":[{"embeddable":true,"href":"https:\/\/wp.ufpel.edu.br\/coortepampa\/wp-json\/wp\/v2\/comments?post=2"}],"version-history":[{"count":10,"href":"https:\/\/wp.ufpel.edu.br\/coortepampa\/wp-json\/wp\/v2\/pages\/2\/revisions"}],"predecessor-version":[{"id":157,"href":"https:\/\/wp.ufpel.edu.br\/coortepampa\/wp-json\/wp\/v2\/pages\/2\/revisions\/157"}],"wp:attachment":[{"href":"https:\/\/wp.ufpel.edu.br\/coortepampa\/wp-json\/wp\/v2\/media?parent=2"}],"curies":[{"name":"wp","href":"https:\/\/api.w.org\/{rel}","templated":true}]}}