{"id":18,"date":"2021-01-27T17:56:15","date_gmt":"2021-01-27T20:56:15","guid":{"rendered":"https:\/\/wp.ufpel.edu.br\/coortepampa\/?page_id=18"},"modified":"2023-05-31T17:02:49","modified_gmt":"2023-05-31T20:02:49","slug":"publicacoes","status":"publish","type":"page","link":"https:\/\/wp.ufpel.edu.br\/coortepampa\/publicacoes\/","title":{"rendered":"Publica\u00e7\u00f5es"},"content":{"rendered":"<p style=\"text-align: justify;\">1. Este foi o primeiro material produzido a fim de divulgarmos abertamente o\u00a0 protocolo da Coorte Pampa. Ele est\u00e1 dispon\u00edvel em preprint e nele explicamos a metodologia utilizada e como todo o trabalho foi desenvolvido.<\/p>\n<p style=\"text-align: center;\">Para saber os detalhes <a href=\"https:\/\/www.medrxiv.org\/content\/10.1101\/2020.07.22.20160309v1\">clique aqui.<\/a><\/p>\n<p><img loading=\"lazy\" decoding=\"async\" class=\"size-medium wp-image-65 aligncenter\" src=\"https:\/\/wp.ufpel.edu.br\/coortepampa\/files\/2021\/02\/WhatsApp-Image-2021-02-19-at-21.29.20-400x400.jpeg\" alt=\"\" width=\"400\" height=\"400\" srcset=\"https:\/\/wp.ufpel.edu.br\/coortepampa\/files\/2021\/02\/WhatsApp-Image-2021-02-19-at-21.29.20-400x400.jpeg 400w, https:\/\/wp.ufpel.edu.br\/coortepampa\/files\/2021\/02\/WhatsApp-Image-2021-02-19-at-21.29.20-1024x1024.jpeg 1024w, https:\/\/wp.ufpel.edu.br\/coortepampa\/files\/2021\/02\/WhatsApp-Image-2021-02-19-at-21.29.20-200x200.jpeg 200w, https:\/\/wp.ufpel.edu.br\/coortepampa\/files\/2021\/02\/WhatsApp-Image-2021-02-19-at-21.29.20-768x768.jpeg 768w, https:\/\/wp.ufpel.edu.br\/coortepampa\/files\/2021\/02\/WhatsApp-Image-2021-02-19-at-21.29.20-600x600.jpeg 600w, https:\/\/wp.ufpel.edu.br\/coortepampa\/files\/2021\/02\/WhatsApp-Image-2021-02-19-at-21.29.20-150x150.jpeg 150w, https:\/\/wp.ufpel.edu.br\/coortepampa\/files\/2021\/02\/WhatsApp-Image-2021-02-19-at-21.29.20.jpeg 1080w\" sizes=\"auto, (max-width: 400px) 100vw, 400px\" \/><\/p>\n<p>&nbsp;<\/p>\n<p style=\"text-align: justify;\">2. Neste pr\u00f3ximo artigo tivemos como objetivo compartilhar nossa experi\u00eancia de recrutamento de participantes atrav\u00e9s das redes sociais para o nosso estudo.<\/p>\n<p>Para saber dos detalhes das estrat\u00e9gias que utilizamos nas redes sociais\u00a0<a href=\"https:\/\/rbafs.org.br\/RBAFS\/article\/view\/14455\">clique aqui<\/a>.<img loading=\"lazy\" decoding=\"async\" class=\"size-medium wp-image-68 aligncenter\" src=\"https:\/\/wp.ufpel.edu.br\/coortepampa\/files\/2021\/03\/WhatsApp-Image-2021-03-01-at-18.16.10-400x400.jpeg\" alt=\"\" width=\"400\" height=\"400\" srcset=\"https:\/\/wp.ufpel.edu.br\/coortepampa\/files\/2021\/03\/WhatsApp-Image-2021-03-01-at-18.16.10-400x400.jpeg 400w, https:\/\/wp.ufpel.edu.br\/coortepampa\/files\/2021\/03\/WhatsApp-Image-2021-03-01-at-18.16.10-1024x1024.jpeg 1024w, https:\/\/wp.ufpel.edu.br\/coortepampa\/files\/2021\/03\/WhatsApp-Image-2021-03-01-at-18.16.10-200x200.jpeg 200w, https:\/\/wp.ufpel.edu.br\/coortepampa\/files\/2021\/03\/WhatsApp-Image-2021-03-01-at-18.16.10-768x768.jpeg 768w, https:\/\/wp.ufpel.edu.br\/coortepampa\/files\/2021\/03\/WhatsApp-Image-2021-03-01-at-18.16.10-600x600.jpeg 600w, https:\/\/wp.ufpel.edu.br\/coortepampa\/files\/2021\/03\/WhatsApp-Image-2021-03-01-at-18.16.10-150x150.jpeg 150w, https:\/\/wp.ufpel.edu.br\/coortepampa\/files\/2021\/03\/WhatsApp-Image-2021-03-01-at-18.16.10.jpeg 1280w\" sizes=\"auto, (max-width: 400px) 100vw, 400px\" \/><\/p>\n<p style=\"text-align: justify;\">3. Dando sequ\u00eancia a apresenta\u00e7\u00e3o dos estudos publicados com os dados da primeira coleta da Coorte PAMPA (junho-julho de 2020) apresentamos o estudo sobre doen\u00e7as cr\u00f4nicas. Nesse artigo o objetivo foi identificar o impacto do distanciamento social no manejo das doen\u00e7as cr\u00f4nicas n\u00e3o-transmiss\u00edveis (DCNT) na popula\u00e7\u00e3o adulta do estado do Rio Grande do Sul.<\/p>\n<p>\ud83e\udde9Para saber os resultados e todos os detalhes desse estudo, <a href=\"https:\/\/www.cienciaesaudecoletiva.com.br\/artigos\/managing-noncommunicable-diseases-during-the-covid19-pandemic-in-brazil-findingsthe-pampa-cohort\/17829?id=17829\">clique aqui<\/a>.<\/p>\n<p><img loading=\"lazy\" decoding=\"async\" class=\"aligncenter size-medium wp-image-70\" src=\"https:\/\/wp.ufpel.edu.br\/coortepampa\/files\/2021\/03\/WhatsApp-Image-2021-03-04-at-17.32.11-400x400.jpeg\" alt=\"\" width=\"400\" height=\"400\" srcset=\"https:\/\/wp.ufpel.edu.br\/coortepampa\/files\/2021\/03\/WhatsApp-Image-2021-03-04-at-17.32.11-400x400.jpeg 400w, https:\/\/wp.ufpel.edu.br\/coortepampa\/files\/2021\/03\/WhatsApp-Image-2021-03-04-at-17.32.11-1024x1024.jpeg 1024w, https:\/\/wp.ufpel.edu.br\/coortepampa\/files\/2021\/03\/WhatsApp-Image-2021-03-04-at-17.32.11-200x200.jpeg 200w, https:\/\/wp.ufpel.edu.br\/coortepampa\/files\/2021\/03\/WhatsApp-Image-2021-03-04-at-17.32.11-768x768.jpeg 768w, https:\/\/wp.ufpel.edu.br\/coortepampa\/files\/2021\/03\/WhatsApp-Image-2021-03-04-at-17.32.11-600x600.jpeg 600w, https:\/\/wp.ufpel.edu.br\/coortepampa\/files\/2021\/03\/WhatsApp-Image-2021-03-04-at-17.32.11-150x150.jpeg 150w, https:\/\/wp.ufpel.edu.br\/coortepampa\/files\/2021\/03\/WhatsApp-Image-2021-03-04-at-17.32.11.jpeg 1280w\" sizes=\"auto, (max-width: 400px) 100vw, 400px\" \/><\/p>\n<p style=\"text-align: justify;\">4. Neste artigo o objetivo deste artigo foi comparar a preval\u00eancia de sintomas de depress\u00e3o e ansiedade antes e durante a pandemia e identificar fatores associados a sintomas de sa\u00fade mental agravados.<\/p>\n<p>Para saber mais sobre os achados <a href=\"https:\/\/www.sciencedirect.com\/science\/article\/pii\/S0033350620305011?via%3Dihub\">clica nesse link<\/a> e aproveite a leitura.<\/p>\n<p><img loading=\"lazy\" decoding=\"async\" class=\"aligncenter size-medium wp-image-73\" src=\"https:\/\/wp.ufpel.edu.br\/coortepampa\/files\/2021\/03\/WhatsApp-Image-2021-03-10-at-19.17.55-400x400.jpeg\" alt=\"\" width=\"400\" height=\"400\" srcset=\"https:\/\/wp.ufpel.edu.br\/coortepampa\/files\/2021\/03\/WhatsApp-Image-2021-03-10-at-19.17.55-400x400.jpeg 400w, https:\/\/wp.ufpel.edu.br\/coortepampa\/files\/2021\/03\/WhatsApp-Image-2021-03-10-at-19.17.55-1024x1024.jpeg 1024w, https:\/\/wp.ufpel.edu.br\/coortepampa\/files\/2021\/03\/WhatsApp-Image-2021-03-10-at-19.17.55-200x200.jpeg 200w, https:\/\/wp.ufpel.edu.br\/coortepampa\/files\/2021\/03\/WhatsApp-Image-2021-03-10-at-19.17.55-768x768.jpeg 768w, https:\/\/wp.ufpel.edu.br\/coortepampa\/files\/2021\/03\/WhatsApp-Image-2021-03-10-at-19.17.55-600x600.jpeg 600w, https:\/\/wp.ufpel.edu.br\/coortepampa\/files\/2021\/03\/WhatsApp-Image-2021-03-10-at-19.17.55-150x150.jpeg 150w, https:\/\/wp.ufpel.edu.br\/coortepampa\/files\/2021\/03\/WhatsApp-Image-2021-03-10-at-19.17.55.jpeg 1280w\" sizes=\"auto, (max-width: 400px) 100vw, 400px\" \/><\/p>\n<p style=\"text-align: justify;\">5. Mais um artigo cient\u00edfico publicado pela equipe da Coorte PAMPA. Nele tivemos o objetivo de examinar se a atividade f\u00edsica durante as restri\u00e7\u00f5es de distanciamento social poderia reduzir o risco de decl\u00ednio subjetivo da mem\u00f3ria em adultos.<\/p>\n<p><a href=\"https:\/\/www.sciencedirect.com\/science\/article\/pii\/S0091743520304461?via%3Dihub\">Clique aqui<\/a> para saber mais sobre os resultados.<\/p>\n<p><img loading=\"lazy\" decoding=\"async\" class=\"aligncenter size-medium wp-image-74\" src=\"https:\/\/wp.ufpel.edu.br\/coortepampa\/files\/2021\/03\/WhatsApp-Image-2021-03-19-at-15.58.29-400x400.jpeg\" alt=\"\" width=\"400\" height=\"400\" srcset=\"https:\/\/wp.ufpel.edu.br\/coortepampa\/files\/2021\/03\/WhatsApp-Image-2021-03-19-at-15.58.29-400x400.jpeg 400w, https:\/\/wp.ufpel.edu.br\/coortepampa\/files\/2021\/03\/WhatsApp-Image-2021-03-19-at-15.58.29-1024x1024.jpeg 1024w, https:\/\/wp.ufpel.edu.br\/coortepampa\/files\/2021\/03\/WhatsApp-Image-2021-03-19-at-15.58.29-200x200.jpeg 200w, https:\/\/wp.ufpel.edu.br\/coortepampa\/files\/2021\/03\/WhatsApp-Image-2021-03-19-at-15.58.29-768x768.jpeg 768w, https:\/\/wp.ufpel.edu.br\/coortepampa\/files\/2021\/03\/WhatsApp-Image-2021-03-19-at-15.58.29-600x600.jpeg 600w, https:\/\/wp.ufpel.edu.br\/coortepampa\/files\/2021\/03\/WhatsApp-Image-2021-03-19-at-15.58.29-150x150.jpeg 150w, https:\/\/wp.ufpel.edu.br\/coortepampa\/files\/2021\/03\/WhatsApp-Image-2021-03-19-at-15.58.29.jpeg 1280w\" sizes=\"auto, (max-width: 400px) 100vw, 400px\" \/><\/p>\n<p style=\"text-align: justify;\">6. Neste manuscrito comparamos a preval\u00eancia de depress\u00e3o e sintomas de ansiedade antes e durante a pandemia para identificar fatores associados a sintomas de sa\u00fade mental agravados.<\/p>\n<p>Acesse o artigo\u00a0<a href=\"https:\/\/doi.org\/10.1016\/j.puhe.2020.11.013\" target=\"_blank\" rel=\"noopener\">clicando aqui<\/a>.<\/p>\n<p><img loading=\"lazy\" decoding=\"async\" class=\"aligncenter size-medium wp-image-131\" src=\"https:\/\/wp.ufpel.edu.br\/coortepampa\/files\/2023\/05\/Screen-Shot-2023-05-31-at-3.45.26-PM-400x268.png\" alt=\"\" width=\"400\" height=\"268\" srcset=\"https:\/\/wp.ufpel.edu.br\/coortepampa\/files\/2023\/05\/Screen-Shot-2023-05-31-at-3.45.26-PM-400x268.png 400w, https:\/\/wp.ufpel.edu.br\/coortepampa\/files\/2023\/05\/Screen-Shot-2023-05-31-at-3.45.26-PM.png 697w\" sizes=\"auto, (max-width: 400px) 100vw, 400px\" \/><\/p>\n<p style=\"text-align: justify;\">7. O s\u00e9timo artigo publicado com dados da Coorte PAMPA investigou o impacto do distanciamento social no manejo de doen\u00e7as n\u00e3o transmiss\u00edveis na popula\u00e7\u00e3o adulta do estado do Rio Grande do Sul, sul do Brasil.<\/p>\n<p>Acesse o artigo\u00a0<a href=\"https:\/\/doi.org\/10.1590\/1413-81232021263.39232020\" target=\"_blank\" rel=\"noopener\">clicando aqui!<\/a><\/p>\n<p><img loading=\"lazy\" decoding=\"async\" class=\"aligncenter size-medium wp-image-133\" src=\"https:\/\/wp.ufpel.edu.br\/coortepampa\/files\/2023\/05\/Screen-Shot-2023-05-31-at-3.51.27-PM-400x124.png\" alt=\"\" width=\"400\" height=\"124\" srcset=\"https:\/\/wp.ufpel.edu.br\/coortepampa\/files\/2023\/05\/Screen-Shot-2023-05-31-at-3.51.27-PM-400x124.png 400w, https:\/\/wp.ufpel.edu.br\/coortepampa\/files\/2023\/05\/Screen-Shot-2023-05-31-at-3.51.27-PM-1024x318.png 1024w, https:\/\/wp.ufpel.edu.br\/coortepampa\/files\/2023\/05\/Screen-Shot-2023-05-31-at-3.51.27-PM-768x238.png 768w, https:\/\/wp.ufpel.edu.br\/coortepampa\/files\/2023\/05\/Screen-Shot-2023-05-31-at-3.51.27-PM.png 1050w\" sizes=\"auto, (max-width: 400px) 100vw, 400px\" \/><\/p>\n<p>&nbsp;<\/p>\n<p style=\"text-align: justify;\">8. A atividade f\u00edsica tem impacto positivo na sa\u00fade mental. Nesse pr\u00f3ximo artigo cient\u00edfico, tamb\u00e9m j\u00e1 publicado o objetivo foi examinar a associa\u00e7\u00e3o longitudinal entre a pr\u00e1tica de atividade f\u00edsica e a incid\u00eancia de depress\u00e3o em adultos no sul do Brasil durante a pandemia de COVID-19. Acesse o artigo\u00a0<a href=\"https:\/\/doi.org\/10.1016\/j.mhpa.2022.100468\" target=\"_blank\" rel=\"noopener\">clicando neste link.<\/a><\/p>\n<p><img loading=\"lazy\" decoding=\"async\" class=\"aligncenter size-medium wp-image-134\" src=\"https:\/\/wp.ufpel.edu.br\/coortepampa\/files\/2023\/05\/Screen-Shot-2023-05-31-at-4.25.40-PM-400x204.png\" alt=\"\" width=\"400\" height=\"204\" srcset=\"https:\/\/wp.ufpel.edu.br\/coortepampa\/files\/2023\/05\/Screen-Shot-2023-05-31-at-4.25.40-PM-400x204.png 400w, https:\/\/wp.ufpel.edu.br\/coortepampa\/files\/2023\/05\/Screen-Shot-2023-05-31-at-4.25.40-PM.png 699w\" sizes=\"auto, (max-width: 400px) 100vw, 400px\" \/><\/p>\n<p style=\"text-align: justify;\">9. Tamb\u00e9m investigamos sobre a\u00a0 associa\u00e7\u00e3o da dura\u00e7\u00e3o do sono e do uso de medicamentos para dormir com multimorbidade com base na popula\u00e7\u00e3o da Coorte PAMPA. Clique\u00a0<a href=\"https:\/\/www.thieme-connect.de\/products\/ejournals\/abstract\/10.1055\/s-0043-1767757\" target=\"_blank\" rel=\"noopener\">aqui para acessar a publica\u00e7\u00e3o<\/a>.<\/p>\n<p><img loading=\"lazy\" decoding=\"async\" class=\"aligncenter size-medium wp-image-135\" src=\"https:\/\/wp.ufpel.edu.br\/coortepampa\/files\/2023\/05\/Screen-Shot-2023-05-31-at-4.33.52-PM-400x105.png\" alt=\"\" width=\"400\" height=\"105\" srcset=\"https:\/\/wp.ufpel.edu.br\/coortepampa\/files\/2023\/05\/Screen-Shot-2023-05-31-at-4.33.52-PM-400x105.png 400w, https:\/\/wp.ufpel.edu.br\/coortepampa\/files\/2023\/05\/Screen-Shot-2023-05-31-at-4.33.52-PM.png 699w\" sizes=\"auto, (max-width: 400px) 100vw, 400px\" \/><\/p>\n<p style=\"text-align: justify;\">10.\u00a0 Come\u00e7amos 2022 com frutos do estudo. Nesse artigo verificamos a trajet\u00f3ria de atividade f\u00edsica nos primeiros 10 meses da pandemia de COVID-19 no sul do Brasil, sendo este um estudo de acompanhamento. Leia os achados\u00a0<a href=\"https:\/\/bmcsportsscimedrehabil.biomedcentral.com\/articles\/10.1186\/s13102-022-00450-0\" target=\"_blank\" rel=\"noopener\">clicando neste link.<\/a><\/p>\n<p><img loading=\"lazy\" decoding=\"async\" class=\"aligncenter size-medium wp-image-137\" src=\"https:\/\/wp.ufpel.edu.br\/coortepampa\/files\/2023\/05\/Screen-Shot-2023-05-31-at-4.38.24-PM-400x141.png\" alt=\"\" width=\"400\" height=\"141\" srcset=\"https:\/\/wp.ufpel.edu.br\/coortepampa\/files\/2023\/05\/Screen-Shot-2023-05-31-at-4.38.24-PM-400x141.png 400w, https:\/\/wp.ufpel.edu.br\/coortepampa\/files\/2023\/05\/Screen-Shot-2023-05-31-at-4.38.24-PM-768x272.png 768w, https:\/\/wp.ufpel.edu.br\/coortepampa\/files\/2023\/05\/Screen-Shot-2023-05-31-at-4.38.24-PM.png 775w\" sizes=\"auto, (max-width: 400px) 100vw, 400px\" \/><\/p>\n<p style=\"text-align: justify;\">11. Monitorar indicadores de sa\u00fade mental \u00e9 um dos pilares da Coorte PAMPA. Nesta outra publica\u00e7\u00e3o da equipe de pesquisa examinamos as mudan\u00e7as nos sintomas de depress\u00e3o e ansiedade entre adultos brasileiros com mais de 10 meses da pandemia de COVID-19.<\/p>\n<p><img loading=\"lazy\" decoding=\"async\" class=\"aligncenter size-medium wp-image-138\" src=\"https:\/\/wp.ufpel.edu.br\/coortepampa\/files\/2023\/05\/Screen-Shot-2023-05-31-at-4.41.50-PM-400x246.png\" alt=\"\" width=\"400\" height=\"246\" srcset=\"https:\/\/wp.ufpel.edu.br\/coortepampa\/files\/2023\/05\/Screen-Shot-2023-05-31-at-4.41.50-PM-400x246.png 400w, https:\/\/wp.ufpel.edu.br\/coortepampa\/files\/2023\/05\/Screen-Shot-2023-05-31-at-4.41.50-PM.png 682w\" sizes=\"auto, (max-width: 400px) 100vw, 400px\" \/><\/p>\n<p>12. Neste estudo avaliamos a incid\u00eancia de multimorbidade e seus fatores associados entre adultos que vivem no estado de Rio Grande do Sul, Brasil. Confira os resultados\u00a0<a href=\"https:\/\/doi.org\/10.1590\/1516-3180.2021.0518.R1.15092021\" target=\"_blank\" rel=\"noopener\">clicando aqui.<\/a><\/p>\n<p><img loading=\"lazy\" decoding=\"async\" class=\"aligncenter size-medium wp-image-139\" src=\"https:\/\/wp.ufpel.edu.br\/coortepampa\/files\/2023\/05\/Screen-Shot-2023-05-31-at-4.48.21-PM-400x73.png\" alt=\"\" width=\"400\" height=\"73\" srcset=\"https:\/\/wp.ufpel.edu.br\/coortepampa\/files\/2023\/05\/Screen-Shot-2023-05-31-at-4.48.21-PM-400x73.png 400w, https:\/\/wp.ufpel.edu.br\/coortepampa\/files\/2023\/05\/Screen-Shot-2023-05-31-at-4.48.21-PM-1024x187.png 1024w, https:\/\/wp.ufpel.edu.br\/coortepampa\/files\/2023\/05\/Screen-Shot-2023-05-31-at-4.48.21-PM-768x141.png 768w, https:\/\/wp.ufpel.edu.br\/coortepampa\/files\/2023\/05\/Screen-Shot-2023-05-31-at-4.48.21-PM.png 1071w\" sizes=\"auto, (max-width: 400px) 100vw, 400px\" \/><\/p>\n<p>13. Confira os achados sobre o impacto da pandemia de COVID-19 em um estado do sul do Brasil, da coorte PAMPA. Clicando\u00a0<a href=\"https:\/\/wp.ufpel.edu.br\/coortepampa\/quinta-coleta-da-coorte-pampa\/\" target=\"_blank\" rel=\"noopener\">neste link.<\/a><\/p>\n<p><img loading=\"lazy\" decoding=\"async\" class=\"aligncenter size-medium wp-image-141\" src=\"https:\/\/wp.ufpel.edu.br\/coortepampa\/files\/2023\/05\/Screen-Shot-2023-05-31-at-4.54.20-PM-400x88.png\" alt=\"\" width=\"400\" height=\"88\" srcset=\"https:\/\/wp.ufpel.edu.br\/coortepampa\/files\/2023\/05\/Screen-Shot-2023-05-31-at-4.54.20-PM-400x88.png 400w, https:\/\/wp.ufpel.edu.br\/coortepampa\/files\/2023\/05\/Screen-Shot-2023-05-31-at-4.54.20-PM-768x169.png 768w, https:\/\/wp.ufpel.edu.br\/coortepampa\/files\/2023\/05\/Screen-Shot-2023-05-31-at-4.54.20-PM.png 1023w\" sizes=\"auto, (max-width: 400px) 100vw, 400px\" \/><\/p>\n<p>14. Na Coorte PAMPA, tamb\u00e9m investigamos sobre dor lombar. Os resultados sobre o\u00a0 impacto de curto prazo da pandemia de COVID-19 na dor lombar est\u00e3o documentados, confira\u00a0<a href=\"https:\/\/bmcpublichealth.biomedcentral.com\/articles\/10.1186\/s12889-022-14932-w\" target=\"_blank\" rel=\"noopener\">clicando aqui.<\/a><\/p>\n<p><img loading=\"lazy\" decoding=\"async\" class=\"aligncenter size-medium wp-image-142\" src=\"https:\/\/wp.ufpel.edu.br\/coortepampa\/files\/2023\/05\/Screen-Shot-2023-05-31-at-4.57.32-PM-400x123.png\" alt=\"\" width=\"400\" height=\"123\" srcset=\"https:\/\/wp.ufpel.edu.br\/coortepampa\/files\/2023\/05\/Screen-Shot-2023-05-31-at-4.57.32-PM-400x123.png 400w, https:\/\/wp.ufpel.edu.br\/coortepampa\/files\/2023\/05\/Screen-Shot-2023-05-31-at-4.57.32-PM-768x237.png 768w, https:\/\/wp.ufpel.edu.br\/coortepampa\/files\/2023\/05\/Screen-Shot-2023-05-31-at-4.57.32-PM.png 778w\" sizes=\"auto, (max-width: 400px) 100vw, 400px\" \/><\/p>\n<p>15. Esta publica\u00e7\u00e3o \u00e9 de 2023, na qual verificamos a incid\u00eancia de queixas de mem\u00f3ria durante a pandemia de COVID-19 no sul do Brasil com dados da coorte PAMPA. Acesse os achados\u00a0<a href=\"https:\/\/doi.org\/10.1590\/1980-5764-DN-2022-0072\" target=\"_blank\" rel=\"noopener\">clicando aqui.<\/a><\/p>\n<p><img loading=\"lazy\" decoding=\"async\" class=\"aligncenter size-medium wp-image-143\" src=\"https:\/\/wp.ufpel.edu.br\/coortepampa\/files\/2023\/05\/Screen-Shot-2023-05-31-at-5.00.41-PM-400x123.png\" alt=\"\" width=\"400\" height=\"123\" srcset=\"https:\/\/wp.ufpel.edu.br\/coortepampa\/files\/2023\/05\/Screen-Shot-2023-05-31-at-5.00.41-PM-400x123.png 400w, https:\/\/wp.ufpel.edu.br\/coortepampa\/files\/2023\/05\/Screen-Shot-2023-05-31-at-5.00.41-PM-1024x314.png 1024w, https:\/\/wp.ufpel.edu.br\/coortepampa\/files\/2023\/05\/Screen-Shot-2023-05-31-at-5.00.41-PM-768x236.png 768w, https:\/\/wp.ufpel.edu.br\/coortepampa\/files\/2023\/05\/Screen-Shot-2023-05-31-at-5.00.41-PM.png 1033w\" sizes=\"auto, (max-width: 400px) 100vw, 400px\" \/><\/p>\n","protected":false},"excerpt":{"rendered":"<p>1. Este foi o primeiro material produzido a fim de divulgarmos abertamente o\u00a0 protocolo da Coorte Pampa. Ele est\u00e1 dispon\u00edvel em preprint e nele explicamos a metodologia utilizada e como todo o trabalho foi desenvolvido. Para saber os detalhes clique aqui. &nbsp; 2. Neste pr\u00f3ximo artigo tivemos como objetivo compartilhar nossa experi\u00eancia de recrutamento de [&hellip;]<\/p>\n","protected":false},"author":1119,"featured_media":0,"parent":0,"menu_order":0,"comment_status":"closed","ping_status":"closed","template":"","meta":{"footnotes":""},"class_list":["post-18","page","type-page","status-publish","hentry"],"_links":{"self":[{"href":"https:\/\/wp.ufpel.edu.br\/coortepampa\/wp-json\/wp\/v2\/pages\/18","targetHints":{"allow":["GET"]}}],"collection":[{"href":"https:\/\/wp.ufpel.edu.br\/coortepampa\/wp-json\/wp\/v2\/pages"}],"about":[{"href":"https:\/\/wp.ufpel.edu.br\/coortepampa\/wp-json\/wp\/v2\/types\/page"}],"author":[{"embeddable":true,"href":"https:\/\/wp.ufpel.edu.br\/coortepampa\/wp-json\/wp\/v2\/users\/1119"}],"replies":[{"embeddable":true,"href":"https:\/\/wp.ufpel.edu.br\/coortepampa\/wp-json\/wp\/v2\/comments?post=18"}],"version-history":[{"count":15,"href":"https:\/\/wp.ufpel.edu.br\/coortepampa\/wp-json\/wp\/v2\/pages\/18\/revisions"}],"predecessor-version":[{"id":144,"href":"https:\/\/wp.ufpel.edu.br\/coortepampa\/wp-json\/wp\/v2\/pages\/18\/revisions\/144"}],"wp:attachment":[{"href":"https:\/\/wp.ufpel.edu.br\/coortepampa\/wp-json\/wp\/v2\/media?parent=18"}],"curies":[{"name":"wp","href":"https:\/\/api.w.org\/{rel}","templated":true}]}}