{"id":701,"date":"2017-07-04T10:25:55","date_gmt":"2017-07-04T13:25:55","guid":{"rendered":"https:\/\/wp.ufpel.edu.br\/convenios\/?page_id=701"},"modified":"2023-03-28T08:41:12","modified_gmt":"2023-03-28T11:41:12","slug":"acompanhamento-controle-e-fiscalizacao","status":"publish","type":"page","link":"https:\/\/wp.ufpel.edu.br\/convenios\/acompanhamento-controle-e-fiscalizacao\/","title":{"rendered":"Acompanhamento, Controle e Fiscaliza\u00e7\u00e3o"},"content":{"rendered":"<p style=\"text-align: justify;\"><span style=\"font-size: 18pt;\"><strong>(I) Se\u00e7\u00e3o de Acompanhamento e Controle (SAC)<\/strong><\/span><\/p>\n<p style=\"text-align: justify; padding-left: 40px;\">A SAC atua na fase de execu\u00e7\u00e3o dos Conv\u00eanios, Contratos, Acordos e Termos regidos pela Lei n\u00ba 8.958\/1994 e pelo Decreto n\u00ba 6.170\/2007, que envolvam a transfer\u00eancia ou n\u00e3o de recursos financeiros, em que a UFPel figure como \u00f3rg\u00e3o concedente, realizando procedimentos administrativos de acompanhamento e controle da execu\u00e7\u00e3o, fiscaliza\u00e7\u00e3o e avalia\u00e7\u00e3o dos instrumentos celebrados.<\/p>\n<p style=\"text-align: justify; padding-left: 40px;\">A atividade de acompanhamento e controle da execu\u00e7\u00e3o dos Conv\u00eanios, Contratos, Acordos e Termos compreende o monitoramento do cumprimento f\u00edsico das metas, etapas e fases do objeto pactuado nos instrumentos firmados para o desenvolvimento de programas e projetos de ensino, pesquisa, extens\u00e3o, desenvolvimento institucional, cient\u00edfico e tecnol\u00f3gico e est\u00edmulo \u00e0 inova\u00e7\u00e3o.<\/p>\n<p style=\"text-align: justify; padding-left: 40px;\">A normatiza\u00e7\u00e3o, no \u00e2mbito da UFPel, dos procedimentos administrativos de acompanhamento e controle da <em>execu\u00e7\u00e3o, fiscaliza\u00e7\u00e3o e avalia\u00e7\u00e3o de Conv\u00eanios, Contratos, Acordos e Termos<\/em> regidos pela Lei n\u00ba 8.958\/1994 e pelo Decreto n\u00ba 6.170\/2007, que envolvam a transfer\u00eancia ou n\u00e3o de recursos financeiros, em que a UFPel figure como \u00f3rg\u00e3o concedente \u00e9 regida atualmente pela <span style=\"color: #008000;\"><a style=\"color: #008000;\" href=\"https:\/\/sei.ufpel.edu.br\/sei\/publicacoes\/controlador_publicacoes.php?acao=publicacao_visualizar&amp;id_documento=1128821&amp;id_orgao_publicacao=0\">Portaria n\u00ba 1099, de 30 de junho de 2020<\/a><\/span> e suas altera\u00e7\u00f5es (<a href=\"https:\/\/sei.ufpel.edu.br\/sei\/publicacoes\/controlador_publicacoes.php?acao=publicacao_visualizar&amp;id_documento=1131821&amp;id_orgao_publicacao=0\"><span style=\"color: #008000;\">Portaria n\u00ba 1120, de 03 de julho de 2020<\/span><\/a>). <em>Tal norma \u00e9, portanto, de leitura obrigat\u00f3ria por parte dos Coordenadores e Fiscais.<\/em><\/p>\n<p><span style=\"font-size: 18pt;\"><strong>(II) Acompanhamento e Controle<\/strong><\/span><\/p>\n<p style=\"text-align: justify; padding-left: 40px;\">Em aten\u00e7\u00e3o a Lei n\u00ba 12.527, de 18 de novembro de 2011 (Lei de Acesso \u00c0 informa\u00e7\u00e3o), a SAC publicita a rela\u00e7\u00e3o de todos os Conv\u00eanios, Contratos, Acordos, Termos e Protocolos por ela supervisionados.\u00a0<span style=\"text-align: justify;\">Para acess\u00e1-las, basta seguir o seguinte caminho:\u00a0<\/span>Transpar\u00eancia &gt;\u00a0Instrumentos Celebrados &gt; Tipo de instrumento desejado; ou clicar nos hiperlinks para a seguir:<\/p>\n<ul>\n<li><a href=\"https:\/\/wp.ufpel.edu.br\/convenios\/convenios-2\/\">Conv\u00eanios<\/a>;<\/li>\n<li><a href=\"https:\/\/wp.ufpel.edu.br\/convenios\/contratos-3\/\">Contratos<\/a>;<\/li>\n<li><a href=\"https:\/\/wp.ufpel.edu.br\/convenios\/termos-acordos-e-protocolos\/\">Acordos, Termos e Protocolos<\/a>.<\/li>\n<\/ul>\n<p><strong style=\"font-size: 18pt;\">(III) Fiscaliza\u00e7\u00e3o<\/strong><\/p>\n<ul>\n<li><a href=\"https:\/\/wp.ufpel.edu.br\/convenios\/processo-de-fiscalizacao-e-natureza-da-funcao-de-fiscal\/\">Processo de Fiscaliza\u00e7\u00e3o e Natureza da Fun\u00e7\u00e3o de Fiscal;<\/a><\/li>\n<li><a href=\"https:\/\/wp.ufpel.edu.br\/convenios\/relatorios-semestrais-e-de-pagamentos-de-bolsas\/\">Relat\u00f3rios Semestrais e de Pagamentos de Bolsas<\/a><\/li>\n<li style=\"list-style-type: none;\"><\/li>\n<\/ul>\n","protected":false},"excerpt":{"rendered":"<p>(I) Se\u00e7\u00e3o de Acompanhamento e Controle (SAC) A SAC atua na fase de execu\u00e7\u00e3o dos Conv\u00eanios, Contratos, Acordos e Termos regidos pela Lei n\u00ba 8.958\/1994 e pelo Decreto n\u00ba 6.170\/2007, que envolvam a transfer\u00eancia ou n\u00e3o de recursos financeiros, em que a UFPel figure como \u00f3rg\u00e3o concedente, realizando procedimentos administrativos de acompanhamento e controle da [&hellip;]<\/p>\n","protected":false},"author":122,"featured_media":0,"parent":0,"menu_order":3,"comment_status":"closed","ping_status":"closed","template":"","meta":{"footnotes":""},"class_list":["post-701","page","type-page","status-publish","hentry","post"],"jetpack_sharing_enabled":true,"jetpack_likes_enabled":true,"_links":{"self":[{"href":"https:\/\/wp.ufpel.edu.br\/convenios\/wp-json\/wp\/v2\/pages\/701","targetHints":{"allow":["GET"]}}],"collection":[{"href":"https:\/\/wp.ufpel.edu.br\/convenios\/wp-json\/wp\/v2\/pages"}],"about":[{"href":"https:\/\/wp.ufpel.edu.br\/convenios\/wp-json\/wp\/v2\/types\/page"}],"author":[{"embeddable":true,"href":"https:\/\/wp.ufpel.edu.br\/convenios\/wp-json\/wp\/v2\/users\/122"}],"replies":[{"embeddable":true,"href":"https:\/\/wp.ufpel.edu.br\/convenios\/wp-json\/wp\/v2\/comments?post=701"}],"version-history":[{"count":46,"href":"https:\/\/wp.ufpel.edu.br\/convenios\/wp-json\/wp\/v2\/pages\/701\/revisions"}],"predecessor-version":[{"id":3660,"href":"https:\/\/wp.ufpel.edu.br\/convenios\/wp-json\/wp\/v2\/pages\/701\/revisions\/3660"}],"wp:attachment":[{"href":"https:\/\/wp.ufpel.edu.br\/convenios\/wp-json\/wp\/v2\/media?parent=701"}],"curies":[{"name":"wp","href":"https:\/\/api.w.org\/{rel}","templated":true}]}}