{"id":642,"date":"2015-01-12T09:14:38","date_gmt":"2015-01-12T11:14:38","guid":{"rendered":"https:\/\/wp.ufpel.edu.br\/convenios\/?page_id=642"},"modified":"2020-07-31T01:48:08","modified_gmt":"2020-07-31T04:48:08","slug":"normas-internas","status":"publish","type":"page","link":"https:\/\/wp.ufpel.edu.br\/convenios\/normas-internas\/","title":{"rendered":"Normas Internas"},"content":{"rendered":"<p><span style=\"text-decoration: underline\"><span style=\"color: #808080;text-decoration: underline\"><a style=\"color: #808080;text-decoration: underline\" href=\"https:\/\/www.convenios.gov.br\/portal\/FAQ-PortaldosConvenios.html\">Perguntas e Respostas<\/a><\/span><\/span><\/p>\n<p style=\"text-align: justify\"><span style=\"color: #808080\"><a style=\"color: #808080\" href=\"https:\/\/wp.ufpel.edu.br\/scs\/files\/2010\/08\/Resolucao_02-2015_CONSUN.pdf\">Resolu\u00e7\u00e3o CONSUN n\u00b0 02\/2015<\/a> &#8211;\u00a0\u00a0<\/span><span style=\"color: #808080\">Aprova as normas regulamentadoras da rela\u00e7\u00e3o entre a UFPEL e suas Funda\u00e7\u00f5es de Apoio, da formaliza\u00e7\u00e3o e execu\u00e7\u00e3o de conv\u00eanios, al\u00e9m de disciplinar a concess\u00e3o de bolsas.<\/span><\/p>\n<p style=\"text-align: justify\"><span style=\"color: #808080\"><span style=\"text-decoration: underline\"><a style=\"color: #808080;text-decoration: underline\" href=\"http:\/\/reitoria.ufpel.edu.br\/portarias\/arquivos\/2304_2014.pdf\">Portaria UFPel n\u00ba 2304\/2014<\/a><\/span> &#8211; \u00a0REGULAMENTAR os conv\u00eanios, contratos de repasse e termos de execu\u00e7\u00e3o descentralizada, celebrados pela UFPel com \u00f3rg\u00e3os ou entidades p\u00fablicas ou privadas sem fins lucrativos.)<\/span><\/p>\n<p><a href=\"http:\/\/www.planalto.gov.br\/ccivil_03\/LEIS\/L8958compilado.htm\">Lei 8.958\/1994<\/a> &#8211;<span style=\"font-family: georgia,palatino,serif;font-size: 12pt\"> Disp\u00f5e sobre as rela\u00e7\u00f5es entre as institui\u00e7\u00f5es federais de ensino superior e de pesquisa cient\u00edfica e tecnol\u00f3gica e as funda\u00e7\u00f5es de apoio e d\u00e1 outras provid\u00eancias.<\/span><\/p>\n<p><a href=\"http:\/\/www.planalto.gov.br\/ccivil_03\/_ato2007-2010\/2010\/decreto\/d7423.htm\">Decreto n\u00ba 7.423\/2010<\/a> &#8211; Regu<span style=\"font-family: georgia,palatino,serif;font-size: 12pt\">lamenta a Lei n<u><sup>o<\/sup><\/u> 8.958, de 20 de dezembro de 1994, que disp\u00f5e sobre as rela\u00e7\u00f5es entre as institui\u00e7\u00f5es federais de ensino superior e de pesquisa cient\u00edfica e tecnol\u00f3gica e as funda\u00e7\u00f5es de apoio.<\/span><\/p>\n<p style=\"text-align: justify\"><span style=\"font-family: georgia,palatino,serif;font-size: 12pt\"><a href=\"http:\/\/www.planalto.gov.br\/ccivil_03\/_ato2011-2014\/2014\/decreto\/d8241.htm\">Decreto n\u00ba 8241\/2014<\/a> &#8211; Regulamenta o art. 3<u><sup>o<\/sup><\/u> da Lei n<u><sup>o<\/sup><\/u> 8.958, de 20 de dezembro de 1994, para dispor sobre a aquisi\u00e7\u00e3o de bens e a contrata\u00e7\u00e3o de obras e servi\u00e7os pelas funda\u00e7\u00f5es de apoio.<\/span><\/p>\n<p style=\"text-align: justify\"><span style=\"color: #808080\"><a style=\"color: #808080\" href=\"http:\/\/reitoria.ufpel.edu.br\/portarias\/arquivos\/0771_2014.pdf\">Portaria UFPel n\u00ba 0771\/2014\u00a0<\/a>&#8211;\u00a0ESTABELECER diretrizes para a presta\u00e7\u00e3o de contas de conv\u00eanios.<\/span><\/p>\n<p style=\"text-align: justify\"><span style=\"color: #999999\"><a style=\"color: #999999\" href=\"https:\/\/wp.ufpel.edu.br\/convenios\/files\/2015\/01\/Resolucao-07.2012.pdf\"><span style=\"color: #808080\">Resolu\u00e7\u00e3o CONSUN n\u00ba 07\/2012<\/span> <\/a><\/span> &#8211;<span style=\"color: #808080\">\u00a0Aprova o Regimento Interno da Coordena\u00e7\u00e3o de Conv\u00eanios.<\/span><\/p>\n<p><a href=\"https:\/\/wp.ufpel.edu.br\/convenios\/files\/2019\/05\/Portaria-899.2019-Despesas-Operacionais.pdf\">Portaria UFPEL n\u00ba 899\/2019<\/a>&#8211; ESTABELECER as Planilhas de Custos Operacionais referentes aos projetos executados com apoio das Funda\u00e7\u00f5es da UFPEL, calculados com base em crit\u00e9rios definidos, consoante determina\u00e7\u00e3o do Ac\u00f3rd\u00e3o 5.663\/2015.<\/p>\n<p><span style=\"color: #808080\"><a style=\"color: #808080\" href=\"https:\/\/wp.ufpel.edu.br\/convenios\/files\/2015\/01\/Manual-de-Conv\u00eanios.pdf\">Manual de T\u00e9cnico da Coordena\u00e7\u00e3o de Conv\u00eanios<\/a><\/span><\/p>\n<p><span style=\"color: #808080\"><a style=\"color: #808080\" href=\"https:\/\/wp.ufpel.edu.br\/convenios\/files\/2015\/01\/Manual-de-Conv\u00eanios1.pdf\">Manual de Procedimentos sobre Conv\u00eanios<\/a><\/span><\/p>\n<p><span style=\"color: #808080\"><a style=\"color: #808080\" href=\"https:\/\/wp.ufpel.edu.br\/convenios\/files\/2015\/01\/Organograma-Mapa-de-Processo-Conv\u00eanio-de-Repasse.pdf\">Organograma Mapa de Processo Conv\u00eanio de Repasse<\/a><\/span><\/p>\n<p><span style=\"color: #808080\"><a style=\"color: #808080\" href=\"https:\/\/wp.ufpel.edu.br\/convenios\/files\/2015\/01\/Organograma-Mapa-de-Processo-Conv\u00eanio-de-Est\u00e1gio1.pdf\">Organograma Mapa de Processo Conv\u00eanio de Est\u00e1gio<\/a><\/span><\/p>\n<p><span style=\"color: #808080\"><a style=\"color: #808080\" href=\"https:\/\/wp.ufpel.edu.br\/convenios\/files\/2015\/01\/Organograma-Mapa-de-Processo-Descentralizacao-UFPel1.pdf\">Organograma Mapa de Processo Descentralizac\u00e3o UFPel<\/a><\/span><\/p>\n","protected":false},"excerpt":{"rendered":"<p>Perguntas e Respostas Resolu\u00e7\u00e3o CONSUN n\u00b0 02\/2015 &#8211;\u00a0\u00a0Aprova as normas regulamentadoras da rela\u00e7\u00e3o entre a UFPEL e suas Funda\u00e7\u00f5es de Apoio, da formaliza\u00e7\u00e3o e execu\u00e7\u00e3o de conv\u00eanios, al\u00e9m de disciplinar a concess\u00e3o de bolsas. Portaria UFPel n\u00ba 2304\/2014 &#8211; \u00a0REGULAMENTAR os conv\u00eanios, contratos de repasse e termos de execu\u00e7\u00e3o descentralizada, celebrados pela UFPel com \u00f3rg\u00e3os [&hellip;]<\/p>\n","protected":false},"author":122,"featured_media":0,"parent":0,"menu_order":5,"comment_status":"closed","ping_status":"closed","template":"","meta":{"footnotes":""},"class_list":["post-642","page","type-page","status-publish","hentry","post"],"jetpack_sharing_enabled":true,"jetpack_likes_enabled":true,"_links":{"self":[{"href":"https:\/\/wp.ufpel.edu.br\/convenios\/wp-json\/wp\/v2\/pages\/642","targetHints":{"allow":["GET"]}}],"collection":[{"href":"https:\/\/wp.ufpel.edu.br\/convenios\/wp-json\/wp\/v2\/pages"}],"about":[{"href":"https:\/\/wp.ufpel.edu.br\/convenios\/wp-json\/wp\/v2\/types\/page"}],"author":[{"embeddable":true,"href":"https:\/\/wp.ufpel.edu.br\/convenios\/wp-json\/wp\/v2\/users\/122"}],"replies":[{"embeddable":true,"href":"https:\/\/wp.ufpel.edu.br\/convenios\/wp-json\/wp\/v2\/comments?post=642"}],"version-history":[{"count":26,"href":"https:\/\/wp.ufpel.edu.br\/convenios\/wp-json\/wp\/v2\/pages\/642\/revisions"}],"predecessor-version":[{"id":1943,"href":"https:\/\/wp.ufpel.edu.br\/convenios\/wp-json\/wp\/v2\/pages\/642\/revisions\/1943"}],"wp:attachment":[{"href":"https:\/\/wp.ufpel.edu.br\/convenios\/wp-json\/wp\/v2\/media?parent=642"}],"curies":[{"name":"wp","href":"https:\/\/api.w.org\/{rel}","templated":true}]}}