{"id":449,"date":"2014-10-06T11:39:14","date_gmt":"2014-10-06T14:39:14","guid":{"rendered":"https:\/\/wp.ufpel.edu.br\/convenios\/?page_id=449"},"modified":"2022-01-11T10:51:09","modified_gmt":"2022-01-11T13:51:09","slug":"termo-de-execucao-descentralizado","status":"publish","type":"page","link":"https:\/\/wp.ufpel.edu.br\/convenios\/termo-de-execucao-descentralizado\/","title":{"rendered":"Termo de Execu\u00e7\u00e3o Descentralizada"},"content":{"rendered":"<p style=\"text-align: justify\">Termo de execu\u00e7\u00e3o descentralizada (TED) \u00e9 o instrumento por meio do qual a descentraliza\u00e7\u00e3o de cr\u00e9ditos entre \u00f3rg\u00e3os e entidades integrantes dos Or\u00e7amentos Fiscal e da Seguridade Social da Uni\u00e3o \u00e9 ajustada, com vistas \u00e0 execu\u00e7\u00e3o de programas, de projetos e de atividades, nos termos estabelecidos no plano de trabalho e observada a classifica\u00e7\u00e3o funcional program\u00e1tica (<a href=\"https:\/\/www.in.gov.br\/en\/web\/dou\/-\/decreto-n-10.426-de-16-de-julho-de-2020-267273875\" target=\"_blank\" rel=\"noopener\">Inciso I, art. 2\u00ba, Decreto n\u00ba 10.426, de 16 de Julho de 2020<\/a>).<\/p>\n<p style=\"text-align: justify\">\n","protected":false},"excerpt":{"rendered":"<p>Termo de execu\u00e7\u00e3o descentralizada (TED) \u00e9 o instrumento por meio do qual a descentraliza\u00e7\u00e3o de cr\u00e9ditos entre \u00f3rg\u00e3os e entidades integrantes dos Or\u00e7amentos Fiscal e da Seguridade Social da Uni\u00e3o \u00e9 ajustada, com vistas \u00e0 execu\u00e7\u00e3o de programas, de projetos e de atividades, nos termos estabelecidos no plano de trabalho e observada a classifica\u00e7\u00e3o funcional [&hellip;]<\/p>\n","protected":false},"author":122,"featured_media":0,"parent":0,"menu_order":0,"comment_status":"closed","ping_status":"closed","template":"","meta":{"footnotes":""},"class_list":["post-449","page","type-page","status-publish","hentry","post"],"jetpack_sharing_enabled":true,"jetpack_likes_enabled":true,"_links":{"self":[{"href":"https:\/\/wp.ufpel.edu.br\/convenios\/wp-json\/wp\/v2\/pages\/449","targetHints":{"allow":["GET"]}}],"collection":[{"href":"https:\/\/wp.ufpel.edu.br\/convenios\/wp-json\/wp\/v2\/pages"}],"about":[{"href":"https:\/\/wp.ufpel.edu.br\/convenios\/wp-json\/wp\/v2\/types\/page"}],"author":[{"embeddable":true,"href":"https:\/\/wp.ufpel.edu.br\/convenios\/wp-json\/wp\/v2\/users\/122"}],"replies":[{"embeddable":true,"href":"https:\/\/wp.ufpel.edu.br\/convenios\/wp-json\/wp\/v2\/comments?post=449"}],"version-history":[{"count":23,"href":"https:\/\/wp.ufpel.edu.br\/convenios\/wp-json\/wp\/v2\/pages\/449\/revisions"}],"predecessor-version":[{"id":3010,"href":"https:\/\/wp.ufpel.edu.br\/convenios\/wp-json\/wp\/v2\/pages\/449\/revisions\/3010"}],"wp:attachment":[{"href":"https:\/\/wp.ufpel.edu.br\/convenios\/wp-json\/wp\/v2\/media?parent=449"}],"curies":[{"name":"wp","href":"https:\/\/api.w.org\/{rel}","templated":true}]}}