{"id":4327,"date":"2025-10-16T16:25:01","date_gmt":"2025-10-16T19:25:01","guid":{"rendered":"https:\/\/wp.ufpel.edu.br\/convenios\/?page_id=4327"},"modified":"2026-03-02T11:16:06","modified_gmt":"2026-03-02T14:16:06","slug":"orientacoes-em-video-do-passo-a-passo-protocolo-de-intencao","status":"publish","type":"page","link":"https:\/\/wp.ufpel.edu.br\/convenios\/orientacoes-em-video-do-passo-a-passo-protocolo-de-intencao\/","title":{"rendered":"Checklist de Documentos e D\u00favidas Frequentes de Protocolo de Inten\u00e7\u00e3o"},"content":{"rendered":"<div style=\"width: 720px;\" class=\"wp-video\"><video class=\"wp-video-shortcode\" id=\"video-4327-1\" width=\"720\" height=\"491\" preload=\"metadata\" controls=\"controls\"><source type=\"video\/mp4\" src=\"https:\/\/wp.ufpel.edu.br\/convenios\/files\/2026\/03\/video-e-PI-passo-a-passo.mp4?_=1\" \/><a href=\"https:\/\/wp.ufpel.edu.br\/convenios\/files\/2026\/03\/video-e-PI-passo-a-passo.mp4\">https:\/\/wp.ufpel.edu.br\/convenios\/files\/2026\/03\/video-e-PI-passo-a-passo.mp4<\/a><\/video><\/div>\n","protected":false},"excerpt":{"rendered":"","protected":false},"author":122,"featured_media":0,"parent":0,"menu_order":0,"comment_status":"closed","ping_status":"closed","template":"","meta":{"footnotes":""},"class_list":["post-4327","page","type-page","status-publish","hentry","post"],"jetpack_sharing_enabled":true,"jetpack_likes_enabled":true,"_links":{"self":[{"href":"https:\/\/wp.ufpel.edu.br\/convenios\/wp-json\/wp\/v2\/pages\/4327","targetHints":{"allow":["GET"]}}],"collection":[{"href":"https:\/\/wp.ufpel.edu.br\/convenios\/wp-json\/wp\/v2\/pages"}],"about":[{"href":"https:\/\/wp.ufpel.edu.br\/convenios\/wp-json\/wp\/v2\/types\/page"}],"author":[{"embeddable":true,"href":"https:\/\/wp.ufpel.edu.br\/convenios\/wp-json\/wp\/v2\/users\/122"}],"replies":[{"embeddable":true,"href":"https:\/\/wp.ufpel.edu.br\/convenios\/wp-json\/wp\/v2\/comments?post=4327"}],"version-history":[{"count":3,"href":"https:\/\/wp.ufpel.edu.br\/convenios\/wp-json\/wp\/v2\/pages\/4327\/revisions"}],"predecessor-version":[{"id":4498,"href":"https:\/\/wp.ufpel.edu.br\/convenios\/wp-json\/wp\/v2\/pages\/4327\/revisions\/4498"}],"wp:attachment":[{"href":"https:\/\/wp.ufpel.edu.br\/convenios\/wp-json\/wp\/v2\/media?parent=4327"}],"curies":[{"name":"wp","href":"https:\/\/api.w.org\/{rel}","templated":true}]}}