{"id":4315,"date":"2025-10-16T16:13:42","date_gmt":"2025-10-16T19:13:42","guid":{"rendered":"https:\/\/wp.ufpel.edu.br\/convenios\/?page_id=4315"},"modified":"2026-01-15T09:08:49","modified_gmt":"2026-01-15T12:08:49","slug":"orientacoes-em-video-do-passo-a-passo-acorod-de-cooperacao-tecnica","status":"publish","type":"page","link":"https:\/\/wp.ufpel.edu.br\/convenios\/orientacoes-em-video-do-passo-a-passo-acorod-de-cooperacao-tecnica\/","title":{"rendered":"Checklist de Documentos e D\u00favidas Frequentes de Acordo de Coopera\u00e7\u00e3o T\u00e9cnica"},"content":{"rendered":"<div style=\"width: 720px;\" class=\"wp-video\"><video class=\"wp-video-shortcode\" id=\"video-4315-1\" width=\"720\" height=\"493\" preload=\"metadata\" controls=\"controls\"><source type=\"video\/mp4\" src=\"https:\/\/wp.ufpel.edu.br\/convenios\/files\/2026\/01\/IMG_6445.mp4?_=1\" \/><a href=\"https:\/\/wp.ufpel.edu.br\/convenios\/files\/2026\/01\/IMG_6445.mp4\">https:\/\/wp.ufpel.edu.br\/convenios\/files\/2026\/01\/IMG_6445.mp4<\/a><\/video><\/div>\n","protected":false},"excerpt":{"rendered":"","protected":false},"author":122,"featured_media":0,"parent":0,"menu_order":0,"comment_status":"closed","ping_status":"closed","template":"","meta":{"footnotes":""},"class_list":["post-4315","page","type-page","status-publish","hentry","post"],"jetpack_sharing_enabled":true,"jetpack_likes_enabled":true,"_links":{"self":[{"href":"https:\/\/wp.ufpel.edu.br\/convenios\/wp-json\/wp\/v2\/pages\/4315","targetHints":{"allow":["GET"]}}],"collection":[{"href":"https:\/\/wp.ufpel.edu.br\/convenios\/wp-json\/wp\/v2\/pages"}],"about":[{"href":"https:\/\/wp.ufpel.edu.br\/convenios\/wp-json\/wp\/v2\/types\/page"}],"author":[{"embeddable":true,"href":"https:\/\/wp.ufpel.edu.br\/convenios\/wp-json\/wp\/v2\/users\/122"}],"replies":[{"embeddable":true,"href":"https:\/\/wp.ufpel.edu.br\/convenios\/wp-json\/wp\/v2\/comments?post=4315"}],"version-history":[{"count":3,"href":"https:\/\/wp.ufpel.edu.br\/convenios\/wp-json\/wp\/v2\/pages\/4315\/revisions"}],"predecessor-version":[{"id":4452,"href":"https:\/\/wp.ufpel.edu.br\/convenios\/wp-json\/wp\/v2\/pages\/4315\/revisions\/4452"}],"wp:attachment":[{"href":"https:\/\/wp.ufpel.edu.br\/convenios\/wp-json\/wp\/v2\/media?parent=4315"}],"curies":[{"name":"wp","href":"https:\/\/api.w.org\/{rel}","templated":true}]}}