{"id":40,"date":"2011-07-29T12:18:34","date_gmt":"2011-07-29T15:18:34","guid":{"rendered":"https:\/\/wp.ufpel.edu.br\/convenios\/"},"modified":"2020-07-31T13:06:58","modified_gmt":"2020-07-31T16:06:58","slug":"prestacoes-de-contas","status":"publish","type":"page","link":"https:\/\/wp.ufpel.edu.br\/convenios\/prestacoes-de-contas\/","title":{"rendered":"Presta\u00e7\u00f5es de Contas"},"content":{"rendered":"<p style=\"text-align: justify;text-indent: 4em\"><span style=\"color: #808080\">A presta\u00e7\u00e3o de contas, \u00faltima fase dos instrumentos celebrados, tem por objetivo demonstrar a regular utiliza\u00e7\u00e3o dos recursos empregados, obedecendo a forma exigida pela legisla\u00e7\u00e3o. Conforme &#8220;Manual de Orienta\u00e7\u00f5es e Normas ao Convenente para Presta\u00e7\u00e3o de Contas de Conv\u00eanio e Contrato de Repasse Federal&#8221;, de 2010, p\u00e1gina 6, redigido por Douglas Alves Ven\u00e2ncio (dispon\u00edvel <a href=\"https:\/\/portal.tcu.gov.br\/biblioteca-digital\/manual-de-orientacoes-e-normas-ao-convenente-para-prestacao-de-contas-de-convenio-e-contrato-de-repasse-federal.htm\" target=\"_blank\" rel=\"noopener noreferrer\">aqui<\/a>), ficam sujeitos a presta\u00e7\u00e3o de contas &#8220;<em>(&#8230;) qualquer pessoa f\u00edsica ou jur\u00eddica, p\u00fablica ou privada, que utilize, arrecade, guarde, gerencie ou administre dinheiros, bens e valores p\u00fablicos ou pelos quais a Uni\u00e3o responda, ou que, em nome desta, assuma obriga\u00e7\u00f5es de natureza pecuni\u00e1ria, conforme disposto no \u00a7 \u00fanico, art. 70, da CF\/88, art. 93, do Dec-Lei 200\/67 e art. 66,do Dec. n\u00ba 93.872\/86.&#8221;<\/em><\/span><\/p>\n<p style=\"text-align: justify;text-indent: 4em\"><span style=\"color: #808080\">Al\u00e9m da regular utiliza\u00e7\u00e3o e aplica\u00e7\u00e3o dos recursos, a presta\u00e7\u00e3o de contas \u00e9 analisada pelo aspecto t\u00e9cnico, onde \u00e9 verificada a execu\u00e7\u00e3o f\u00edsica e o atingimento dos objetivos e plano de trabalho pactuados, valendo-se de relat\u00f3rios, laudos e outros documentos acess\u00f3rios que validem e comprovem a execu\u00e7\u00e3o do mesmo.<\/span><\/p>\n<p style=\"text-align: justify;text-indent: 4em\"><span style=\"color: #808080\">No \u00e2mbito da Universidade Federal de Pelotas, concomitantemente \u00e0 cria\u00e7\u00e3o do N\u00facleo de An\u00e1lise de Presta\u00e7\u00f5es de Contas de Conv\u00eanios (NAPCC), foi editada a Portaria n\u00ba 771\/2014, que disciplina as presta\u00e7\u00f5es de contas por parte das Funda\u00e7\u00f5es de Apoio. Em 2017, foi redigida a Portaria 2.212\/2017, atualizando a tramita\u00e7\u00e3o dos processos da Se\u00e7\u00e3o de Presta\u00e7\u00e3o de Contas (SPCont), e posteriormente, a Portaria 2.600\/2019, regrando os limites de toler\u00e2ncia ao risco para as presta\u00e7\u00f5es de contas de processos por meio de procedimento informatizado dos conv\u00eanios e contratos de repasse operacionalizados<br \/>\nno SICONV.<\/span><\/p>\n<p style=\"text-align: justify;text-indent: 4em\"><span style=\"color: #808080\"><a href=\"https:\/\/wp.ufpel.edu.br\/convenios\/files\/2020\/07\/Prestacao_de_contas.pdf\" target=\"_blank\" rel=\"noopener noreferrer\">Fluxograma processo presta\u00e7\u00e3o de contas<\/a><\/span><\/span><\/p>\n<p><strong>PORTARIAS<\/strong><\/p>\n<p style=\"padding-left: 60px\"><a href=\"http:\/\/reitoria.ufpel.edu.br\/portarias\/arquivos\/0771_2014.pdf\" target=\"_blank\" rel=\"noopener noreferrer\">Portaria 771\/2014\/UFPel<\/a><\/p>\n<p style=\"padding-left: 60px\"><a href=\"http:\/\/reitoria.ufpel.edu.br\/portarias\/arquivos\/2212_2017.pdf\" target=\"_blank\" rel=\"noopener noreferrer\">Portaria 2.212\/2017\/UFPel<\/a><\/p>\n<p style=\"padding-left: 60px\"><a href=\"https:\/\/sei.ufpel.edu.br\/sei\/publicacoes\/controlador_publicacoes.php?acao=publicacao_visualizar&amp;id_documento=832074&amp;id_orgao_publicacao=0\" target=\"_blank\" rel=\"noopener noreferrer\">Portaria 2.600\/2019\/UFPel<\/a><\/p>\n","protected":false},"excerpt":{"rendered":"<p>A presta\u00e7\u00e3o de contas, \u00faltima fase dos instrumentos celebrados, tem por objetivo demonstrar a regular utiliza\u00e7\u00e3o dos recursos empregados, obedecendo a forma exigida pela legisla\u00e7\u00e3o. Conforme &#8220;Manual de Orienta\u00e7\u00f5es e Normas ao Convenente para Presta\u00e7\u00e3o de Contas de Conv\u00eanio e Contrato de Repasse Federal&#8221;, de 2010, p\u00e1gina 6, redigido por Douglas Alves Ven\u00e2ncio (dispon\u00edvel aqui), [&hellip;]<\/p>\n","protected":false},"author":122,"featured_media":0,"parent":0,"menu_order":4,"comment_status":"closed","ping_status":"closed","template":"","meta":{"footnotes":""},"class_list":["post-40","page","type-page","status-publish","hentry","post"],"jetpack_sharing_enabled":true,"jetpack_likes_enabled":true,"_links":{"self":[{"href":"https:\/\/wp.ufpel.edu.br\/convenios\/wp-json\/wp\/v2\/pages\/40","targetHints":{"allow":["GET"]}}],"collection":[{"href":"https:\/\/wp.ufpel.edu.br\/convenios\/wp-json\/wp\/v2\/pages"}],"about":[{"href":"https:\/\/wp.ufpel.edu.br\/convenios\/wp-json\/wp\/v2\/types\/page"}],"author":[{"embeddable":true,"href":"https:\/\/wp.ufpel.edu.br\/convenios\/wp-json\/wp\/v2\/users\/122"}],"replies":[{"embeddable":true,"href":"https:\/\/wp.ufpel.edu.br\/convenios\/wp-json\/wp\/v2\/comments?post=40"}],"version-history":[{"count":26,"href":"https:\/\/wp.ufpel.edu.br\/convenios\/wp-json\/wp\/v2\/pages\/40\/revisions"}],"predecessor-version":[{"id":2624,"href":"https:\/\/wp.ufpel.edu.br\/convenios\/wp-json\/wp\/v2\/pages\/40\/revisions\/2624"}],"wp:attachment":[{"href":"https:\/\/wp.ufpel.edu.br\/convenios\/wp-json\/wp\/v2\/media?parent=40"}],"curies":[{"name":"wp","href":"https:\/\/api.w.org\/{rel}","templated":true}]}}