{"id":3942,"date":"2025-05-19T16:14:19","date_gmt":"2025-05-19T19:14:19","guid":{"rendered":"https:\/\/wp.ufpel.edu.br\/convenios\/?page_id=3942"},"modified":"2025-05-23T16:34:41","modified_gmt":"2025-05-23T19:34:41","slug":"procedimento-operacional-padrao-da-act","status":"publish","type":"page","link":"https:\/\/wp.ufpel.edu.br\/convenios\/procedimento-operacional-padrao-da-act\/","title":{"rendered":"Procedimento Operacional Padr\u00e3o de Acordo de Coopera\u00e7\u00e3o T\u00e9cnica"},"content":{"rendered":"\n<table id=\"tablepress-25\" class=\"tablepress tablepress-id-25\">\n<thead>\n<tr class=\"row-1\">\n\t<th class=\"column-1\">Etapa<\/th><th class=\"column-2\">Quem faz?<\/th><th class=\"column-3\">O que fazer?<\/th><th class=\"column-4\">Como?<\/th>\n<\/tr>\n<\/thead>\n<tbody class=\"row-striping row-hover\">\n<tr class=\"row-2\">\n\t<td class=\"column-1\">1<\/td><td class=\"column-2\">Coordenador de Projeto<\/td><td class=\"column-3\">Abertura processo SEI<\/td><td class=\"column-4\">Acessar o SEI e iniciar processo \"Administra\u00e7\u00e3o Geral: Contratos\"<\/td>\n<\/tr>\n<tr class=\"row-3\">\n\t<td class=\"column-1\">1<\/td><td class=\"column-2\"><\/td><td class=\"column-3\">Incluir documentos<\/td><td class=\"column-4\">1. Projeto aprovado pelo COCEPE.<br \/>\n2. Ata de aprova\u00e7\u00e3o do Projeto pelo COCEPE.<br \/>\n3. Plano de Trabalho.<br \/>\n4. Documentos da institui\u00e7\u00e3o parceira (Contrato Social, Identidade do representante, Nomea\u00e7\u00e3o, Certid\u00f5es negativas).<br \/>\n5. Memorando Solicitando a celebra\u00e7\u00e3o.<br \/>\n6. Inova cadastro de coordenadores e respons\u00e1veis.<br \/>\n7. Despacho com justificativa para contrata\u00e7\u00e3o da Funda\u00e7\u00e3o com dispensa de licita\u00e7\u00e3o<br \/>\n\u2192 Encaminhar para CCONC<\/td>\n<\/tr>\n<tr class=\"row-4\">\n\t<td class=\"column-1\">2<\/td><td class=\"column-2\">N\u00facleo de Contratos<\/td><td class=\"column-3\">Analisar os documentos<\/td><td class=\"column-4\">Verificar aprova\u00e7\u00e3o do projeto, objeto definido, cronograma, plano de trabalho detalhado, cadastro de respons\u00e1vel e validade das certid\u00f5es<\/td>\n<\/tr>\n<tr class=\"row-5\">\n\t<td class=\"column-1\">2<\/td><td class=\"column-2\"><\/td><td class=\"column-3\">Incluir documentos<\/td><td class=\"column-4\">1. Minuta de Acordo de Coopera\u00e7\u00e3o<br \/>\n2. Despacho para o Gabinete da Reitoria<br \/>\n3. Enviar para o Gabinete<br \/>\n4. (Se tripartite) enviar para FDMS<\/td>\n<\/tr>\n<tr class=\"row-6\">\n\t<td class=\"column-1\">3<\/td><td class=\"column-2\">Gabinete da Reitoria<\/td><td class=\"column-3\">Aprovar Plano de Trabalho<\/td><td class=\"column-4\">Analisar documentos e encaminhar \u00e0 Procuradoria Federal para emiss\u00e3o do Parecer Jur\u00eddico<\/td>\n<\/tr>\n<tr class=\"row-7\">\n\t<td class=\"column-1\">4<\/td><td class=\"column-2\">Procuradoria Federal na UFPel<\/td><td class=\"column-3\">Elaborar Parecer Jur\u00eddico<\/td><td class=\"column-4\">Analisar os documentos e a minuta do Acordo, emitir parecer e devolver ao GR<\/td>\n<\/tr>\n<tr class=\"row-8\">\n\t<td class=\"column-1\">5<\/td><td class=\"column-2\">N\u00facleo de Contratos<\/td><td class=\"column-3\">Encaminhar para assinatura<\/td><td class=\"column-4\">Verificar parecer jur\u00eddico, encaminhar para assinaturas da UFPel e da parceira, publicar no DOU, inserir publica\u00e7\u00e3o no processo e encaminhar para SAC<\/td>\n<\/tr>\n<tr class=\"row-9\">\n\t<td class=\"column-1\">6<\/td><td class=\"column-2\"><\/td><td class=\"column-3\">Fim do Processo<\/td><td class=\"column-4\"><\/td>\n<\/tr>\n<\/tbody>\n<\/table>\n<!-- #tablepress-25 from cache -->\n","protected":false},"excerpt":{"rendered":"","protected":false},"author":122,"featured_media":0,"parent":0,"menu_order":0,"comment_status":"closed","ping_status":"closed","template":"","meta":{"footnotes":""},"class_list":["post-3942","page","type-page","status-publish","hentry","post"],"jetpack_sharing_enabled":true,"jetpack_likes_enabled":true,"_links":{"self":[{"href":"https:\/\/wp.ufpel.edu.br\/convenios\/wp-json\/wp\/v2\/pages\/3942","targetHints":{"allow":["GET"]}}],"collection":[{"href":"https:\/\/wp.ufpel.edu.br\/convenios\/wp-json\/wp\/v2\/pages"}],"about":[{"href":"https:\/\/wp.ufpel.edu.br\/convenios\/wp-json\/wp\/v2\/types\/page"}],"author":[{"embeddable":true,"href":"https:\/\/wp.ufpel.edu.br\/convenios\/wp-json\/wp\/v2\/users\/122"}],"replies":[{"embeddable":true,"href":"https:\/\/wp.ufpel.edu.br\/convenios\/wp-json\/wp\/v2\/comments?post=3942"}],"version-history":[{"count":5,"href":"https:\/\/wp.ufpel.edu.br\/convenios\/wp-json\/wp\/v2\/pages\/3942\/revisions"}],"predecessor-version":[{"id":3992,"href":"https:\/\/wp.ufpel.edu.br\/convenios\/wp-json\/wp\/v2\/pages\/3942\/revisions\/3992"}],"wp:attachment":[{"href":"https:\/\/wp.ufpel.edu.br\/convenios\/wp-json\/wp\/v2\/media?parent=3942"}],"curies":[{"name":"wp","href":"https:\/\/api.w.org\/{rel}","templated":true}]}}