{"id":3936,"date":"2025-05-19T16:09:41","date_gmt":"2025-05-19T19:09:41","guid":{"rendered":"https:\/\/wp.ufpel.edu.br\/convenios\/?page_id=3936"},"modified":"2025-05-21T20:07:49","modified_gmt":"2025-05-21T23:07:49","slug":"procedimento-operacional-padrao-da-cnv","status":"publish","type":"page","link":"https:\/\/wp.ufpel.edu.br\/convenios\/procedimento-operacional-padrao-da-cnv\/","title":{"rendered":"Procedimento Operacional Padr\u00e3o de Conv\u00eanios"},"content":{"rendered":"\n<table id=\"tablepress-24\" class=\"tablepress tablepress-id-24\">\n<thead>\n<tr class=\"row-1\">\n\t<th class=\"column-1\">Etapa<\/th><th class=\"column-2\">Quem faz?<\/th><th class=\"column-3\">O que fazer?<\/th><th class=\"column-4\">Como?<\/th>\n<\/tr>\n<\/thead>\n<tbody class=\"row-striping row-hover\">\n<tr class=\"row-2\">\n\t<td class=\"column-1\">1<\/td><td class=\"column-2\">Coordenador de Projeto<\/td><td class=\"column-3\">Abertura processo SEI<\/td><td class=\"column-4\">Acessar o SEI e iniciar processo \"Administra\u00e7\u00e3o Geral: Contratos\"<\/td>\n<\/tr>\n<tr class=\"row-3\">\n\t<td class=\"column-1\">1<\/td><td class=\"column-2\"><\/td><td class=\"column-3\">Incluir documentos<\/td><td class=\"column-4\">1.Projeto aprovado pelo COCEPE.<br \/>\n2. Ata de aprova\u00e7\u00e3o do Projeto pelo COCEPE.<br \/>\n3. Plano de Trabalho.<br \/>\n4.Termo de Refer\u00eancia.<br \/>\n5. Despacho com justificativa para contrata\u00e7\u00e3o da Funda\u00e7\u00e3o com dispensa de licita\u00e7\u00e3o.<br \/>\n6. Memorando Solicitando a celebra\u00e7\u00e3o.<br \/>\n7. Inova cadastro de coordenadores e respons\u00e1veis<br \/>\n\u2192 Encaminhar para CCONC<\/td>\n<\/tr>\n<tr class=\"row-4\">\n\t<td class=\"column-1\">2<\/td><td class=\"column-2\">N\u00facleo de Contratos<\/td><td class=\"column-3\">Analisar os documentos<\/td><td class=\"column-4\">Verificar memorando, projeto, TED, planos de trabalho, cronogramas, cadastros e justificativas<\/td>\n<\/tr>\n<tr class=\"row-5\">\n\t<td class=\"column-1\">2<\/td><td class=\"column-2\"><\/td><td class=\"column-3\">Incluir documentos<\/td><td class=\"column-4\">1. Justificativa para aus\u00eancia de pesquisa de pre\u00e7os<br \/>\n2. Termo Circunstanciado TCU<br \/>\n3. Certid\u00f5es negativas da FDMS<br \/>\n4. Minuta de Conv\u00eanio<br \/>\n\u2192 Encaminhar minuta para FDMS<\/td>\n<\/tr>\n<tr class=\"row-6\">\n\t<td class=\"column-1\">2<\/td><td class=\"column-2\"><\/td><td class=\"column-3\">Abertura de processo no Transfere.gov<\/td><td class=\"column-4\">Solicitar dados \u00e0 SOR, criar programa na plataforma com dados do TED<\/td>\n<\/tr>\n<tr class=\"row-7\">\n\t<td class=\"column-1\">2<\/td><td class=\"column-2\"><\/td><td class=\"column-3\">Solicita\u00e7\u00e3o \u00e0 FDMS<\/td><td class=\"column-4\">Pedir que insira proposta na Transfere.gov e envie plano de trabalho<\/td>\n<\/tr>\n<tr class=\"row-8\">\n\t<td class=\"column-1\">2<\/td><td class=\"column-2\"><\/td><td class=\"column-3\">Emiss\u00e3o de Pareceres<\/td><td class=\"column-4\">Emitir parecer sobre proposta e plano de trabalho da FDMS<br \/>\n\u2192 Encaminhar para o Gabinete da Reitoria<\/td>\n<\/tr>\n<tr class=\"row-9\">\n\t<td class=\"column-1\">2<\/td><td class=\"column-2\"><\/td><td class=\"column-3\">Incluir pareceres<\/td><td class=\"column-4\">Incluir pareceres na Transfere.gov e encaminhar processo ao Gabinete<\/td>\n<\/tr>\n<tr class=\"row-10\">\n\t<td class=\"column-1\">3<\/td><td class=\"column-2\">Gabinete da Reitoria<\/td><td class=\"column-3\">Aprovar Plano de Trabalho<\/td><td class=\"column-4\">Analisar documentos e encaminhar para a PRA com aprova\u00e7\u00e3o<\/td>\n<\/tr>\n<tr class=\"row-11\">\n\t<td class=\"column-1\">4<\/td><td class=\"column-2\">Pr\u00f3-Reitoria Administrativa<\/td><td class=\"column-3\">Aprovar Pedido de Dispensa<\/td><td class=\"column-4\">Autorizar dispensa e encaminhar para a Procuradoria<\/td>\n<\/tr>\n<tr class=\"row-12\">\n\t<td class=\"column-1\">5<\/td><td class=\"column-2\">Procuradoria Federal na UFPel<\/td><td class=\"column-3\">Elaborar Parecer Jur\u00eddico<\/td><td class=\"column-4\">Analisar documentos e minuta, emitir parecer e devolver \u00e0 PRA<\/td>\n<\/tr>\n<tr class=\"row-13\">\n\t<td class=\"column-1\">6<\/td><td class=\"column-2\">Pr\u00f3-Reitoria Administrativa<\/td><td class=\"column-3\">Ratificar a dispensa<\/td><td class=\"column-4\">Analisar parecer jur\u00eddico e ratificar a dispensa<\/td>\n<\/tr>\n<tr class=\"row-14\">\n\t<td class=\"column-1\">7<\/td><td class=\"column-2\">N\u00facleo de Contratos<\/td><td class=\"column-3\">Encaminhar para assinatura<\/td><td class=\"column-4\">Publicar no DOU, aprovar na plataforma +Brasil, encaminhar para assinaturas<\/td>\n<\/tr>\n<tr class=\"row-15\">\n\t<td class=\"column-1\">7<\/td><td class=\"column-2\"><\/td><td class=\"column-3\">Assinatura na Plataforma +Brasil<\/td><td class=\"column-4\">Incluir parecer jur\u00eddico, termo de conv\u00eanio, publicar e assinar conv\u00eanio<\/td>\n<\/tr>\n<tr class=\"row-16\">\n\t<td class=\"column-1\">8<\/td><td class=\"column-2\">Pr\u00f3-Reitoria Administrativa<\/td><td class=\"column-3\">Emitir Portaria Fiscaliza\u00e7\u00e3o<\/td><td class=\"column-4\">Emitir portaria e encaminhar ao N\u00facleo de Contratos<\/td>\n<\/tr>\n<tr class=\"row-17\">\n\t<td class=\"column-1\">9<\/td><td class=\"column-2\">N\u00facleo de Contratos<\/td><td class=\"column-3\">Solicitar execu\u00e7\u00e3o do or\u00e7amento<\/td><td class=\"column-4\">Criar lista de empenhos, montar bloco de assinaturas e solicitar assinatura<\/td>\n<\/tr>\n<tr class=\"row-18\">\n\t<td class=\"column-1\">10<\/td><td class=\"column-2\">Pr\u00f3-Reitoria Administrativa<\/td><td class=\"column-3\">Assinar Lista de Empenho<\/td><td class=\"column-4\">Assinar documento e solicitar liquida\u00e7\u00e3o dos empenhos<\/td>\n<\/tr>\n<tr class=\"row-19\">\n\t<td class=\"column-1\">11<\/td><td class=\"column-2\">N\u00facleo Financeiro PRA<\/td><td class=\"column-3\">Incluir notas de empenho<\/td><td class=\"column-4\">Inserir notas e liquida\u00e7\u00f5es no SEI, despachar \u00e0 CConC<\/td>\n<\/tr>\n<tr class=\"row-20\">\n\t<td class=\"column-1\">12<\/td><td class=\"column-2\">N\u00facleo de Contratos<\/td><td class=\"column-3\">Solicitar repasse financeiro<\/td><td class=\"column-4\">Despachar \u00e0 PRA solicitando repasse conforme liquida\u00e7\u00e3o<\/td>\n<\/tr>\n<tr class=\"row-21\">\n\t<td class=\"column-1\">13<\/td><td class=\"column-2\">Pr\u00f3-Reitoria Administrativa<\/td><td class=\"column-3\">Autorizar repasse financeiro<\/td><td class=\"column-4\">Autorizar repasse \u00e0 CFC e Se\u00e7\u00e3o de Pagamentos<\/td>\n<\/tr>\n<tr class=\"row-22\">\n\t<td class=\"column-1\">14<\/td><td class=\"column-2\">N\u00facleo de Contratos<\/td><td class=\"column-3\">Encaminhar \u00e0 FDMS<\/td><td class=\"column-4\">Comunicar efetiva\u00e7\u00e3o do repasse e emitir despacho de encerramento<\/td>\n<\/tr>\n<tr class=\"row-23\">\n\t<td class=\"column-1\">15<\/td><td class=\"column-2\"><\/td><td class=\"column-3\">Fim do Processo<\/td><td class=\"column-4\"><\/td>\n<\/tr>\n<\/tbody>\n<\/table>\n<!-- #tablepress-24 from cache -->\n","protected":false},"excerpt":{"rendered":"","protected":false},"author":122,"featured_media":0,"parent":0,"menu_order":0,"comment_status":"closed","ping_status":"closed","template":"","meta":{"footnotes":""},"class_list":["post-3936","page","type-page","status-publish","hentry","post"],"jetpack_sharing_enabled":true,"jetpack_likes_enabled":true,"_links":{"self":[{"href":"https:\/\/wp.ufpel.edu.br\/convenios\/wp-json\/wp\/v2\/pages\/3936","targetHints":{"allow":["GET"]}}],"collection":[{"href":"https:\/\/wp.ufpel.edu.br\/convenios\/wp-json\/wp\/v2\/pages"}],"about":[{"href":"https:\/\/wp.ufpel.edu.br\/convenios\/wp-json\/wp\/v2\/types\/page"}],"author":[{"embeddable":true,"href":"https:\/\/wp.ufpel.edu.br\/convenios\/wp-json\/wp\/v2\/users\/122"}],"replies":[{"embeddable":true,"href":"https:\/\/wp.ufpel.edu.br\/convenios\/wp-json\/wp\/v2\/comments?post=3936"}],"version-history":[{"count":3,"href":"https:\/\/wp.ufpel.edu.br\/convenios\/wp-json\/wp\/v2\/pages\/3936\/revisions"}],"predecessor-version":[{"id":3973,"href":"https:\/\/wp.ufpel.edu.br\/convenios\/wp-json\/wp\/v2\/pages\/3936\/revisions\/3973"}],"wp:attachment":[{"href":"https:\/\/wp.ufpel.edu.br\/convenios\/wp-json\/wp\/v2\/media?parent=3936"}],"curies":[{"name":"wp","href":"https:\/\/api.w.org\/{rel}","templated":true}]}}