{"id":3925,"date":"2025-05-19T15:17:02","date_gmt":"2025-05-19T18:17:02","guid":{"rendered":"https:\/\/wp.ufpel.edu.br\/convenios\/?page_id=3925"},"modified":"2025-05-21T20:10:27","modified_gmt":"2025-05-21T23:10:27","slug":"procedimento-operacional-padrao-pop","status":"publish","type":"page","link":"https:\/\/wp.ufpel.edu.br\/convenios\/procedimento-operacional-padrao-pop\/","title":{"rendered":"Procedimento Operacional Padr\u00e3o de Contratos"},"content":{"rendered":"\n<table id=\"tablepress-23\" class=\"tablepress tablepress-id-23\">\n<thead>\n<tr class=\"row-1\">\n\t<th class=\"column-1\">Etapa<\/th><th class=\"column-2\">Quem faz?<\/th><th class=\"column-3\">O que fazer?<\/th><th class=\"column-4\">Como?<\/th>\n<\/tr>\n<\/thead>\n<tbody class=\"row-striping row-hover\">\n<tr class=\"row-2\">\n\t<td class=\"column-1\">1<\/td><td class=\"column-2\">Coordenador de Projeto<\/td><td class=\"column-3\">Abertura processo SEI<\/td><td class=\"column-4\">Acessando a plataforma SEI, clicando em \"Iniciar Processo\" e escolhendo o Tipo de Processo \"Administra\u00e7\u00e3o Geral: Contratos\"<\/td>\n<\/tr>\n<tr class=\"row-3\">\n\t<td class=\"column-1\">1<\/td><td class=\"column-2\"><\/td><td class=\"column-3\">Incluir documentos<\/td><td class=\"column-4\">1. Projeto aprovado Cocepe.<br \/>\n2. Ata de aprova\u00e7\u00e3o do projeto pelo COCEPE.<br \/>\n3. Plano de Trabalho.<br \/>\n4. Despacho com justificativa para contrata\u00e7\u00e3o da funda\u00e7\u00e3o com dispensa de licita\u00e7\u00e3o.<br \/>\n5. Memorando solicitando a celebra\u00e7\u00e3o.<br \/>\n6. Inova cadastro de coordenadores e respons\u00e1veis.<br \/>\n7. Encaminhar para a CCONC.<br \/>\n<br \/>\n<\/td>\n<\/tr>\n<tr class=\"row-4\">\n\t<td class=\"column-1\">2<\/td><td class=\"column-2\">N\u00facleo de Contratos<\/td><td class=\"column-3\">Analisar os documentos<\/td><td class=\"column-4\">Verificar todos os documentos listados anteriormente quanto \u00e0 conformidade e completude<\/td>\n<\/tr>\n<tr class=\"row-5\">\n\t<td class=\"column-1\">2<\/td><td class=\"column-2\"><\/td><td class=\"column-3\">Incluir documentos<\/td><td class=\"column-4\">1. Justificativa para inexist\u00eancia de pesquisa de pre\u00e7os<br \/>\n2. Termo Circunstanciado TCU<br \/>\n3. Certid\u00f5es negativas da FDMS<br \/>\n4. Minuta de Contrato<br \/>\n5. Despacho para o Gabinete da Reitoria<br \/>\n6. Enviar minuta para an\u00e1lise da FDMS<\/td>\n<\/tr>\n<tr class=\"row-6\">\n\t<td class=\"column-1\">3<\/td><td class=\"column-2\">Gabinete da Reitoria<\/td><td class=\"column-3\">Aprovar Plano de Trabalho<\/td><td class=\"column-4\">Analisar os documentos e aprovar plano de trabalho encaminhando \u00e0 Pr\u00f3 Reitoria Administrativa<\/td>\n<\/tr>\n<tr class=\"row-7\">\n\t<td class=\"column-1\">4<\/td><td class=\"column-2\">Pr\u00f3-Reitoria Administrativa<\/td><td class=\"column-3\">Aprovar Pedido de Dispensa de Licita\u00e7\u00e3o<\/td><td class=\"column-4\">Analisar os documentos e autorizar a dispensa de licita\u00e7\u00e3o, encaminhar \u00e0 Procuradoria<\/td>\n<\/tr>\n<tr class=\"row-8\">\n\t<td class=\"column-1\">5<\/td><td class=\"column-2\">Procuradoria Federal na UFPel<\/td><td class=\"column-3\">Elaborar Parecer Jur\u00eddico<\/td><td class=\"column-4\">Analisar documentos e minuta de contrato, emitir parecer e retornar \u00e0 PRA<\/td>\n<\/tr>\n<tr class=\"row-9\">\n\t<td class=\"column-1\">6<\/td><td class=\"column-2\">Pr\u00f3-Reitoria Administrativa<\/td><td class=\"column-3\">Ratificar a dispensa de licita\u00e7\u00e3o<\/td><td class=\"column-4\">Analisar o parecer e ratificar a dispensa, encaminhar ao N\u00facleo de Contratos<\/td>\n<\/tr>\n<tr class=\"row-10\">\n\t<td class=\"column-1\">7<\/td><td class=\"column-2\">N\u00facleo de Contratos<\/td><td class=\"column-3\">Publicar a Dispensa de Licita\u00e7\u00e3o<\/td><td class=\"column-4\">Publicar no compras.gov.br e vincular processo ao or\u00e7amento, preencher cl\u00e1usula de publica\u00e7\u00e3o<\/td>\n<\/tr>\n<tr class=\"row-11\">\n\t<td class=\"column-1\">7<\/td><td class=\"column-2\"><\/td><td class=\"column-3\">Encaminhar para assinatura<\/td><td class=\"column-4\">Verificar parecer, publicar no DOU, numerar contrato, solicitar assinaturas internas e externas<\/td>\n<\/tr>\n<tr class=\"row-12\">\n\t<td class=\"column-1\">8<\/td><td class=\"column-2\">Pr\u00f3-Reitoria Administrativa<\/td><td class=\"column-3\">Emitir Portaria Fiscaliza\u00e7\u00e3o<\/td><td class=\"column-4\">Emitir portaria e encaminhar ao N\u00facleo de Contratos<\/td>\n<\/tr>\n<tr class=\"row-13\">\n\t<td class=\"column-1\">9<\/td><td class=\"column-2\">N\u00facleo de Contratos<\/td><td class=\"column-3\">Encaminhar para a SAC<\/td><td class=\"column-4\">Emitir despacho de encaminhamento para a Se\u00e7\u00e3o de Acompanhamento e Controle - CConC<\/td>\n<\/tr>\n<\/tbody>\n<\/table>\n<!-- #tablepress-23 from cache -->\n<p>&nbsp;<\/p>\n<p>&nbsp;<\/p>\n<p>&nbsp;<\/p>\n<p>&nbsp;<\/p>\n<p>&nbsp;<\/p>\n<p>&nbsp;<\/p>\n","protected":false},"excerpt":{"rendered":"<p>&nbsp; &nbsp; &nbsp; &nbsp; &nbsp; &nbsp;<\/p>\n","protected":false},"author":122,"featured_media":0,"parent":0,"menu_order":0,"comment_status":"closed","ping_status":"closed","template":"","meta":{"footnotes":""},"class_list":["post-3925","page","type-page","status-publish","hentry","post"],"jetpack_sharing_enabled":true,"jetpack_likes_enabled":true,"_links":{"self":[{"href":"https:\/\/wp.ufpel.edu.br\/convenios\/wp-json\/wp\/v2\/pages\/3925","targetHints":{"allow":["GET"]}}],"collection":[{"href":"https:\/\/wp.ufpel.edu.br\/convenios\/wp-json\/wp\/v2\/pages"}],"about":[{"href":"https:\/\/wp.ufpel.edu.br\/convenios\/wp-json\/wp\/v2\/types\/page"}],"author":[{"embeddable":true,"href":"https:\/\/wp.ufpel.edu.br\/convenios\/wp-json\/wp\/v2\/users\/122"}],"replies":[{"embeddable":true,"href":"https:\/\/wp.ufpel.edu.br\/convenios\/wp-json\/wp\/v2\/comments?post=3925"}],"version-history":[{"count":6,"href":"https:\/\/wp.ufpel.edu.br\/convenios\/wp-json\/wp\/v2\/pages\/3925\/revisions"}],"predecessor-version":[{"id":3974,"href":"https:\/\/wp.ufpel.edu.br\/convenios\/wp-json\/wp\/v2\/pages\/3925\/revisions\/3974"}],"wp:attachment":[{"href":"https:\/\/wp.ufpel.edu.br\/convenios\/wp-json\/wp\/v2\/media?parent=3925"}],"curies":[{"name":"wp","href":"https:\/\/api.w.org\/{rel}","templated":true}]}}