{"id":3917,"date":"2025-05-16T16:48:20","date_gmt":"2025-05-16T19:48:20","guid":{"rendered":"https:\/\/wp.ufpel.edu.br\/convenios\/?page_id=3917"},"modified":"2025-05-23T15:58:40","modified_gmt":"2025-05-23T18:58:40","slug":"quando-usar-pi","status":"publish","type":"page","link":"https:\/\/wp.ufpel.edu.br\/convenios\/quando-usar-pi\/","title":{"rendered":"Quando usar Protocolo de Inten\u00e7\u00f5es"},"content":{"rendered":"<p data-start=\"164\" data-end=\"202\"><span style=\"font-size: 18pt;\"><strong data-start=\"164\" data-end=\"202\">O que \u00e9 um Protocolo de Inten\u00e7\u00f5es?<\/strong><\/span><\/p>\n<p data-start=\"204\" data-end=\"494\">O <strong data-start=\"206\" data-end=\"232\">Protocolo de Inten\u00e7\u00f5es<\/strong> \u00e9 um instrumento que <strong data-start=\"254\" data-end=\"306\">formaliza um acordo pol\u00edtico entre os part\u00edcipes<\/strong>, com o objetivo principal de <strong data-start=\"336\" data-end=\"369\">estabelecer diretrizes gerais<\/strong> que se pretende alcan\u00e7ar. Seu foco est\u00e1 na manifesta\u00e7\u00e3o de interesse m\u00fatuo em cooperar, sem ainda detalhar a\u00e7\u00f5es executivas.<\/p>\n<h3 data-start=\"496\" data-end=\"515\"><span style=\"font-size: 18pt;\"><strong data-start=\"500\" data-end=\"515\">Importante:<\/strong><\/span><\/h3>\n<p data-start=\"517\" data-end=\"701\">As a\u00e7\u00f5es pr\u00e1ticas decorrentes desse entendimento dever\u00e3o ser formalizadas <strong data-start=\"591\" data-end=\"648\">por meio de outros instrumentos jur\u00eddicos espec\u00edficos<\/strong>, como conv\u00eanios, acordos de coopera\u00e7\u00e3o ou contratos.<\/p>\n<p data-start=\"703\" data-end=\"831\">Por essa raz\u00e3o, <strong data-start=\"719\" data-end=\"786\">n\u00e3o \u00e9 necess\u00e1ria a apresenta\u00e7\u00e3o de projeto ou plano de trabalho<\/strong> para a celebra\u00e7\u00e3o do Protocolo de Inten\u00e7\u00f5es.<\/p>\n","protected":false},"excerpt":{"rendered":"<p>O que \u00e9 um Protocolo de Inten\u00e7\u00f5es? O Protocolo de Inten\u00e7\u00f5es \u00e9 um instrumento que formaliza um acordo pol\u00edtico entre os part\u00edcipes, com o objetivo principal de estabelecer diretrizes gerais que se pretende alcan\u00e7ar. Seu foco est\u00e1 na manifesta\u00e7\u00e3o de interesse m\u00fatuo em cooperar, sem ainda detalhar a\u00e7\u00f5es executivas. Importante: As a\u00e7\u00f5es pr\u00e1ticas decorrentes desse [&hellip;]<\/p>\n","protected":false},"author":122,"featured_media":0,"parent":0,"menu_order":0,"comment_status":"closed","ping_status":"closed","template":"","meta":{"footnotes":""},"class_list":["post-3917","page","type-page","status-publish","hentry","post"],"jetpack_sharing_enabled":true,"jetpack_likes_enabled":true,"_links":{"self":[{"href":"https:\/\/wp.ufpel.edu.br\/convenios\/wp-json\/wp\/v2\/pages\/3917","targetHints":{"allow":["GET"]}}],"collection":[{"href":"https:\/\/wp.ufpel.edu.br\/convenios\/wp-json\/wp\/v2\/pages"}],"about":[{"href":"https:\/\/wp.ufpel.edu.br\/convenios\/wp-json\/wp\/v2\/types\/page"}],"author":[{"embeddable":true,"href":"https:\/\/wp.ufpel.edu.br\/convenios\/wp-json\/wp\/v2\/users\/122"}],"replies":[{"embeddable":true,"href":"https:\/\/wp.ufpel.edu.br\/convenios\/wp-json\/wp\/v2\/comments?post=3917"}],"version-history":[{"count":4,"href":"https:\/\/wp.ufpel.edu.br\/convenios\/wp-json\/wp\/v2\/pages\/3917\/revisions"}],"predecessor-version":[{"id":3987,"href":"https:\/\/wp.ufpel.edu.br\/convenios\/wp-json\/wp\/v2\/pages\/3917\/revisions\/3987"}],"wp:attachment":[{"href":"https:\/\/wp.ufpel.edu.br\/convenios\/wp-json\/wp\/v2\/media?parent=3917"}],"curies":[{"name":"wp","href":"https:\/\/api.w.org\/{rel}","templated":true}]}}