{"id":3908,"date":"2025-05-16T16:43:42","date_gmt":"2025-05-16T19:43:42","guid":{"rendered":"https:\/\/wp.ufpel.edu.br\/convenios\/?page_id=3908"},"modified":"2025-05-23T15:45:13","modified_gmt":"2025-05-23T18:45:13","slug":"quando-usar-pdi","status":"publish","type":"page","link":"https:\/\/wp.ufpel.edu.br\/convenios\/quando-usar-pdi\/","title":{"rendered":"Quando usar Acordo de Parceria para Pesquisa, Desenvolvimento e Inova\u00e7\u00e3o"},"content":{"rendered":"<p data-start=\"180\" data-end=\"238\"><span style=\"font-size: 14pt;\"><strong data-start=\"180\" data-end=\"238\">O que \u00e9 o Acordo de Parceria para Pesquisa, Desenvolvimento e Inova\u00e7\u00e3o?<\/strong><\/span><\/p>\n<p data-start=\"240\" data-end=\"602\">\u00c9 o <strong data-start=\"244\" data-end=\"339\">instrumento jur\u00eddico utilizado para firmar parcerias entre institui\u00e7\u00f5es p\u00fablicas e privadas<\/strong> com o objetivo de realizar <strong data-start=\"367\" data-end=\"428\">atividades conjuntas de pesquisa cient\u00edfica e tecnol\u00f3gica<\/strong>, al\u00e9m do <strong data-start=\"438\" data-end=\"525\">desenvolvimento de tecnologias, produtos, servi\u00e7os ou processos voltados \u00e0 inova\u00e7\u00e3o<\/strong>, conforme previsto no<span style=\"color: #2a6ebb;\">\u00a0<a style=\"color: #2a6ebb;\" href=\"https:\/\/www.planalto.gov.br\/ccivil_03\/_ato2004-2006\/2004\/lei\/l10.973.htm#:~:text=1991%2C%20ganho%20eventual.-,Art.,com%20institui%C3%A7%C3%B5es%20p%C3%BAblicas%20e%20privadas.\"><strong data-start=\"548\" data-end=\"583\">Artigo 9\u00ba da Lei n\u00ba 10.973\/2004<\/strong><\/a><\/span> (Lei da Inova\u00e7\u00e3o).<\/p>\n<h3 data-start=\"604\" data-end=\"647\"><span style=\"font-size: 18pt;\"><strong data-start=\"608\" data-end=\"647\">Quando utilizamos este instrumento?<\/strong><\/span><\/h3>\n<p data-start=\"649\" data-end=\"944\">O Acordo de Parceria pode ser utilizado tamb\u00e9m <strong data-start=\"696\" data-end=\"798\">quando houver transfer\u00eancia de recursos financeiros do parceiro privado para a institui\u00e7\u00e3o p\u00fablica<\/strong>, sendo <strong data-start=\"806\" data-end=\"861\">facultada a intermedia\u00e7\u00e3o por uma funda\u00e7\u00e3o de apoio<\/strong>, conforme previsto nos <strong data-start=\"885\" data-end=\"943\">incisos<a href=\"https:\/\/www.planalto.gov.br\/ccivil_03\/_ato2015-2018\/2018\/decreto\/d9283.htm\"><span style=\"color: #2a6ebb;\"> VI e VII do Artigo 35 do Decreto n\u00ba 9.283\/2018<\/span><\/a><\/strong>.<\/p>\n","protected":false},"excerpt":{"rendered":"<p>O que \u00e9 o Acordo de Parceria para Pesquisa, Desenvolvimento e Inova\u00e7\u00e3o? \u00c9 o instrumento jur\u00eddico utilizado para firmar parcerias entre institui\u00e7\u00f5es p\u00fablicas e privadas com o objetivo de realizar atividades conjuntas de pesquisa cient\u00edfica e tecnol\u00f3gica, al\u00e9m do desenvolvimento de tecnologias, produtos, servi\u00e7os ou processos voltados \u00e0 inova\u00e7\u00e3o, conforme previsto no\u00a0Artigo 9\u00ba da Lei [&hellip;]<\/p>\n","protected":false},"author":122,"featured_media":0,"parent":0,"menu_order":0,"comment_status":"closed","ping_status":"closed","template":"","meta":{"footnotes":""},"class_list":["post-3908","page","type-page","status-publish","hentry","post"],"jetpack_sharing_enabled":true,"jetpack_likes_enabled":true,"_links":{"self":[{"href":"https:\/\/wp.ufpel.edu.br\/convenios\/wp-json\/wp\/v2\/pages\/3908","targetHints":{"allow":["GET"]}}],"collection":[{"href":"https:\/\/wp.ufpel.edu.br\/convenios\/wp-json\/wp\/v2\/pages"}],"about":[{"href":"https:\/\/wp.ufpel.edu.br\/convenios\/wp-json\/wp\/v2\/types\/page"}],"author":[{"embeddable":true,"href":"https:\/\/wp.ufpel.edu.br\/convenios\/wp-json\/wp\/v2\/users\/122"}],"replies":[{"embeddable":true,"href":"https:\/\/wp.ufpel.edu.br\/convenios\/wp-json\/wp\/v2\/comments?post=3908"}],"version-history":[{"count":6,"href":"https:\/\/wp.ufpel.edu.br\/convenios\/wp-json\/wp\/v2\/pages\/3908\/revisions"}],"predecessor-version":[{"id":3983,"href":"https:\/\/wp.ufpel.edu.br\/convenios\/wp-json\/wp\/v2\/pages\/3908\/revisions\/3983"}],"wp:attachment":[{"href":"https:\/\/wp.ufpel.edu.br\/convenios\/wp-json\/wp\/v2\/media?parent=3908"}],"curies":[{"name":"wp","href":"https:\/\/api.w.org\/{rel}","templated":true}]}}