{"id":3895,"date":"2025-05-16T16:28:48","date_gmt":"2025-05-16T19:28:48","guid":{"rendered":"https:\/\/wp.ufpel.edu.br\/convenios\/?page_id=3895"},"modified":"2025-05-23T15:45:56","modified_gmt":"2025-05-23T18:45:56","slug":"quando-usa-ct","status":"publish","type":"page","link":"https:\/\/wp.ufpel.edu.br\/convenios\/quando-usa-ct\/","title":{"rendered":"Quando usar Acordo de Coopera\u00e7\u00e3o T\u00e9cnica"},"content":{"rendered":"<p data-start=\"219\" data-end=\"868\"><strong data-start=\"219\" data-end=\"276\">Conforme disposto no <a href=\"https:\/\/www.gov.br\/agu\/pt-br\/composicao\/procuradoria-geral-federal-1\/arquivos\/PARECERN000042016DEPCONSUCPCVPGFAGU.pdf\"><span style=\"color: #2a6ebb;\">Parecer n\u00ba 004\/2016\/CPCV\/PGF\/AGU<\/span><\/a><\/strong>, que, em virtude do advento da<a href=\"https:\/\/www.planalto.gov.br\/ccivil_03\/_ato2011-2014\/2014\/lei\/l13019.htm\"><span style=\"color: #2a6ebb;\"> Lei n\u00ba 13.019\/2014<\/span><\/a> (Marco Regulat\u00f3rio das Organiza\u00e7\u00f5es da Sociedade Civil), revisou e estabeleceu nova reda\u00e7\u00e3o para a Conclus\u00e3o <a href=\"https:\/\/www.gov.br\/agu\/pt-br\/composicao\/procuradoria-geral-federal-1\/arquivos\/PARECERN000042016DEPCONSUCPCVPGFAGU.pdf\"><span style=\"color: #2a6ebb;\">DEPCONSU\/PGF n\u00ba 54\/2013<\/span><\/a>, o <strong data-start=\"463\" data-end=\"487\">Acordo de Coopera\u00e7\u00e3o<\/strong> \u00e9 definido como o instrumento jur\u00eddico adequado para formalizar parcerias entre \u00f3rg\u00e3os p\u00fablicos ou entre \u00f3rg\u00e3os e\/ou entidades privadas, com ou sem fins lucrativos, com o objetivo de promover a coopera\u00e7\u00e3o t\u00e9cnica para a execu\u00e7\u00e3o de programas de trabalho, projetos, atividades ou eventos de interesse rec\u00edproco, <strong data-start=\"799\" data-end=\"806\">sem<\/strong> que haja repasse de recursos financeiros entre os part\u00edcipes.<\/p>\n<h3 data-start=\"870\" data-end=\"925\"><span style=\"font-size: 18pt;\"><strong data-start=\"874\" data-end=\"925\">Quando utilizamos Acordo de Coopera\u00e7\u00e3o T\u00e9cnica?<\/strong><\/span><\/h3>\n<p data-start=\"927\" data-end=\"1305\">Este instrumento \u00e9 utilizado em <strong data-start=\"959\" data-end=\"1007\">projetos de demanda exclusiva e objeto \u00fanico<\/strong>, que ser\u00e3o realizados em parceria com institui\u00e7\u00f5es p\u00fablicas ou privadas, <strong data-start=\"1081\" data-end=\"1134\">geralmente sem envolvimento de repasse financeiro<\/strong>. Nesses casos, a institui\u00e7\u00e3o parceira pode fornecer <strong data-start=\"1187\" data-end=\"1276\">insumos, equipamentos, pessoal ou outros recursos n\u00e3o financeiros diretamente \u00e0 UFPel<\/strong>, para a execu\u00e7\u00e3o do projeto.<\/p>\n<h3 data-start=\"1307\" data-end=\"1371\"><span style=\"font-size: 18pt;\"><strong data-start=\"1311\" data-end=\"1371\">E se houver repasse de recursos financeiros do parceiro?<\/strong><\/span><\/h3>\n<p data-start=\"1373\" data-end=\"1755\">Se houver <strong data-start=\"1383\" data-end=\"1432\">repasse financeiro do parceiro para o projeto<\/strong>, e o parceiro <strong data-start=\"1447\" data-end=\"1483\">n\u00e3o pertencer ao Governo Federal<\/strong> (caso em que o instrumento adequado seria o TED), ent\u00e3o o instrumento utilizado ser\u00e1 um <strong data-start=\"1584\" data-end=\"1619\">Acordo de Coopera\u00e7\u00e3o Tripartite<\/strong>. Nesse modelo, inclui-se a <strong data-start=\"1647\" data-end=\"1655\">FMDS<\/strong> como part\u00edcipe, pois ela ser\u00e1 a respons\u00e1vel por receber os recursos e apoiar a execu\u00e7\u00e3o do projeto.<\/p>\n","protected":false},"excerpt":{"rendered":"<p>Conforme disposto no Parecer n\u00ba 004\/2016\/CPCV\/PGF\/AGU, que, em virtude do advento da Lei n\u00ba 13.019\/2014 (Marco Regulat\u00f3rio das Organiza\u00e7\u00f5es da Sociedade Civil), revisou e estabeleceu nova reda\u00e7\u00e3o para a Conclus\u00e3o DEPCONSU\/PGF n\u00ba 54\/2013, o Acordo de Coopera\u00e7\u00e3o \u00e9 definido como o instrumento jur\u00eddico adequado para formalizar parcerias entre \u00f3rg\u00e3os p\u00fablicos ou entre \u00f3rg\u00e3os e\/ou entidades [&hellip;]<\/p>\n","protected":false},"author":122,"featured_media":0,"parent":0,"menu_order":0,"comment_status":"closed","ping_status":"closed","template":"","meta":{"footnotes":""},"class_list":["post-3895","page","type-page","status-publish","hentry","post"],"jetpack_sharing_enabled":true,"jetpack_likes_enabled":true,"_links":{"self":[{"href":"https:\/\/wp.ufpel.edu.br\/convenios\/wp-json\/wp\/v2\/pages\/3895","targetHints":{"allow":["GET"]}}],"collection":[{"href":"https:\/\/wp.ufpel.edu.br\/convenios\/wp-json\/wp\/v2\/pages"}],"about":[{"href":"https:\/\/wp.ufpel.edu.br\/convenios\/wp-json\/wp\/v2\/types\/page"}],"author":[{"embeddable":true,"href":"https:\/\/wp.ufpel.edu.br\/convenios\/wp-json\/wp\/v2\/users\/122"}],"replies":[{"embeddable":true,"href":"https:\/\/wp.ufpel.edu.br\/convenios\/wp-json\/wp\/v2\/comments?post=3895"}],"version-history":[{"count":4,"href":"https:\/\/wp.ufpel.edu.br\/convenios\/wp-json\/wp\/v2\/pages\/3895\/revisions"}],"predecessor-version":[{"id":3984,"href":"https:\/\/wp.ufpel.edu.br\/convenios\/wp-json\/wp\/v2\/pages\/3895\/revisions\/3984"}],"wp:attachment":[{"href":"https:\/\/wp.ufpel.edu.br\/convenios\/wp-json\/wp\/v2\/media?parent=3895"}],"curies":[{"name":"wp","href":"https:\/\/api.w.org\/{rel}","templated":true}]}}