{"id":3885,"date":"2025-05-16T16:18:45","date_gmt":"2025-05-16T19:18:45","guid":{"rendered":"https:\/\/wp.ufpel.edu.br\/convenios\/?page_id=3885"},"modified":"2025-05-20T16:02:37","modified_gmt":"2025-05-20T19:02:37","slug":"quando-usar-cnv","status":"publish","type":"page","link":"https:\/\/wp.ufpel.edu.br\/convenios\/quando-usar-cnv\/","title":{"rendered":"Quando usar Conv\u00eanios"},"content":{"rendered":"<p data-start=\"262\" data-end=\"564\">Embora &#8220;<span style=\"color: #000000;\">conv\u00eanio<\/span>&#8221; seja o termo mais utilizado por quem deseja celebrar parcerias com outras institui\u00e7\u00f5es, a<a href=\"https:\/\/www.gov.br\/transferegov\/pt-br\/legislacao\/portarias\/portaria-interministerial-no-424-de-30-de-dezembro-de-2016\"><span style=\"color: #2a6ebb;\"> Portaria Interministerial n\u00ba 424, de 30 de dezembro de 2016<\/span><\/a>, traz um conceito espec\u00edfico para o termo, que se aplica apenas a uma pequena parcela dos projetos atualmente executados na UFPEL.<\/p>\n<p data-start=\"566\" data-end=\"1005\"><strong data-start=\"566\" data-end=\"578\">Conv\u00eanio<\/strong> \u00e9 o instrumento que regulamenta a transfer\u00eancia de recursos financeiros de \u00f3rg\u00e3os ou entidades da Administra\u00e7\u00e3o P\u00fablica Federal <span style=\"color: #000000;\">(com recursos do or\u00e7amento fiscal ou da seguridade social da Uni\u00e3o<\/span>), seja direta ou indiretamente, incluindo cons\u00f3rcios p\u00fablicos ou entidades privadas sem fins lucrativos. Essa transfer\u00eancia tem como objetivo a execu\u00e7\u00e3o de projeto ou atividade de interesse rec\u00edproco, em regime de m\u00fatua coopera\u00e7\u00e3o.<\/p>\n<h3 data-start=\"1007\" data-end=\"1043\"><span style=\"font-size: 18pt;\"><strong data-start=\"1011\" data-end=\"1043\">Quando utilizamos conv\u00eanios?<\/strong><\/span><\/h3>\n<p data-start=\"1045\" data-end=\"1394\">Um conv\u00eanio ser\u00e1 utilizado quando formos executar um projeto que envolva repasse de recursos financeiros (<span style=\"color: #000000;\">como Or\u00e7amento Anual, TED ou Emenda Parlamentar<\/span>), cuja origem seja o Tesouro Nacional sendo a UFPEL a concedente para institui\u00e7\u00f5es estaduais, municipais ou organiza\u00e7\u00f5es civis, com ou sem fins lucrativos \u2014 que assumem o papel de convenente.<\/p>\n<blockquote data-start=\"1396\" data-end=\"1581\">\n<p data-start=\"1398\" data-end=\"1581\"><span style=\"font-size: 14pt;\"><strong data-start=\"1398\" data-end=\"1413\">Importante:<\/strong><\/span><br data-start=\"1413\" data-end=\"1416\" \/>Por exclus\u00e3o, toda parceria que <strong data-start=\"1450\" data-end=\"1457\">n\u00e3o<\/strong> atender a <strong data-start=\"1468\" data-end=\"1477\">todas<\/strong> essas caracter\u00edsticas <strong data-start=\"1500\" data-end=\"1507\">n\u00e3o<\/strong> ser\u00e1 considerada um conv\u00eanio, mas sim outro tipo de instrumento jur\u00eddico.<\/p>\n<\/blockquote>\n","protected":false},"excerpt":{"rendered":"<p>Embora &#8220;conv\u00eanio&#8221; seja o termo mais utilizado por quem deseja celebrar parcerias com outras institui\u00e7\u00f5es, a Portaria Interministerial n\u00ba 424, de 30 de dezembro de 2016, traz um conceito espec\u00edfico para o termo, que se aplica apenas a uma pequena parcela dos projetos atualmente executados na UFPEL. Conv\u00eanio \u00e9 o instrumento que regulamenta a transfer\u00eancia [&hellip;]<\/p>\n","protected":false},"author":122,"featured_media":0,"parent":0,"menu_order":0,"comment_status":"closed","ping_status":"closed","template":"","meta":{"footnotes":""},"class_list":["post-3885","page","type-page","status-publish","hentry","post"],"jetpack_sharing_enabled":true,"jetpack_likes_enabled":true,"_links":{"self":[{"href":"https:\/\/wp.ufpel.edu.br\/convenios\/wp-json\/wp\/v2\/pages\/3885","targetHints":{"allow":["GET"]}}],"collection":[{"href":"https:\/\/wp.ufpel.edu.br\/convenios\/wp-json\/wp\/v2\/pages"}],"about":[{"href":"https:\/\/wp.ufpel.edu.br\/convenios\/wp-json\/wp\/v2\/types\/page"}],"author":[{"embeddable":true,"href":"https:\/\/wp.ufpel.edu.br\/convenios\/wp-json\/wp\/v2\/users\/122"}],"replies":[{"embeddable":true,"href":"https:\/\/wp.ufpel.edu.br\/convenios\/wp-json\/wp\/v2\/comments?post=3885"}],"version-history":[{"count":7,"href":"https:\/\/wp.ufpel.edu.br\/convenios\/wp-json\/wp\/v2\/pages\/3885\/revisions"}],"predecessor-version":[{"id":3962,"href":"https:\/\/wp.ufpel.edu.br\/convenios\/wp-json\/wp\/v2\/pages\/3885\/revisions\/3962"}],"wp:attachment":[{"href":"https:\/\/wp.ufpel.edu.br\/convenios\/wp-json\/wp\/v2\/media?parent=3885"}],"curies":[{"name":"wp","href":"https:\/\/api.w.org\/{rel}","templated":true}]}}