{"id":3873,"date":"2025-05-16T15:33:17","date_gmt":"2025-05-16T18:33:17","guid":{"rendered":"https:\/\/wp.ufpel.edu.br\/convenios\/?page_id=3873"},"modified":"2025-11-19T10:31:09","modified_gmt":"2025-11-19T13:31:09","slug":"quando-usar","status":"publish","type":"page","link":"https:\/\/wp.ufpel.edu.br\/convenios\/quando-usar\/","title":{"rendered":"Quando usar Contratos"},"content":{"rendered":"<p>Segundo o C\u00f3digo Civil Brasileiro atual <span style=\"color: #3366ff;\"><a style=\"color: #3366ff;\" href=\"https:\/\/www.planalto.gov.br\/ccivil_03\/leis\/2002\/l10406compilada.htm\">Lei n\u00ba 10.406\/2002<\/a>:<\/span><\/p>\n<p>O contrato \u00e9 um acordo de vontades livremente manifestado, que produz efeitos jur\u00eddicos e \u00e9 fundamentado em princ\u00edpios como a fun\u00e7\u00e3o social e a boa-f\u00e9 objetiva. Atualmente esse tipo de instrumento \u00e9 regido pela <a href=\"https:\/\/www.planalto.gov.br\/ccivil_03\/_ato2019-2022\/2021\/lei\/l14133.htm\"><span style=\"color: #2a6ebb;\">Lei 14.133\/2021.<\/span><\/a><\/p>\n<div style=\"width: 720px;\" class=\"wp-video\"><video class=\"wp-video-shortcode\" id=\"video-3873-1\" width=\"720\" height=\"490\" preload=\"metadata\" controls=\"controls\"><source type=\"video\/mp4\" src=\"https:\/\/wp.ufpel.edu.br\/convenios\/files\/2025\/11\/Quando-Usar-Contratos-Video-Final.mp4?_=1\" \/><a href=\"https:\/\/wp.ufpel.edu.br\/convenios\/files\/2025\/11\/Quando-Usar-Contratos-Video-Final.mp4\">https:\/\/wp.ufpel.edu.br\/convenios\/files\/2025\/11\/Quando-Usar-Contratos-Video-Final.mp4<\/a><\/video><\/div>\n<h3 data-start=\"1007\" data-end=\"1043\"><span style=\"font-size: 18pt;\"><strong data-start=\"1011\" data-end=\"1043\">Quando utilizamos Contratos?<\/strong><\/span><\/h3>\n<p>Quando o projeto necessita de um financiador ou devido a caracter\u00edstica do projeto<span style=\"color: #000000;\"> (geralmente projetos de extens\u00e3o nas modalidades de presta\u00e7\u00e3o de servi\u00e7o ou eventos)<\/span> n\u00f3s contratamos a funda\u00e7\u00e3o de apoio para que ela fa\u00e7a a capta\u00e7\u00e3o deste recursos, receba e administre esse financiamento <span style=\"color: #000000;\">(geralmente inscri\u00e7\u00f5es para eventos ou empresas que contratam os servi\u00e7os dos projetos).<\/span><\/p>\n","protected":false},"excerpt":{"rendered":"<p>Segundo o C\u00f3digo Civil Brasileiro atual Lei n\u00ba 10.406\/2002: O contrato \u00e9 um acordo de vontades livremente manifestado, que produz efeitos jur\u00eddicos e \u00e9 fundamentado em princ\u00edpios como a fun\u00e7\u00e3o social e a boa-f\u00e9 objetiva. Atualmente esse tipo de instrumento \u00e9 regido pela Lei 14.133\/2021. Quando utilizamos Contratos? Quando o projeto necessita de um financiador [&hellip;]<\/p>\n","protected":false},"author":122,"featured_media":0,"parent":0,"menu_order":0,"comment_status":"closed","ping_status":"closed","template":"","meta":{"footnotes":""},"class_list":["post-3873","page","type-page","status-publish","hentry","post"],"jetpack_sharing_enabled":true,"jetpack_likes_enabled":true,"_links":{"self":[{"href":"https:\/\/wp.ufpel.edu.br\/convenios\/wp-json\/wp\/v2\/pages\/3873","targetHints":{"allow":["GET"]}}],"collection":[{"href":"https:\/\/wp.ufpel.edu.br\/convenios\/wp-json\/wp\/v2\/pages"}],"about":[{"href":"https:\/\/wp.ufpel.edu.br\/convenios\/wp-json\/wp\/v2\/types\/page"}],"author":[{"embeddable":true,"href":"https:\/\/wp.ufpel.edu.br\/convenios\/wp-json\/wp\/v2\/users\/122"}],"replies":[{"embeddable":true,"href":"https:\/\/wp.ufpel.edu.br\/convenios\/wp-json\/wp\/v2\/comments?post=3873"}],"version-history":[{"count":3,"href":"https:\/\/wp.ufpel.edu.br\/convenios\/wp-json\/wp\/v2\/pages\/3873\/revisions"}],"predecessor-version":[{"id":4386,"href":"https:\/\/wp.ufpel.edu.br\/convenios\/wp-json\/wp\/v2\/pages\/3873\/revisions\/4386"}],"wp:attachment":[{"href":"https:\/\/wp.ufpel.edu.br\/convenios\/wp-json\/wp\/v2\/media?parent=3873"}],"curies":[{"name":"wp","href":"https:\/\/api.w.org\/{rel}","templated":true}]}}