{"id":3221,"date":"2022-03-28T15:26:49","date_gmt":"2022-03-28T18:26:49","guid":{"rendered":"https:\/\/wp.ufpel.edu.br\/convenios\/?page_id=3221"},"modified":"2022-03-29T16:51:39","modified_gmt":"2022-03-29T19:51:39","slug":"relatorio-de-prestacao-de-contas-de-contratos","status":"publish","type":"page","link":"https:\/\/wp.ufpel.edu.br\/convenios\/relatorio-de-prestacao-de-contas-de-contratos\/","title":{"rendered":"Relat\u00f3rio de Presta\u00e7\u00e3o de Contas de Contratos"},"content":{"rendered":"\n<!-- iframe plugin v.6.0 wordpress.org\/plugins\/iframe\/ -->\n<iframe loading=\"lazy\" src=\"https:\/\/docs.google.com\/spreadsheets\/d\/e\/2PACX-1vQVHRIH1b_yVao55kWO2DMyoYwvQ8kcWyX8cPRO8FLIgebplMV0ExsyoIiQTxAiiv6G5mmbNud-Gq4A\/pubhtml?chrome=false&#038;gid=660720873&#038;single=true&#038;widget=false&#038;headers=false&#038;gridlines=false\" width=\"100%\" height=\"500\" scrolling=\"yes\" class=\"iframe-class\" frameborder=\"0\"><\/iframe>\n\n<p>Link para download da planilha em formato CSV: <a href=\"https:\/\/docs.google.com\/spreadsheets\/d\/e\/2PACX-1vQVHRIH1b_yVao55kWO2DMyoYwvQ8kcWyX8cPRO8FLIgebplMV0ExsyoIiQTxAiiv6G5mmbNud-Gq4A\/pub?gid=660720873&amp;single=true&amp;output=csv\">Relat\u00f3rio de Presta\u00e7\u00e3o de Contas de Contratos<\/a><\/p>\n","protected":false},"excerpt":{"rendered":"<p>Link para download da planilha em formato CSV: Relat\u00f3rio de Presta\u00e7\u00e3o de Contas de Contratos<\/p>\n","protected":false},"author":122,"featured_media":0,"parent":0,"menu_order":0,"comment_status":"closed","ping_status":"closed","template":"","meta":{"footnotes":""},"class_list":["post-3221","page","type-page","status-publish","hentry","post"],"jetpack_sharing_enabled":true,"jetpack_likes_enabled":true,"_links":{"self":[{"href":"https:\/\/wp.ufpel.edu.br\/convenios\/wp-json\/wp\/v2\/pages\/3221","targetHints":{"allow":["GET"]}}],"collection":[{"href":"https:\/\/wp.ufpel.edu.br\/convenios\/wp-json\/wp\/v2\/pages"}],"about":[{"href":"https:\/\/wp.ufpel.edu.br\/convenios\/wp-json\/wp\/v2\/types\/page"}],"author":[{"embeddable":true,"href":"https:\/\/wp.ufpel.edu.br\/convenios\/wp-json\/wp\/v2\/users\/122"}],"replies":[{"embeddable":true,"href":"https:\/\/wp.ufpel.edu.br\/convenios\/wp-json\/wp\/v2\/comments?post=3221"}],"version-history":[{"count":6,"href":"https:\/\/wp.ufpel.edu.br\/convenios\/wp-json\/wp\/v2\/pages\/3221\/revisions"}],"predecessor-version":[{"id":3242,"href":"https:\/\/wp.ufpel.edu.br\/convenios\/wp-json\/wp\/v2\/pages\/3221\/revisions\/3242"}],"wp:attachment":[{"href":"https:\/\/wp.ufpel.edu.br\/convenios\/wp-json\/wp\/v2\/media?parent=3221"}],"curies":[{"name":"wp","href":"https:\/\/api.w.org\/{rel}","templated":true}]}}