{"id":2917,"date":"2021-10-18T14:42:56","date_gmt":"2021-10-18T17:42:56","guid":{"rendered":"https:\/\/wp.ufpel.edu.br\/convenios\/?page_id=2917"},"modified":"2025-10-24T09:25:07","modified_gmt":"2025-10-24T12:25:07","slug":"relatorio-prestacao-de-contas","status":"publish","type":"page","link":"https:\/\/wp.ufpel.edu.br\/convenios\/relatorio-prestacao-de-contas\/","title":{"rendered":"Relat\u00f3rio de Presta\u00e7\u00e3o de Contas de Conv\u00eanios SICONV"},"content":{"rendered":"<p><!-- Planilha em largura total --><\/p>\n<div style=\"position:relative; margin:0 auto; width:100vw; left:50%; right:50%; margin-left:-50vw; margin-right:-50vw; height:0; padding-bottom:70%;\">\n  <iframe \n    src=\"https:\/\/docs.google.com\/spreadsheets\/d\/e\/2PACX-1vQVHRIH1b_yVao55kWO2DMyoYwvQ8kcWyX8cPRO8FLIgebplMV0ExsyoIiQTxAiiv6G5mmbNud-Gq4A\/pubhtml?chrome=false&#038;gid=1589480365&#038;single=true&#038;widget=false&#038;headers=false&#038;gridlines=false\"\n    style=\"position:absolute; top:0; left:0; width:98%; height:100%; border:none;\"><br \/>\n  <\/iframe>\n<\/div>\n<p><!-- Fim da planilha --><\/p>\n","protected":false},"excerpt":{"rendered":"","protected":false},"author":122,"featured_media":0,"parent":0,"menu_order":0,"comment_status":"closed","ping_status":"closed","template":"","meta":{"footnotes":""},"class_list":["post-2917","page","type-page","status-publish","hentry","post"],"jetpack_sharing_enabled":true,"jetpack_likes_enabled":true,"_links":{"self":[{"href":"https:\/\/wp.ufpel.edu.br\/convenios\/wp-json\/wp\/v2\/pages\/2917","targetHints":{"allow":["GET"]}}],"collection":[{"href":"https:\/\/wp.ufpel.edu.br\/convenios\/wp-json\/wp\/v2\/pages"}],"about":[{"href":"https:\/\/wp.ufpel.edu.br\/convenios\/wp-json\/wp\/v2\/types\/page"}],"author":[{"embeddable":true,"href":"https:\/\/wp.ufpel.edu.br\/convenios\/wp-json\/wp\/v2\/users\/122"}],"replies":[{"embeddable":true,"href":"https:\/\/wp.ufpel.edu.br\/convenios\/wp-json\/wp\/v2\/comments?post=2917"}],"version-history":[{"count":3,"href":"https:\/\/wp.ufpel.edu.br\/convenios\/wp-json\/wp\/v2\/pages\/2917\/revisions"}],"predecessor-version":[{"id":4338,"href":"https:\/\/wp.ufpel.edu.br\/convenios\/wp-json\/wp\/v2\/pages\/2917\/revisions\/4338"}],"wp:attachment":[{"href":"https:\/\/wp.ufpel.edu.br\/convenios\/wp-json\/wp\/v2\/media?parent=2917"}],"curies":[{"name":"wp","href":"https:\/\/api.w.org\/{rel}","templated":true}]}}