{"id":2603,"date":"2020-07-31T10:40:53","date_gmt":"2020-07-31T13:40:53","guid":{"rendered":"https:\/\/wp.ufpel.edu.br\/convenios\/?page_id=2603"},"modified":"2026-03-20T10:48:06","modified_gmt":"2026-03-20T13:48:06","slug":"relatorios-semestrais-e-de-pagamentos-de-bolsas","status":"publish","type":"page","link":"https:\/\/wp.ufpel.edu.br\/convenios\/relatorios-semestrais-e-de-pagamentos-de-bolsas\/","title":{"rendered":"Relat\u00f3rios Semestrais e de Pagamentos de Bolsas"},"content":{"rendered":"<p style=\"text-align: justify;\"><span style=\"font-family: georgia, palatino, serif; font-size: 12pt;\"><strong>(I) Relat\u00f3rio Semestral de Atividades e Relat\u00f3rio de Fiscaliza\u00e7\u00e3o<\/strong><\/span><\/p>\n<p style=\"text-align: justify; padding-left: 40px;\"><span style=\"font-family: georgia, palatino, serif; font-size: 12pt;\">O <em>procedimento para a gera\u00e7\u00e3o<\/em>\u00a0do <em>Relat\u00f3rio Semestral de Atividades<\/em> (a ser elaborado pelo(a) Coordenador(a) do Projeto) e do <em>Relat\u00f3rio de Fiscaliza\u00e7\u00e3o<\/em> (a cargo do(a) Fiscal), em vers\u00e3o edit\u00e1vel via SEI, \u00e9\u00a0 seguinte:<\/span><\/p>\n<ul>\n<li style=\"list-style-type: none;\">\n<ul style=\"text-align: justify;\">\n<li class=\"Texto_Justificado\"><span style=\"font-family: georgia, palatino, serif; font-size: 12pt;\">Localizar o Processo de Fiscaliza\u00e7\u00e3o;<\/span><\/li>\n<li><span style=\"font-family: georgia, palatino, serif; font-size: 12pt;\">Incluir Documento;<\/span><\/li>\n<li class=\"Texto_Justificado\"><span style=\"font-family: georgia, palatino, serif; font-size: 12pt;\">Escolher o Tipo de Documento (clicar no bot\u00e3o &#8220;+&#8221; em verde);<\/span><\/li>\n<li class=\"Texto_Justificado\"><span style=\"font-family: georgia, palatino, serif; font-size: 12pt;\">Digitar: CCONC Relat\u00f3rio Atividades\u00a0ou\u00a0<em>GR Formul\u00e1rio de fiscaliza\u00e7\u00e3o<\/em>;<\/span><\/li>\n<li><span style=\"font-family: georgia, palatino, serif; font-size: 12pt;\">Preencher o Documento;<\/span><\/li>\n<li><span style=\"font-family: georgia, palatino, serif; font-size: 12pt;\">Assinar Digitalmente.<\/span><\/li>\n<\/ul>\n<\/li>\n<\/ul>\n<p style=\"text-align: justify; padding-left: 40px;\"><span style=\"font-family: georgia, palatino, serif; font-size: 12pt;\"><em>Onde obter as informa\u00e7\u00f5es para preencher os formul\u00e1rios?<\/em><\/span><\/p>\n<ul>\n<li style=\"list-style-type: none;\">\n<ul style=\"text-align: justify;\">\n<li class=\"Texto_Justificado\"><span style=\"font-family: georgia, palatino, serif; font-size: 12pt;\">Quest\u00f5es relacionadas ao objeto, metas, etapas e cronograma: Coordenador(a) do Projeto e\/ou Funda\u00e7\u00e3o de Apoio;<\/span><\/li>\n<li class=\"Texto_Justificado\"><span style=\"font-family: georgia, palatino, serif; font-size: 12pt;\">Quest\u00f5es relacionadas aos recursos financeiros: Funda\u00e7\u00e3o de Apoio;<\/span><\/li>\n<li class=\"Texto_Justificado\" style=\"text-align: justify;\"><span style=\"font-family: georgia, palatino, serif; font-size: 12pt;\">Quest\u00f5es relacionadas \u00e0 contrata\u00e7\u00e3o de terceiros: Funda\u00e7\u00e3o de Apoio;<\/span><\/li>\n<li class=\"Texto_Justificado\" style=\"text-align: justify;\"><span style=\"font-family: georgia, palatino, serif; font-size: 12pt;\">Demais quest\u00f5es: Se\u00e7\u00e3o de Acompanhamento e Controle (SAC) e\/ou Coordena\u00e7\u00e3o de Conv\u00eanios e Contratos (CCONC).<\/span><\/li>\n<\/ul>\n<\/li>\n<\/ul>\n<p style=\"text-align: justify;\"><span style=\"font-family: georgia, palatino, serif; font-size: 12pt;\"><strong>(II) Documentos de apoio e instru\u00e7\u00e3o para os Coordenadores e Fiscais de Conv\u00eanios e Contratos:<\/strong><\/span><\/p>\n<p style=\"text-align: justify; padding-left: 40px;\"><span style=\"font-family: georgia, palatino, serif; font-size: 12pt;\">(A) Modelo de Relat\u00f3rio Semestral de Atividades para os Coordenadores de Conv\u00eanios, Contratos, Acordos, <\/span><span style=\"font-family: georgia, palatino, serif;\">Termos<\/span><span style=\"font-family: georgia, palatino, serif; font-size: 12pt;\">\u00a0e Protocolos:<\/span><\/p>\n<ul>\n<li><a href=\"https:\/\/wp.ufpel.edu.br\/convenios\/files\/2023\/05\/CCONC-Relatorio-de-Atividades.pdf\">CCONC &#8211; Relat\u00f3rio Atividades<\/a><\/li>\n<\/ul>\n<p style=\"text-align: justify; padding-left: 40px;\"><span style=\"font-family: georgia, palatino, serif; font-size: 12pt;\">(B) Documentos de apoio para os Fiscais de Conv\u00eanios, Contratos, Acordos, <span style=\"font-family: georgia, palatino, serif;\">Termos<\/span>\u00a0e Protocolos:<\/span><\/p>\n<ul>\n<li><a href=\"https:\/\/wp.ufpel.edu.br\/convenios\/files\/2021\/03\/SAC-Formulario-GR-Formulario-de-fiscalizacao-convenios-contratos.pdf\">SAC &#8211; Formul\u00e1rio &#8211; GR Formul\u00e1rio de fiscaliza\u00e7\u00e3o conv\u00eanios-contratos<\/a><\/li>\n<li><a href=\"https:\/\/www.youtube.com\/watch?v=zVCWgZQdlX4&amp;t=278s\">Administra\u00e7\u00e3o P\u00fablica Na Pr\u00e1tica! V\u00eddeo no YouTube sobre SICONV &#8211; Acompanhamento e Fiscaliza\u00e7\u00e3o<\/a><\/li>\n<\/ul>\n<p style=\"text-align: justify; padding-left: 40px;\"><span style=\"font-family: georgia, palatino, serif; font-size: 12pt;\">(C) Manuais para os Fiscais de Conv\u00eanios:<\/span><\/p>\n<ul>\n<li><a href=\"https:\/\/wp.ufpel.edu.br\/convenios\/files\/2020\/07\/SAC-Manual-do-Usu\u00e1rio-SICONV-Acompanhamento-e-Fiscaliza\u00e7\u00e3o.pdf\">SAC &#8211; Manual do Usu\u00e1rio &#8211; SICONV &#8211; Acompanhamento e Fiscaliza\u00e7\u00e3o<\/a><\/li>\n<li><a href=\"https:\/\/wp.ufpel.edu.br\/convenios\/files\/2020\/07\/SAC-Manual-do-Usu\u00e1rio-SICONV-Extrato-Relat\u00f3rio-Conv\u00eanios.pdf\">SAC &#8211; Manual do Usu\u00e1rio &#8211; SICONV &#8211; Extrato Relat\u00f3rio Conv\u00eanios<\/a><\/li>\n<\/ul>\n<p style=\"text-align: justify;\"><span style=\"font-family: georgia, palatino, serif; font-size: 12pt;\"><strong>Relat\u00f3rios de Pagamentos de Bolsas<\/strong><\/span><\/p>\n<p style=\"text-align: justify; padding-left: 40px;\"><span style=\"font-family: georgia, palatino, serif; font-size: 12pt;\">Em aten\u00e7\u00e3o ao art. 19 da Resolu\u00e7\u00e3o n\u00ba 15, de 19 de setembro de 2019, do Conselho Universit\u00e1rio da UFPel, \u00e9 atribui\u00e7\u00e3o da Universidade divulgar em s\u00edtio pr\u00f3prio os relat\u00f3rios mensais de todas as bolsas pagas por Funda\u00e7\u00e3o de apoio, dos quais dever\u00e3o constar o nome do benefici\u00e1rio, o curso, a titula\u00e7\u00e3o, o valor pago, bem como o t\u00edtulo do programa ou projeto e n\u00famero do instrumento de sua celebra\u00e7\u00e3o.<\/span><\/p>\n<p style=\"text-align: justify; padding-left: 40px;\"><span style=\"font-family: georgia, palatino, serif; font-size: 12pt;\">2026<\/span><\/p>\n<ul>\n<li>2026 &#8211; <a href=\"https:\/\/wp.ufpel.edu.br\/convenios\/files\/2026\/03\/Planilha-de-Bolsas-UFPel-Janeiro-de-2026.xlsx\">Planilha de Bolsas FDMS (Janeiro)<\/a><\/li>\n<li>2026 &#8211; <a href=\"https:\/\/wp.ufpel.edu.br\/convenios\/files\/2026\/03\/Planilha-de-Bolsas-UFPel-Fevereiro-de-2026.xlsx\">Planilha <\/a><a href=\"https:\/\/wp.ufpel.edu.br\/convenios\/files\/2025\/04\/Planilha-Bolsas-FDMS-Dezembro-2024.xlsx\">de <\/a><a href=\"https:\/\/wp.ufpel.edu.br\/convenios\/files\/2026\/03\/Planilha-de-Bolsas-UFPel-Fevereiro-de-2026.xlsx\">Bolsas FDMS (Fevereiro)<\/a><\/li>\n<\/ul>\n<p style=\"text-align: justify; padding-left: 40px;\"><span style=\"font-family: georgia, palatino, serif; font-size: 12pt;\">2025<\/span><\/p>\n<ul>\n<li><a href=\"https:\/\/wp.ufpel.edu.br\/convenios\/files\/2025\/04\/Planilha-de-Bolsas-FDMS-UFPel-Janeiro-2025.xlsx\">2025 &#8211; Planilha <\/a><a href=\"https:\/\/wp.ufpel.edu.br\/convenios\/files\/2025\/04\/Planilha-Bolsas-FDMS-Dezembro-2024.xlsx\">de <\/a><a href=\"https:\/\/wp.ufpel.edu.br\/convenios\/files\/2025\/04\/Planilha-de-Bolsas-FDMS-UFPel-Janeiro-2025.xlsx\">Bolsas FDMS (Janeiro)<\/a><\/li>\n<li><a href=\"https:\/\/wp.ufpel.edu.br\/convenios\/files\/2025\/04\/Planilha-de-Bolsas-FDMS-UFPel-Fevereiro-de-2025-1.xlsx\">2025 &#8211; Planilha <\/a><a href=\"https:\/\/wp.ufpel.edu.br\/convenios\/files\/2025\/04\/Planilha-Bolsas-FDMS-Dezembro-2024.xlsx\">de <\/a><a href=\"https:\/\/wp.ufpel.edu.br\/convenios\/files\/2025\/04\/Planilha-de-Bolsas-FDMS-UFPel-Fevereiro-de-2025-1.xlsx\">Bolsas FDMS (Fevereiro)<\/a><\/li>\n<li><a href=\"https:\/\/wp.ufpel.edu.br\/convenios\/files\/2025\/04\/Planilha-de-Bolsas-FDMS-UFPel-Marco-2025.xlsx\">2025 &#8211; Planilha <\/a><a href=\"https:\/\/wp.ufpel.edu.br\/convenios\/files\/2025\/04\/Planilha-Bolsas-FDMS-Dezembro-2024.xlsx\">de <\/a><a href=\"https:\/\/wp.ufpel.edu.br\/convenios\/files\/2025\/04\/Planilha-de-Bolsas-FDMS-UFPel-Marco-2025.xlsx\">Bolsas FDMS (Mar\u00e7o)<\/a><\/li>\n<li><a href=\"https:\/\/wp.ufpel.edu.br\/convenios\/files\/2025\/08\/Planilha-de-Bolsas-FDMS-UFPel-Abril-2025.xlsx\">2025 &#8211; Planilha de Bolsas FDMS (Abril)<\/a><\/li>\n<li><a href=\"https:\/\/wp.ufpel.edu.br\/convenios\/files\/2025\/08\/Planilha-de-Bolsas-FDM-UFPel-Maio-2025.xlsx\">2025 &#8211; Planilha de Bolsas FDM (Maio)<\/a><\/li>\n<li><a href=\"https:\/\/wp.ufpel.edu.br\/convenios\/files\/2025\/08\/Planilha-de-Bolsas-FDMS-UFPel-Junho-de-2025.xlsx\">2025 &#8211; Planilha de Bolsas FDMS (Junho)<\/a><\/li>\n<li><a href=\"https:\/\/wp.ufpel.edu.br\/convenios\/files\/2025\/08\/Planilha-de-Bolsas-FDMS-UFPel-Julho-de-2025.xlsx\">2025 &#8211; Planilha de Bolsas FDMS (Julho)<\/a><\/li>\n<li><a href=\"https:\/\/wp.ufpel.edu.br\/convenios\/files\/2025\/09\/Planilha-de-Bolsas-FDMS-UFPel-Agosto-de-2025.xlsx\">2025 &#8211; Planilha de Bolsas FDMS (Agosto)<\/a><\/li>\n<li><a href=\"https:\/\/wp.ufpel.edu.br\/convenios\/files\/2025\/10\/Planilha-de-Bolsas-FDMS-UFPel-Setembro-de-2025.xlsx\">2025 &#8211; Planilha de Bolsas FDMS (Setembro)<\/a><\/li>\n<li><a href=\"https:\/\/wp.ufpel.edu.br\/convenios\/files\/2025\/11\/Planilha-de-Bolsas-FDMS-UFPel-Outubro-de-2025.xlsx\">2025 &#8211; Planilha de Bolsas FDMS (Outubro)<\/a><\/li>\n<li><a href=\"https:\/\/wp.ufpel.edu.br\/convenios\/files\/2025\/12\/Planilha-de-Bolsas-FDMS-UFPel-Novembro-de-2025.xlsx\">2025 &#8211; Planilha de Bolsas FDMS (Novembro)<\/a><\/li>\n<li><a href=\"https:\/\/wp.ufpel.edu.br\/convenios\/files\/2026\/02\/2025-Planilha-de-Bolsas-FDMS-Dezembro.xlsx\">2025 &#8211; Planilha de Bolsas FDMS (Dezembro)<\/a><\/li>\n<\/ul>\n<p style=\"text-align: justify; padding-left: 40px;\"><span style=\"font-family: georgia, palatino, serif; font-size: 12pt;\">2024<\/span><\/p>\n<ul>\n<li><a href=\"https:\/\/wp.ufpel.edu.br\/convenios\/files\/2025\/04\/Planilha-Bolsas-FDMS-Janeiro-2024-Financeiro-RH.xls\">2024 &#8211; Planilha <\/a><a href=\"https:\/\/wp.ufpel.edu.br\/convenios\/files\/2025\/04\/Planilha-Bolsas-FDMS-Dezembro-2024.xlsx\">de <\/a><a href=\"https:\/\/wp.ufpel.edu.br\/convenios\/files\/2025\/04\/Planilha-Bolsas-FDMS-Janeiro-2024-Financeiro-RH.xls\">Bolsas FDMS (Janeiro)<\/a><\/li>\n<li><a href=\"https:\/\/wp.ufpel.edu.br\/convenios\/files\/2025\/04\/Planilha-Bolsas-FDMS-Fevereiro-2024-Financeiro-RH.xls\">2024 &#8211; Planilha <\/a><a href=\"https:\/\/wp.ufpel.edu.br\/convenios\/files\/2025\/04\/Planilha-Bolsas-FDMS-Dezembro-2024.xlsx\">de <\/a><a href=\"https:\/\/wp.ufpel.edu.br\/convenios\/files\/2025\/04\/Planilha-Bolsas-FDMS-Fevereiro-2024-Financeiro-RH.xls\">Bolsas FDMS (Fevereiro)<\/a><\/li>\n<li><a href=\"https:\/\/wp.ufpel.edu.br\/convenios\/files\/2025\/04\/Planilha-Bolsas-FDMS-Marco-2024-Financeiro-RH.xls\">2024 &#8211; Planilha <\/a><a href=\"https:\/\/wp.ufpel.edu.br\/convenios\/files\/2025\/04\/Planilha-Bolsas-FDMS-Dezembro-2024.xlsx\">de <\/a><a href=\"https:\/\/wp.ufpel.edu.br\/convenios\/files\/2025\/04\/Planilha-Bolsas-FDMS-Marco-2024-Financeiro-RH.xls\">Bolsas FDMS (Mar\u00e7o)<\/a><\/li>\n<li><a href=\"https:\/\/wp.ufpel.edu.br\/convenios\/files\/2025\/04\/Planilha-Bolsas-FDMS-Abril-2024-Financeiro-RH.xls\">2024 &#8211; Planilha <\/a><a href=\"https:\/\/wp.ufpel.edu.br\/convenios\/files\/2025\/04\/Planilha-Bolsas-FDMS-Dezembro-2024.xlsx\">de <\/a><a href=\"https:\/\/wp.ufpel.edu.br\/convenios\/files\/2025\/04\/Planilha-Bolsas-FDMS-Abril-2024-Financeiro-RH.xls\">Bolsas FDMS (Abril)<\/a><\/li>\n<li><a href=\"https:\/\/wp.ufpel.edu.br\/convenios\/files\/2025\/04\/Planilha-Bolsas-FDMS-Maio-2024-Financeiro-RH.xls\">2024 &#8211; Planilha <\/a><a href=\"https:\/\/wp.ufpel.edu.br\/convenios\/files\/2025\/04\/Planilha-Bolsas-FDMS-Dezembro-2024.xlsx\">de <\/a><a href=\"https:\/\/wp.ufpel.edu.br\/convenios\/files\/2025\/04\/Planilha-Bolsas-FDMS-Maio-2024-Financeiro-RH.xls\">Bolsas FDMS (Maio)<\/a><\/li>\n<li><a href=\"https:\/\/wp.ufpel.edu.br\/convenios\/files\/2024\/07\/Planilha-Bolsas-FDMS-2024-Junho-Financeiro-RH.xls\">2024 &#8211; Planilha <\/a><a href=\"https:\/\/wp.ufpel.edu.br\/convenios\/files\/2025\/04\/Planilha-Bolsas-FDMS-Dezembro-2024.xlsx\">de <\/a><a href=\"https:\/\/wp.ufpel.edu.br\/convenios\/files\/2024\/07\/Planilha-Bolsas-FDMS-2024-Junho-Financeiro-RH.xls\">Bolsas FDMS (Junho)<\/a><\/li>\n<li><a href=\"https:\/\/wp.ufpel.edu.br\/convenios\/files\/2025\/04\/Planilha-Bolsas-FDMS-JULHO-2024-Financeiro-RH-UFPEL.xlsx\">2024 &#8211; Planilha <\/a><a href=\"https:\/\/wp.ufpel.edu.br\/convenios\/files\/2025\/04\/Planilha-Bolsas-FDMS-Dezembro-2024.xlsx\">de <\/a><a href=\"https:\/\/wp.ufpel.edu.br\/convenios\/files\/2025\/04\/Planilha-Bolsas-FDMS-JULHO-2024-Financeiro-RH-UFPEL.xlsx\">Bolsas FDMS (Julho)<\/a><\/li>\n<li><a href=\"https:\/\/wp.ufpel.edu.br\/convenios\/files\/2024\/09\/Planilha-Bolsas-FDMS-AGOSTO-2024-1.xlsx\">2024 &#8211; Planilha <\/a><a href=\"https:\/\/wp.ufpel.edu.br\/convenios\/files\/2025\/04\/Planilha-Bolsas-FDMS-Dezembro-2024.xlsx\">de <\/a><a href=\"https:\/\/wp.ufpel.edu.br\/convenios\/files\/2024\/09\/Planilha-Bolsas-FDMS-AGOSTO-2024-1.xlsx\">Bolsas FDMS (Agosto)<\/a><\/li>\n<li><a href=\"https:\/\/wp.ufpel.edu.br\/convenios\/files\/2024\/10\/Planilha-Bolsas-FDMS-SETEMBRO-2024.xlsx\">2024 &#8211; Planilha <\/a><a href=\"https:\/\/wp.ufpel.edu.br\/convenios\/files\/2025\/04\/Planilha-Bolsas-FDMS-Dezembro-2024.xlsx\">de <\/a><a href=\"https:\/\/wp.ufpel.edu.br\/convenios\/files\/2024\/10\/Planilha-Bolsas-FDMS-SETEMBRO-2024.xlsx\">Bolsas FDMS (Setembro)<\/a><\/li>\n<li><a href=\"https:\/\/wp.ufpel.edu.br\/convenios\/files\/2024\/12\/Planilha-Bolsas-FDMS-UFPel-Outubro-2024.xlsx\">2024 &#8211; Planilha <\/a><a href=\"https:\/\/wp.ufpel.edu.br\/convenios\/files\/2025\/04\/Planilha-Bolsas-FDMS-Dezembro-2024.xlsx\">de <\/a><a href=\"https:\/\/wp.ufpel.edu.br\/convenios\/files\/2024\/12\/Planilha-Bolsas-FDMS-UFPel-Outubro-2024.xlsx\">Bolsas FDMS (Outubro)<\/a><\/li>\n<li><a href=\"https:\/\/wp.ufpel.edu.br\/convenios\/files\/2025\/04\/Planilha-Bolsas-FDMS-Novembro-2024.xlsx\">2024 &#8211; Planilha <\/a><a href=\"https:\/\/wp.ufpel.edu.br\/convenios\/files\/2025\/04\/Planilha-Bolsas-FDMS-Dezembro-2024.xlsx\">de <\/a><a href=\"https:\/\/wp.ufpel.edu.br\/convenios\/files\/2025\/04\/Planilha-Bolsas-FDMS-Novembro-2024.xlsx\">Bolsas FDMS (Novembro)<\/a><\/li>\n<li><a href=\"https:\/\/wp.ufpel.edu.br\/convenios\/files\/2025\/04\/Planilha-Bolsas-FDMS-Dezembro-2024.xlsx\">2024 &#8211; Planilha de Bolsas FDMS (Dezembro)<\/a><\/li>\n<\/ul>\n<p style=\"text-align: justify; padding-left: 40px;\"><span style=\"font-family: georgia, palatino, serif; font-size: 12pt;\">2023<\/span><\/p>\n<ul>\n<li><span style=\"font-size: 12pt;\"><a href=\"https:\/\/wp.ufpel.edu.br\/convenios\/files\/2024\/01\/Planilha-Bolsas-FDMS-2023-Financeiro-RH-2.xls\">2023 &#8211; Planilha de Bolsas FDMS<\/a><\/span><\/li>\n<\/ul>\n<p style=\"text-align: justify; padding-left: 40px;\"><span style=\"font-family: georgia, palatino, serif; font-size: 12pt;\">2022<\/span><\/p>\n<ul>\n<li><a href=\"https:\/\/wp.ufpel.edu.br\/convenios\/files\/2022\/03\/2022-Planilha-Bolsas-FAU-Jan.-1.xlsx\">2022 &#8211; Planilha de Bolsas FAU<\/a><\/li>\n<li><a href=\"https:\/\/wp.ufpel.edu.br\/convenios\/files\/2023\/03\/2022-Planilha-Bolsas-FDMS.xls\">2022 &#8211; Planilha de Bolsas FDMS<\/a><\/li>\n<\/ul>\n<p style=\"text-align: justify; padding-left: 40px;\"><span style=\"font-family: georgia, palatino, serif; font-size: 12pt;\">2021<\/span><\/p>\n<ul>\n<li><a href=\"https:\/\/wp.ufpel.edu.br\/convenios\/files\/2022\/01\/2021-Planilha-Bolsas-FAU-1.xlsx\">2021 &#8211; Planilha de Bolsas FAU<\/a><\/li>\n<li><a href=\"https:\/\/wp.ufpel.edu.br\/convenios\/files\/2022\/01\/2021-Planilha-Bolsas-FDMS-1.xls\">2021 &#8211; Planilha de Bolsas FDMS<\/a><\/li>\n<li><a href=\"https:\/\/wp.ufpel.edu.br\/convenios\/files\/2022\/01\/2019-2021-Planilha-Bolsas-USP.pdf\">2019-2021 &#8211; Planilha de Bolsas USP<\/a><\/li>\n<\/ul>\n<p style=\"text-align: justify; padding-left: 40px;\"><span style=\"font-family: georgia, palatino, serif; font-size: 12pt;\">2020<\/span><\/p>\n<ul>\n<li><a href=\"https:\/\/wp.ufpel.edu.br\/convenios\/files\/2021\/02\/Planilha-Bolsas-FAU-2020-.xlsx\">2020 &#8211; Planilha de Bolsas FAU<\/a><\/li>\n<li><a href=\"https:\/\/wp.ufpel.edu.br\/convenios\/files\/2021\/02\/Planilha-Bolsas-FDMS-2020.xls\">2020 &#8211; Planilha de Bolsas FDMS<\/a><\/li>\n<\/ul>\n<p style=\"text-align: justify; padding-left: 40px;\"><span style=\"font-family: georgia, palatino, serif; font-size: 12pt;\">2019<\/span><\/p>\n<ul>\n<li><a href=\"https:\/\/wp.ufpel.edu.br\/convenios\/files\/2020\/07\/2019-Planilha-Bolsas-FDMS.xlsx\">2019 &#8211; Planilha de Bolsas FDMS<\/a><\/li>\n<li><a href=\"https:\/\/wp.ufpel.edu.br\/convenios\/files\/2020\/07\/2019-Planilha-Bolsas-FAU.xlsx\">2019 &#8211; Planilha de Bolsas FAU<\/a><\/li>\n<\/ul>\n<p style=\"text-align: justify; padding-left: 40px;\"><span style=\"font-family: georgia, palatino, serif; font-size: 12pt;\">2018<\/span><\/p>\n<ul>\n<li><a href=\"https:\/\/wp.ufpel.edu.br\/convenios\/files\/2020\/07\/2018-Planilha-Bolsas-FDMS.xlsx\">2018 &#8211; Planilha de Bolsas FDMS<\/a><\/li>\n<li><a href=\"https:\/\/wp.ufpel.edu.br\/convenios\/files\/2020\/07\/2018-Planilha-Bolsas-FAU.xlsx\">2018 &#8211; Planilha<\/a><a href=\"https:\/\/wp.ufpel.edu.br\/convenios\/files\/2020\/07\/2018-Planilha-Bolsas-FAU.xlsx\"> de Bolsa<\/a><a href=\"https:\/\/wp.ufpel.edu.br\/convenios\/files\/2020\/07\/2018-Planilha-Bolsas-FAU.xlsx\">s<\/a><a href=\"https:\/\/wp.ufpel.edu.br\/convenios\/files\/2020\/07\/2018-Planilha-Bolsas-FAU.xlsx\"> FAU<\/a><\/li>\n<\/ul>\n","protected":false},"excerpt":{"rendered":"<p>(I) Relat\u00f3rio Semestral de Atividades e Relat\u00f3rio de Fiscaliza\u00e7\u00e3o O procedimento para a gera\u00e7\u00e3o\u00a0do Relat\u00f3rio Semestral de Atividades (a ser elaborado pelo(a) Coordenador(a) do Projeto) e do Relat\u00f3rio de Fiscaliza\u00e7\u00e3o (a cargo do(a) Fiscal), em vers\u00e3o edit\u00e1vel via SEI, \u00e9\u00a0 seguinte: Localizar o Processo de Fiscaliza\u00e7\u00e3o; Incluir Documento; Escolher o Tipo de Documento (clicar no [&hellip;]<\/p>\n","protected":false},"author":122,"featured_media":0,"parent":0,"menu_order":0,"comment_status":"closed","ping_status":"closed","template":"","meta":{"footnotes":""},"class_list":["post-2603","page","type-page","status-publish","hentry","post"],"jetpack_sharing_enabled":true,"jetpack_likes_enabled":true,"_links":{"self":[{"href":"https:\/\/wp.ufpel.edu.br\/convenios\/wp-json\/wp\/v2\/pages\/2603","targetHints":{"allow":["GET"]}}],"collection":[{"href":"https:\/\/wp.ufpel.edu.br\/convenios\/wp-json\/wp\/v2\/pages"}],"about":[{"href":"https:\/\/wp.ufpel.edu.br\/convenios\/wp-json\/wp\/v2\/types\/page"}],"author":[{"embeddable":true,"href":"https:\/\/wp.ufpel.edu.br\/convenios\/wp-json\/wp\/v2\/users\/122"}],"replies":[{"embeddable":true,"href":"https:\/\/wp.ufpel.edu.br\/convenios\/wp-json\/wp\/v2\/comments?post=2603"}],"version-history":[{"count":4,"href":"https:\/\/wp.ufpel.edu.br\/convenios\/wp-json\/wp\/v2\/pages\/2603\/revisions"}],"predecessor-version":[{"id":4470,"href":"https:\/\/wp.ufpel.edu.br\/convenios\/wp-json\/wp\/v2\/pages\/2603\/revisions\/4470"}],"wp:attachment":[{"href":"https:\/\/wp.ufpel.edu.br\/convenios\/wp-json\/wp\/v2\/media?parent=2603"}],"curies":[{"name":"wp","href":"https:\/\/api.w.org\/{rel}","templated":true}]}}