{"id":2593,"date":"2020-07-31T10:41:52","date_gmt":"2020-07-31T13:41:52","guid":{"rendered":"https:\/\/wp.ufpel.edu.br\/convenios\/?page_id=2593"},"modified":"2023-03-28T08:40:08","modified_gmt":"2023-03-28T11:40:08","slug":"processo-de-fiscalizacao-e-natureza-da-funcao-de-fiscal","status":"publish","type":"page","link":"https:\/\/wp.ufpel.edu.br\/convenios\/processo-de-fiscalizacao-e-natureza-da-funcao-de-fiscal\/","title":{"rendered":"Processo de Fiscaliza\u00e7\u00e3o e Natureza da Fun\u00e7\u00e3o de Fiscal"},"content":{"rendered":"<p style=\"text-align: justify;\"><strong>(I) Processo de Fiscaliza\u00e7\u00e3o<\/strong><\/p>\n<p style=\"text-align: justify; padding-left: 40px;\">Para todo instrumento assinado \u00e9 aberto um Processo de Fiscaliza\u00e7\u00e3o. Assim, enquanto no Processo de Celebra\u00e7\u00e3o procede-se a perfectibiliza\u00e7\u00e3o do ato e seus subsequentes aditamentos, no processo de Fiscaliza\u00e7\u00e3o efetua-se: a inclus\u00e3o\u00a0do ateste de Notas Fiscais, conforme acordado com a Funda\u00e7\u00e3o de Apoio, al\u00e9m das demais documenta\u00e7\u00f5es que sejam necess\u00e1rias durante a execu\u00e7\u00e3o do Conv\u00eanio\/Contrato para fins de fiscaliza\u00e7\u00e3o e acompanhamento, como os s\u00e3o: <strong>(I)<\/strong> o Relat\u00f3rio Semestral de Atividades FAU\/FDMS e <strong>(II)<\/strong> o Relat\u00f3rio de Fiscaliza\u00e7\u00e3o a cada semestre e nos casos de solicita\u00e7\u00e3o de aditamento do prazo de vig\u00eancia ou de altera\u00e7\u00e3o de valor.<\/p>\n<p style=\"text-align: justify; padding-left: 40px;\">De modo a melhor desempenhar a atividade de acompanhamento e controle da execu\u00e7\u00e3o do\u00a0Conv\u00eanio\/Contrato, dever\u00e3o a SAC, o Coordenador do Projeto e os fiscais nomeados monitorar, tanto o Processo de Fiscaliza\u00e7\u00e3o, quando o Processo de Celebra\u00e7\u00e3o do Instrumento, dado\u00a0os diferentes fins para os quais tais expedientes foram iniciados.<\/p>\n<p style=\"text-align: justify; padding-left: 40px;\">Ademais, destaca-se o\u00a0entendimento do Tribunal de Contas da Uni\u00e3o (TCU) de que a fiscaliza\u00e7\u00e3o concomitante com a execu\u00e7\u00e3o dos ajustes executados por Funda\u00e7\u00f5es de Apoio tem a prerrogativa de corrigir eventuais desvios tempestivamente, assim como os relat\u00f3rios semestrais auxiliam a elabora\u00e7\u00e3o dos pareceres t\u00e9cnico e financeiro por ocasi\u00e3o da an\u00e1lise da presta\u00e7\u00e3o de contas e asseguram a fiel execu\u00e7\u00e3o do plano de trabalho do projeto.<\/p>\n<p style=\"text-align: justify;\"><strong>(II) Natureza da Fun\u00e7\u00e3o de Fiscal<\/strong><\/p>\n<p style=\"text-align: justify; padding-left: 40px;\">\u00c9 dever da Administra\u00e7\u00e3o P\u00fablica fiscalizar e avaliar a execu\u00e7\u00e3o dos instrumentos celebrados para verificar o cumprimento das disposi\u00e7\u00f5es t\u00e9cnicas e administrativas pactuadas.<\/p>\n<p style=\"text-align: justify; padding-left: 40px;\">A fiscaliza\u00e7\u00e3o \u00e9 exercida por servidor nomeado oficialmente por portaria, que cuidar\u00e1 pontualmente de cada Conv\u00eanio ou Contrato, permitindo um melhor acompanhamento e controle da execu\u00e7\u00e3o dos mesmos. Ou seja, o fiscal \u00e9 o representante da administra\u00e7\u00e3o para acompanhar e controlar a execu\u00e7\u00e3o do Conv\u00eanio ou Contrato, com responsabilidade pr\u00f3pria e exclusiva.<\/p>\n<p style=\"text-align: justify; padding-left: 40px;\">\u00c0 Se\u00e7\u00e3o de Acompanhamento e Controle (SAC), da Coordena\u00e7\u00e3o de Conv\u00eanios e Contratos (CCONC), cabe exercer a Coordena\u00e7\u00e3o Geral, orientando os fiscais sobre suas atividades e avaliando os relat\u00f3rios encaminhados.<\/p>\n<p style=\"text-align: justify; padding-left: 40px;\">As atribui\u00e7\u00f5es e a\u00e7\u00f5es do fiscal do Conv\u00eanio ou Contrato, bem como suas principais ferramentas de acompanhamento e controle, est\u00e3o elencadas no seguinte documento:\u00a0<a href=\"https:\/\/wp.ufpel.edu.br\/convenios\/files\/2020\/08\/SAC-Informativo-Natureza-da-Fun%C3%A7%C3%A3o-de-Fiscal-de-Conv%C3%AAnio-ou-Contrato.pdf\">SAC \u2013 Informativo \u2013 Natureza da Fun\u00e7\u00e3o de Fiscal de Conv\u00eanio ou Contrato<\/a>.<\/p>\n","protected":false},"excerpt":{"rendered":"<p>(I) Processo de Fiscaliza\u00e7\u00e3o Para todo instrumento assinado \u00e9 aberto um Processo de Fiscaliza\u00e7\u00e3o. Assim, enquanto no Processo de Celebra\u00e7\u00e3o procede-se a perfectibiliza\u00e7\u00e3o do ato e seus subsequentes aditamentos, no processo de Fiscaliza\u00e7\u00e3o efetua-se: a inclus\u00e3o\u00a0do ateste de Notas Fiscais, conforme acordado com a Funda\u00e7\u00e3o de Apoio, al\u00e9m das demais documenta\u00e7\u00f5es que sejam necess\u00e1rias durante [&hellip;]<\/p>\n","protected":false},"author":122,"featured_media":0,"parent":0,"menu_order":0,"comment_status":"closed","ping_status":"closed","template":"","meta":{"footnotes":""},"class_list":["post-2593","page","type-page","status-publish","hentry","post"],"jetpack_sharing_enabled":true,"jetpack_likes_enabled":true,"_links":{"self":[{"href":"https:\/\/wp.ufpel.edu.br\/convenios\/wp-json\/wp\/v2\/pages\/2593","targetHints":{"allow":["GET"]}}],"collection":[{"href":"https:\/\/wp.ufpel.edu.br\/convenios\/wp-json\/wp\/v2\/pages"}],"about":[{"href":"https:\/\/wp.ufpel.edu.br\/convenios\/wp-json\/wp\/v2\/types\/page"}],"author":[{"embeddable":true,"href":"https:\/\/wp.ufpel.edu.br\/convenios\/wp-json\/wp\/v2\/users\/122"}],"replies":[{"embeddable":true,"href":"https:\/\/wp.ufpel.edu.br\/convenios\/wp-json\/wp\/v2\/comments?post=2593"}],"version-history":[{"count":13,"href":"https:\/\/wp.ufpel.edu.br\/convenios\/wp-json\/wp\/v2\/pages\/2593\/revisions"}],"predecessor-version":[{"id":3478,"href":"https:\/\/wp.ufpel.edu.br\/convenios\/wp-json\/wp\/v2\/pages\/2593\/revisions\/3478"}],"wp:attachment":[{"href":"https:\/\/wp.ufpel.edu.br\/convenios\/wp-json\/wp\/v2\/media?parent=2593"}],"curies":[{"name":"wp","href":"https:\/\/api.w.org\/{rel}","templated":true}]}}