{"id":1359,"date":"2018-08-22T11:14:01","date_gmt":"2018-08-22T14:14:01","guid":{"rendered":"https:\/\/wp.ufpel.edu.br\/convenios\/?page_id=1359"},"modified":"2026-01-13T10:17:32","modified_gmt":"2026-01-13T13:17:32","slug":"quem-somos","status":"publish","type":"page","link":"https:\/\/wp.ufpel.edu.br\/convenios\/quem-somos\/","title":{"rendered":"Sobre a CCONC"},"content":{"rendered":"<h1>Sobre a CCONC<\/h1>\n<p class=\"ficha-label\" style=\"text-align: justify;\">A<strong> Coordena\u00e7\u00e3o de Conv\u00eanios e Contratos (CCONC)<\/strong> \u00e9 a unidade respons\u00e1vel por apoiar e viabilizar a formaliza\u00e7\u00e3o de diferentes instrumentos de parceria da Universidade Federal de Pelotas (UFPel) &#8211; entre eles contratos, conv\u00eanios, acordos de coopera\u00e7\u00e3o t\u00e9cnica e acordo de parceria para pesquisa, desenvolvimento e inova\u00e7\u00e3o &#8211; com o objetivo de impulsionar o desenvolvimento institucional e ampliar a articula\u00e7\u00e3o da Universidade com a sociedade. Por meio desses instrumentos, a CCONC contribui para a implementa\u00e7\u00e3o de projetos de ensino, pesquisa, extens\u00e3o, inova\u00e7\u00e3o e desenvolvimentoinstitucional, em coopera\u00e7\u00e3o com o Poder P\u00fablico, organiza\u00e7\u00f5es da sociedade civil e iniciativas privadas, assegurando conformidade, transpar\u00eancia e seguran\u00e7a jur\u00eddica aos fluxos de parceria e \u00e0 execu\u00e7\u00e3o dos objetos pactuados.<\/p>\n<p><strong><em><span style=\"font-size: 14pt;\">Sua estrutura \u00e9 composta por:<\/span><\/em><\/strong><\/p>\n<p><span style=\"color: #3366ff;\"><strong>N\u00facleo de Contratos e Conv\u00eanios (NCONT):<\/strong><\/span> respons\u00e1vel pela celebra\u00e7\u00e3o e formaliza\u00e7\u00e3o dos instrumentos firmados entre a UFPel e entidades p\u00fablicas e privadas, decorrentes de projetos de ensino, pesquisa, extens\u00e3o, inova\u00e7\u00e3o e desenvolvimento institucional, garantindo a adequa\u00e7\u00e3o documental, a regularidade formal e a conformidade com a legisla\u00e7\u00e3o aplic\u00e1vel.<\/p>\n<p><span style=\"color: #3366ff;\"><strong>Se\u00e7\u00e3o de Acompanhamento e Controle (SAC):<\/strong><\/span> respons\u00e1vel pelo acompanhamento, fiscaliza\u00e7\u00e3o e controle da execu\u00e7\u00e3o dos instrumentos, apoiando a atua\u00e7\u00e3o dos agentes designados pela UFPel e promovendo o monitoramento das obriga\u00e7\u00f5es, prazos, entregas e conformidades, de modo a assegurar a plena execu\u00e7\u00e3o do objeto e a regularidade dos atos praticados, zelando pela correta aplica\u00e7\u00e3o dos recursos envolvidos.<\/p>\n<p><span style=\"color: #3366ff;\"><strong>Se\u00e7\u00e3o de Presta\u00e7\u00e3o de Contas (SPCONT):<\/strong><\/span> respons\u00e1vel pela an\u00e1lise das presta\u00e7\u00f5es de contas dos instrumentos, verificando a documenta\u00e7\u00e3o, a execu\u00e7\u00e3o financeira e a ader\u00eancia \u00e0s regras pactuadas e normativas, com foco na utiliza\u00e7\u00e3o regular dos recursos, na rastreabilidade das despesas e no atendimento \u00e0s exig\u00eancias dos \u00f3rg\u00e3os de controle e das institui\u00e7\u00f5es financiadoras.<\/p>\n<p style=\"text-align: left;\">\n<!-- iframe plugin v.6.0 wordpress.org\/plugins\/iframe\/ -->\n<iframe loading=\"lazy\" src=\"https:\/\/www.google.com\/maps\/embed?pb=!1m18!1m12!1m3!1d299.8068588723687!2d-52.33552224474532!3d-31.772465806670326!2m3!1f0!2f0!3f0!3m2!1i1024!2i768!4f13.1!3m3!1m2!1s0x9511b5bf3aea836f%3A0x9279c26cea0cd543!2sUFPEL-Universidade+Federal+de+Pelotas-Ag%C3%AAncia+Lagoa+Mirim!5e0!3m2!1spt-BR!2sbr!4v1518186616871\" width=\"300\" height=\"200\" scrolling=\"yes\" class=\"iframe-class\" frameborder=\"0\"><\/iframe>\n<\/p>\n<p><span style=\"font-family: arial, helvetica, sans-serif; font-size: 10pt;\">Endere\u00e7o: Rua Lobo da Costa, 447<\/span><br \/>\n<span style=\"font-family: arial, helvetica, sans-serif; font-size: 10pt;\">Centro, Pelotas &#8211; RS, CEP 96010-150<\/span><br \/>\n<span style=\"font-family: arial, helvetica, sans-serif; font-size: 10pt;\">E-mail: atendimentoconvenios@ufpel.edu.br<\/span><br \/>\n<span style=\"font-family: arial, helvetica, sans-serif; font-size: 10pt;\">Telefone: +55 (53) 3284-3144\/3284-3145<\/span><br \/>\n<span style=\"font-family: arial, helvetica, sans-serif; font-size: 10pt;\">Hor\u00e1rio de funcionamento: 8:00 \u00e0s 18:00h<\/span><\/p>\n","protected":false},"excerpt":{"rendered":"<p>Sobre a CCONC A Coordena\u00e7\u00e3o de Conv\u00eanios e Contratos (CCONC) \u00e9 a unidade respons\u00e1vel por apoiar e viabilizar a formaliza\u00e7\u00e3o de diferentes instrumentos de parceria da Universidade Federal de Pelotas (UFPel) &#8211; entre eles contratos, conv\u00eanios, acordos de coopera\u00e7\u00e3o t\u00e9cnica e acordo de parceria para pesquisa, desenvolvimento e inova\u00e7\u00e3o &#8211; com o objetivo de impulsionar [&hellip;]<\/p>\n","protected":false},"author":122,"featured_media":0,"parent":0,"menu_order":1,"comment_status":"closed","ping_status":"closed","template":"","meta":{"footnotes":""},"class_list":["post-1359","page","type-page","status-publish","hentry","post"],"jetpack_sharing_enabled":true,"jetpack_likes_enabled":true,"_links":{"self":[{"href":"https:\/\/wp.ufpel.edu.br\/convenios\/wp-json\/wp\/v2\/pages\/1359","targetHints":{"allow":["GET"]}}],"collection":[{"href":"https:\/\/wp.ufpel.edu.br\/convenios\/wp-json\/wp\/v2\/pages"}],"about":[{"href":"https:\/\/wp.ufpel.edu.br\/convenios\/wp-json\/wp\/v2\/types\/page"}],"author":[{"embeddable":true,"href":"https:\/\/wp.ufpel.edu.br\/convenios\/wp-json\/wp\/v2\/users\/122"}],"replies":[{"embeddable":true,"href":"https:\/\/wp.ufpel.edu.br\/convenios\/wp-json\/wp\/v2\/comments?post=1359"}],"version-history":[{"count":3,"href":"https:\/\/wp.ufpel.edu.br\/convenios\/wp-json\/wp\/v2\/pages\/1359\/revisions"}],"predecessor-version":[{"id":4428,"href":"https:\/\/wp.ufpel.edu.br\/convenios\/wp-json\/wp\/v2\/pages\/1359\/revisions\/4428"}],"wp:attachment":[{"href":"https:\/\/wp.ufpel.edu.br\/convenios\/wp-json\/wp\/v2\/media?parent=1359"}],"curies":[{"name":"wp","href":"https:\/\/api.w.org\/{rel}","templated":true}]}}