{"id":89,"date":"2014-06-25T12:07:49","date_gmt":"2014-06-25T15:07:49","guid":{"rendered":"https:\/\/wp.ufpel.edu.br\/constituinte\/?page_id=89"},"modified":"2014-07-09T12:40:27","modified_gmt":"2014-07-09T15:40:27","slug":"o-perfil-do-egresso-e-a-concepcao-de-formacao-academica","status":"publish","type":"page","link":"https:\/\/wp.ufpel.edu.br\/constituinte\/o-perfil-do-egresso-e-a-concepcao-de-formacao-academica\/","title":{"rendered":"O Perfil do Egresso e a Concep\u00e7\u00e3o de Forma\u00e7\u00e3o Acad\u00eamica"},"content":{"rendered":"<p><span style=\"color: #666666\">Dentro do Ciclo de Debates da Constituinte Universit\u00e1ria, a UFPel vem trabalhando v\u00e1rios temas.<\/span><\/p>\n<p>O Perfil do Egresso e a Concep\u00e7\u00e3o de Forma\u00e7\u00e3o Acad\u00eamica foi o tema do dia 16 de junho \u2013 19h \u2013 Audit\u00f3rio da Faculdade de Direito<\/p>\n<p>Palestrantes convidados: professoras Denise Leite (UFRGS), Maria Isabel Cunha (Unisinos) e Cl\u00e1udia March (UFF).<\/p>\n<p>&nbsp;<\/p>\n<p>Confira a MAT\u00c9RIA\u00a0no<a href=\"http:\/\/ccs2.ufpel.edu.br\/wp\/2014\/06\/18\/o-perfil-egresso-e-concepcao-de-formacao-academica-foi-o-segundo-tema-ciclo-de-debates\/\"> link<\/a>.<\/p>\n<p>&nbsp;<\/p>\n<p><strong>\u00c1udios:<\/strong><\/p>\n<p>Apresenta\u00e7\u00e3o Maria Isabel Cunha &#8211; 1\u00aa Parte<\/p>\n<audio class=\"wp-audio-shortcode\" id=\"audio-89-1\" preload=\"none\" style=\"width: 100%;\" controls=\"controls\"><source type=\"audio\/mpeg\" src=\"https:\/\/wp.ufpel.edu.br\/constituinte\/files\/2014\/06\/2014-06-16-Constituinte-Universit\u00e1ria-01-Maria-Isabel-Cunha-parte-01.mp3?_=1\" \/><a href=\"https:\/\/wp.ufpel.edu.br\/constituinte\/files\/2014\/06\/2014-06-16-Constituinte-Universit\u00e1ria-01-Maria-Isabel-Cunha-parte-01.mp3\">https:\/\/wp.ufpel.edu.br\/constituinte\/files\/2014\/06\/2014-06-16-Constituinte-Universit\u00e1ria-01-Maria-Isabel-Cunha-parte-01.mp3<\/a><\/audio>\n<p>Apresenta\u00e7\u00e3o Maria Isabel Cunha &#8211; 2\u00aa Parte<\/p>\n<audio class=\"wp-audio-shortcode\" id=\"audio-89-2\" preload=\"none\" style=\"width: 100%;\" controls=\"controls\"><source type=\"audio\/mpeg\" src=\"https:\/\/wp.ufpel.edu.br\/constituinte\/files\/2014\/06\/2014-06-16-Constituinte-Universit\u00e1ria-01-Maria-Isabel-Cunha-parte-02.mp3?_=2\" \/><a href=\"https:\/\/wp.ufpel.edu.br\/constituinte\/files\/2014\/06\/2014-06-16-Constituinte-Universit\u00e1ria-01-Maria-Isabel-Cunha-parte-02.mp3\">https:\/\/wp.ufpel.edu.br\/constituinte\/files\/2014\/06\/2014-06-16-Constituinte-Universit\u00e1ria-01-Maria-Isabel-Cunha-parte-02.mp3<\/a><\/audio>\n<p>Debate &#8211; 1\u00aa Parte<\/p>\n<audio class=\"wp-audio-shortcode\" id=\"audio-89-3\" preload=\"none\" style=\"width: 100%;\" controls=\"controls\"><source type=\"audio\/mpeg\" src=\"https:\/\/wp.ufpel.edu.br\/constituinte\/files\/2014\/06\/2014-06-16-Constituinte-Universit\u00e1ria-Debate-parte-01.mp3?_=3\" \/><a href=\"https:\/\/wp.ufpel.edu.br\/constituinte\/files\/2014\/06\/2014-06-16-Constituinte-Universit\u00e1ria-Debate-parte-01.mp3\">https:\/\/wp.ufpel.edu.br\/constituinte\/files\/2014\/06\/2014-06-16-Constituinte-Universit\u00e1ria-Debate-parte-01.mp3<\/a><\/audio>\n<p>Debate &#8211; 2\u00aa Parte<\/p>\n<audio class=\"wp-audio-shortcode\" id=\"audio-89-4\" preload=\"none\" style=\"width: 100%;\" controls=\"controls\"><source type=\"audio\/mpeg\" src=\"https:\/\/wp.ufpel.edu.br\/constituinte\/files\/2014\/06\/2014-06-16-Constituinte-Universit\u00e1ria-Debate-parte-02.mp3?_=4\" \/><a href=\"https:\/\/wp.ufpel.edu.br\/constituinte\/files\/2014\/06\/2014-06-16-Constituinte-Universit\u00e1ria-Debate-parte-02.mp3\">https:\/\/wp.ufpel.edu.br\/constituinte\/files\/2014\/06\/2014-06-16-Constituinte-Universit\u00e1ria-Debate-parte-02.mp3<\/a><\/audio>\n","protected":false},"excerpt":{"rendered":"<p>Dentro do Ciclo de Debates da Constituinte Universit\u00e1ria, a UFPel vem trabalhando v\u00e1rios temas. O Perfil do Egresso e a Concep\u00e7\u00e3o de Forma\u00e7\u00e3o Acad\u00eamica foi o tema do dia 16 de junho \u2013 19h \u2013 Audit\u00f3rio da Faculdade de Direito Palestrantes convidados: professoras Denise Leite (UFRGS), Maria Isabel Cunha (Unisinos) e Cl\u00e1udia March (UFF). &nbsp; [&hellip;]<\/p>\n","protected":false},"author":413,"featured_media":0,"parent":0,"menu_order":0,"comment_status":"closed","ping_status":"closed","template":"","meta":{"footnotes":""},"class_list":["post-89","page","type-page","status-publish","hentry"],"_links":{"self":[{"href":"https:\/\/wp.ufpel.edu.br\/constituinte\/wp-json\/wp\/v2\/pages\/89","targetHints":{"allow":["GET"]}}],"collection":[{"href":"https:\/\/wp.ufpel.edu.br\/constituinte\/wp-json\/wp\/v2\/pages"}],"about":[{"href":"https:\/\/wp.ufpel.edu.br\/constituinte\/wp-json\/wp\/v2\/types\/page"}],"author":[{"embeddable":true,"href":"https:\/\/wp.ufpel.edu.br\/constituinte\/wp-json\/wp\/v2\/users\/413"}],"replies":[{"embeddable":true,"href":"https:\/\/wp.ufpel.edu.br\/constituinte\/wp-json\/wp\/v2\/comments?post=89"}],"version-history":[{"count":5,"href":"https:\/\/wp.ufpel.edu.br\/constituinte\/wp-json\/wp\/v2\/pages\/89\/revisions"}],"predecessor-version":[{"id":141,"href":"https:\/\/wp.ufpel.edu.br\/constituinte\/wp-json\/wp\/v2\/pages\/89\/revisions\/141"}],"wp:attachment":[{"href":"https:\/\/wp.ufpel.edu.br\/constituinte\/wp-json\/wp\/v2\/media?parent=89"}],"curies":[{"name":"wp","href":"https:\/\/api.w.org\/{rel}","templated":true}]}}