{"id":7,"date":"2014-06-25T11:02:10","date_gmt":"2014-06-25T14:02:10","guid":{"rendered":"https:\/\/wp.ufpel.edu.br\/constituinte\/?page_id=7"},"modified":"2014-06-25T11:02:34","modified_gmt":"2014-06-25T14:02:34","slug":"documentos","status":"publish","type":"page","link":"https:\/\/wp.ufpel.edu.br\/constituinte\/documentos\/","title":{"rendered":"Documentos"},"content":{"rendered":"<p>Projeto Institucional<\/p>\n<p>Sua base legal est\u00e1 na LDB (Lei 9394\/96), que define a avalia\u00e7\u00e3o da educa\u00e7\u00e3o; na Lei 10.861\/2004, que institui o SINAES e o PDI \u2013 Plano de Desenvolvimento Institucional, com uma das dimens\u00f5es a serem avaliadas; e no Decreto 5.773\/2006, que disp\u00f5e sobre regula\u00e7\u00e3o, supervis\u00e3o e avalia\u00e7\u00e3o da educa\u00e7\u00e3o superior.<\/p>\n<p>O Projeto Institucional \u00e9 composto por dois documentos:<\/p>\n<p>\u2022 PPI \u2013 Projeto Pedag\u00f3gico Institucional<\/p>\n<p>\u2022 PDI \u2013 Plano de Desenvolvimento Institucional<\/p>\n","protected":false},"excerpt":{"rendered":"<p>Projeto Institucional Sua base legal est\u00e1 na LDB (Lei 9394\/96), que define a avalia\u00e7\u00e3o da educa\u00e7\u00e3o; na Lei 10.861\/2004, que institui o SINAES e o PDI \u2013 Plano de Desenvolvimento Institucional, com uma das dimens\u00f5es a serem avaliadas; e no Decreto 5.773\/2006, que disp\u00f5e sobre regula\u00e7\u00e3o, supervis\u00e3o e avalia\u00e7\u00e3o da educa\u00e7\u00e3o superior. O Projeto Institucional [&hellip;]<\/p>\n","protected":false},"author":413,"featured_media":0,"parent":0,"menu_order":0,"comment_status":"closed","ping_status":"closed","template":"","meta":{"footnotes":""},"class_list":["post-7","page","type-page","status-publish","hentry"],"_links":{"self":[{"href":"https:\/\/wp.ufpel.edu.br\/constituinte\/wp-json\/wp\/v2\/pages\/7","targetHints":{"allow":["GET"]}}],"collection":[{"href":"https:\/\/wp.ufpel.edu.br\/constituinte\/wp-json\/wp\/v2\/pages"}],"about":[{"href":"https:\/\/wp.ufpel.edu.br\/constituinte\/wp-json\/wp\/v2\/types\/page"}],"author":[{"embeddable":true,"href":"https:\/\/wp.ufpel.edu.br\/constituinte\/wp-json\/wp\/v2\/users\/413"}],"replies":[{"embeddable":true,"href":"https:\/\/wp.ufpel.edu.br\/constituinte\/wp-json\/wp\/v2\/comments?post=7"}],"version-history":[{"count":2,"href":"https:\/\/wp.ufpel.edu.br\/constituinte\/wp-json\/wp\/v2\/pages\/7\/revisions"}],"predecessor-version":[{"id":9,"href":"https:\/\/wp.ufpel.edu.br\/constituinte\/wp-json\/wp\/v2\/pages\/7\/revisions\/9"}],"wp:attachment":[{"href":"https:\/\/wp.ufpel.edu.br\/constituinte\/wp-json\/wp\/v2\/media?parent=7"}],"curies":[{"name":"wp","href":"https:\/\/api.w.org\/{rel}","templated":true}]}}