{"id":28,"date":"2014-06-25T11:20:17","date_gmt":"2014-06-25T14:20:17","guid":{"rendered":"https:\/\/wp.ufpel.edu.br\/constituinte\/?page_id=28"},"modified":"2014-06-25T11:26:54","modified_gmt":"2014-06-25T14:26:54","slug":"pdi","status":"publish","type":"page","link":"https:\/\/wp.ufpel.edu.br\/constituinte\/pdi\/","title":{"rendered":"PDI"},"content":{"rendered":"<p>PLANO DE DESENVOLVIMENTO INSTITUCIONAL<br \/>\n\u00c9 o documento que estabelece o conjunto de objetivos e a\u00e7\u00f5es a serem realizados, a partir da situa\u00e7\u00e3o atual e em determinado per\u00edodo de tempo, com vistas a construir a institui\u00e7\u00e3o anunciada no PPI e aborda, pelo menos, as pol\u00edticas de:<\/p>\n<p>&#8211; ensino<br \/>\n&#8211; gest\u00e3o de pessoal<br \/>\n&#8211; pesquisa<br \/>\n&#8211; planejamento e avalia\u00e7\u00e3o<br \/>\n&#8211; extens\u00e3o<br \/>\n&#8211; tecnologia de informa\u00e7\u00e3o e comunica\u00e7\u00e3o<br \/>\n&#8211; assist\u00eancia<br \/>\n&#8211; EAD<br \/>\n&#8211; gest\u00e3o<br \/>\n&#8211; comunica\u00e7\u00e3o social<\/p>\n<p>Registre-se que as universidades, no exerc\u00edcio da autonomia, tem adotado diferentes modelos de PPI e PDI. Desta forma, caber\u00e1 \u00e0 UFPel, definir o modelo que lhe pare\u00e7a adequado, preservando os temas estruturantes em cada documento.<\/p>\n","protected":false},"excerpt":{"rendered":"<p>PLANO DE DESENVOLVIMENTO INSTITUCIONAL \u00c9 o documento que estabelece o conjunto de objetivos e a\u00e7\u00f5es a serem realizados, a partir da situa\u00e7\u00e3o atual e em determinado per\u00edodo de tempo, com vistas a construir a institui\u00e7\u00e3o anunciada no PPI e aborda, pelo menos, as pol\u00edticas de: &#8211; ensino &#8211; gest\u00e3o de pessoal &#8211; pesquisa &#8211; planejamento [&hellip;]<\/p>\n","protected":false},"author":413,"featured_media":0,"parent":0,"menu_order":0,"comment_status":"closed","ping_status":"closed","template":"","meta":{"footnotes":""},"class_list":["post-28","page","type-page","status-publish","hentry"],"_links":{"self":[{"href":"https:\/\/wp.ufpel.edu.br\/constituinte\/wp-json\/wp\/v2\/pages\/28","targetHints":{"allow":["GET"]}}],"collection":[{"href":"https:\/\/wp.ufpel.edu.br\/constituinte\/wp-json\/wp\/v2\/pages"}],"about":[{"href":"https:\/\/wp.ufpel.edu.br\/constituinte\/wp-json\/wp\/v2\/types\/page"}],"author":[{"embeddable":true,"href":"https:\/\/wp.ufpel.edu.br\/constituinte\/wp-json\/wp\/v2\/users\/413"}],"replies":[{"embeddable":true,"href":"https:\/\/wp.ufpel.edu.br\/constituinte\/wp-json\/wp\/v2\/comments?post=28"}],"version-history":[{"count":3,"href":"https:\/\/wp.ufpel.edu.br\/constituinte\/wp-json\/wp\/v2\/pages\/28\/revisions"}],"predecessor-version":[{"id":46,"href":"https:\/\/wp.ufpel.edu.br\/constituinte\/wp-json\/wp\/v2\/pages\/28\/revisions\/46"}],"wp:attachment":[{"href":"https:\/\/wp.ufpel.edu.br\/constituinte\/wp-json\/wp\/v2\/media?parent=28"}],"curies":[{"name":"wp","href":"https:\/\/api.w.org\/{rel}","templated":true}]}}