{"id":215,"date":"2014-08-22T17:54:52","date_gmt":"2014-08-22T20:54:52","guid":{"rendered":"https:\/\/wp.ufpel.edu.br\/constituinte\/?page_id=215"},"modified":"2014-09-15T12:32:48","modified_gmt":"2014-09-15T15:32:48","slug":"215-2","status":"publish","type":"page","link":"https:\/\/wp.ufpel.edu.br\/constituinte\/215-2\/","title":{"rendered":"O Perfil do Docente e do T\u00e9cnico Administrativo em Educa\u00e7\u00e3o e a Pol\u00edtica de Desenvolvimento Profissional"},"content":{"rendered":"<p>Dentro do Ciclo de Debates da Constituinte Universit\u00e1ria, a UFPel vem trabalhando v\u00e1rios temas.<\/p>\n<p>O Perfil do Docente e do T\u00e9cnico Administrativo em Educa\u00e7\u00e3o e a Pol\u00edtica de Desenvolvimento Profissional foi o tema do dia 19 de agosto &#8211; 19h &#8211; Audit\u00f3rio da Faculdade de Direito.<\/p>\n<p><strong style=\"font-style: inherit\">Palestrantes:<\/strong>\u00a0Hilbert David (IF Sul-Riograndense), Gibran Jord\u00e3o (UFG) e Cleoni Maria Barboza Fernandes (PUCRS).<\/p>\n<p>&nbsp;<\/p>\n<p>Confira a MAT\u00c9RIA\u00a0no <a href=\"https:\/\/wp.ufpel.edu.br\/constituinte\/2014\/08\/21\/ultimo-tema-do-ciclo-de-debates-trata-do-perfil-dos-docentes-e-dos-tecnicos-administrativos\/\">link<\/a>.<\/p>\n<p>&nbsp;<\/p>\n<p><strong style=\"font-style: inherit\">\u00c1udios:<\/strong><\/p>\n<p>Apresenta\u00e7\u00e3o &#8211; Hilbert David<\/p>\n<audio class=\"wp-audio-shortcode\" id=\"audio-215-1\" preload=\"none\" style=\"width: 100%;\" controls=\"controls\"><source type=\"audio\/mpeg\" src=\"https:\/\/wp.ufpel.edu.br\/constituinte\/files\/2014\/08\/01-Hilbert-David.mp3?_=1\" \/><a href=\"https:\/\/wp.ufpel.edu.br\/constituinte\/files\/2014\/08\/01-Hilbert-David.mp3\">https:\/\/wp.ufpel.edu.br\/constituinte\/files\/2014\/08\/01-Hilbert-David.mp3<\/a><\/audio>\n<p>Apresenta\u00e7\u00e3o &#8211; Gibran Jord\u00e3o<\/p>\n<audio class=\"wp-audio-shortcode\" id=\"audio-215-2\" preload=\"none\" style=\"width: 100%;\" controls=\"controls\"><source type=\"audio\/mpeg\" src=\"https:\/\/wp.ufpel.edu.br\/constituinte\/files\/2014\/08\/02-Gibran-Jord\u00e3o.mp3?_=2\" \/><a href=\"https:\/\/wp.ufpel.edu.br\/constituinte\/files\/2014\/08\/02-Gibran-Jord\u00e3o.mp3\">https:\/\/wp.ufpel.edu.br\/constituinte\/files\/2014\/08\/02-Gibran-Jord\u00e3o.mp3<\/a><\/audio>\n<p>Apresenta\u00e7\u00e3o &#8211;\u00a0Cleoni Maria Barboza Fernandes (PUCRS)<\/p>\n<p>&nbsp;<\/p>\n<audio class=\"wp-audio-shortcode\" id=\"audio-215-3\" preload=\"none\" style=\"width: 100%;\" controls=\"controls\"><source type=\"audio\/mpeg\" src=\"https:\/\/wp.ufpel.edu.br\/constituinte\/files\/2014\/08\/03a-Cleoni-Maria-Barboza-Fernandes.mp3?_=3\" \/><a href=\"https:\/\/wp.ufpel.edu.br\/constituinte\/files\/2014\/08\/03a-Cleoni-Maria-Barboza-Fernandes.mp3\">https:\/\/wp.ufpel.edu.br\/constituinte\/files\/2014\/08\/03a-Cleoni-Maria-Barboza-Fernandes.mp3<\/a><\/audio>\n<audio class=\"wp-audio-shortcode\" id=\"audio-215-4\" preload=\"none\" style=\"width: 100%;\" controls=\"controls\"><source type=\"audio\/mpeg\" src=\"https:\/\/wp.ufpel.edu.br\/constituinte\/files\/2014\/08\/03b-Cleoni-Maria-Barboza-Fernandes.mp3?_=4\" \/><a href=\"https:\/\/wp.ufpel.edu.br\/constituinte\/files\/2014\/08\/03b-Cleoni-Maria-Barboza-Fernandes.mp3\">https:\/\/wp.ufpel.edu.br\/constituinte\/files\/2014\/08\/03b-Cleoni-Maria-Barboza-Fernandes.mp3<\/a><\/audio>\n<p>Debate<\/p>\n<audio class=\"wp-audio-shortcode\" id=\"audio-215-5\" preload=\"none\" style=\"width: 100%;\" controls=\"controls\"><source type=\"audio\/mpeg\" src=\"https:\/\/wp.ufpel.edu.br\/constituinte\/files\/2014\/08\/04-Debate.mp3?_=5\" \/><a href=\"https:\/\/wp.ufpel.edu.br\/constituinte\/files\/2014\/08\/04-Debate.mp3\">https:\/\/wp.ufpel.edu.br\/constituinte\/files\/2014\/08\/04-Debate.mp3<\/a><\/audio>\n","protected":false},"excerpt":{"rendered":"<p>Dentro do Ciclo de Debates da Constituinte Universit\u00e1ria, a UFPel vem trabalhando v\u00e1rios temas. O Perfil do Docente e do T\u00e9cnico Administrativo em Educa\u00e7\u00e3o e a Pol\u00edtica de Desenvolvimento Profissional foi o tema do dia 19 de agosto &#8211; 19h &#8211; Audit\u00f3rio da Faculdade de Direito. Palestrantes:\u00a0Hilbert David (IF Sul-Riograndense), Gibran Jord\u00e3o (UFG) e Cleoni [&hellip;]<\/p>\n","protected":false},"author":413,"featured_media":0,"parent":0,"menu_order":0,"comment_status":"closed","ping_status":"closed","template":"","meta":{"footnotes":""},"class_list":["post-215","page","type-page","status-publish","hentry"],"_links":{"self":[{"href":"https:\/\/wp.ufpel.edu.br\/constituinte\/wp-json\/wp\/v2\/pages\/215","targetHints":{"allow":["GET"]}}],"collection":[{"href":"https:\/\/wp.ufpel.edu.br\/constituinte\/wp-json\/wp\/v2\/pages"}],"about":[{"href":"https:\/\/wp.ufpel.edu.br\/constituinte\/wp-json\/wp\/v2\/types\/page"}],"author":[{"embeddable":true,"href":"https:\/\/wp.ufpel.edu.br\/constituinte\/wp-json\/wp\/v2\/users\/413"}],"replies":[{"embeddable":true,"href":"https:\/\/wp.ufpel.edu.br\/constituinte\/wp-json\/wp\/v2\/comments?post=215"}],"version-history":[{"count":6,"href":"https:\/\/wp.ufpel.edu.br\/constituinte\/wp-json\/wp\/v2\/pages\/215\/revisions"}],"predecessor-version":[{"id":260,"href":"https:\/\/wp.ufpel.edu.br\/constituinte\/wp-json\/wp\/v2\/pages\/215\/revisions\/260"}],"wp:attachment":[{"href":"https:\/\/wp.ufpel.edu.br\/constituinte\/wp-json\/wp\/v2\/media?parent=215"}],"curies":[{"name":"wp","href":"https:\/\/api.w.org\/{rel}","templated":true}]}}