{"id":2,"date":"2014-06-24T22:47:33","date_gmt":"2014-06-24T22:47:33","guid":{"rendered":"https:\/\/wp.ufpel.edu.br\/constituinte\/?page_id=2"},"modified":"2014-06-25T11:23:30","modified_gmt":"2014-06-25T14:23:30","slug":"pagina-exemplo","status":"publish","type":"page","link":"https:\/\/wp.ufpel.edu.br\/constituinte\/pagina-exemplo\/","title":{"rendered":"O que \u00e9?"},"content":{"rendered":"<p><strong>CONSTITUINTE UNIVERSIT\u00c1RIA<\/strong><\/p>\n<p>Tu \u00e9s fundamental neste processo<\/p>\n<p>A Constituinte Universit\u00e1ria ser\u00e1 um processo participativo, com o objetivo de elaborar o Projeto Institucional e atualizar o Estatuto e o Regimento Geral, na busca de uma Universidade sincronizada com o seu tempo e sintonizada com o desenvolvimento sustent\u00e1vel da sociedade.<\/p>\n<p>A participa\u00e7\u00e3o dos tr\u00eas segmentos da Comunidade Acad\u00eamica nesse processo deve ser assegurada pela metodologia constru\u00edda democraticamente, a partir de discuss\u00f5es na Comunidade, e da aprova\u00e7\u00e3o no Conselho Universit\u00e1rio.<\/p>\n<p><strong>Entenda o Processo<\/strong><\/p>\n<p>Em primeiro lugar, \u00e9 preciso lembrar que os documentos que ser\u00e3o atualizados dividem-se em dois grupos:<\/p>\n<p>\u25ba <strong><em>Projeto Institucional<\/em><\/strong><\/p>\n<p>\u25ba <strong><em>Estatuto e Regimento Geral<\/em><\/strong><\/p>\n","protected":false},"excerpt":{"rendered":"<p>CONSTITUINTE UNIVERSIT\u00c1RIA Tu \u00e9s fundamental neste processo A Constituinte Universit\u00e1ria ser\u00e1 um processo participativo, com o objetivo de elaborar o Projeto Institucional e atualizar o Estatuto e o Regimento Geral, na busca de uma Universidade sincronizada com o seu tempo e sintonizada com o desenvolvimento sustent\u00e1vel da sociedade. A participa\u00e7\u00e3o dos tr\u00eas segmentos da Comunidade [&hellip;]<\/p>\n","protected":false},"author":413,"featured_media":0,"parent":0,"menu_order":0,"comment_status":"closed","ping_status":"open","template":"","meta":{"footnotes":""},"class_list":["post-2","page","type-page","status-publish","hentry"],"_links":{"self":[{"href":"https:\/\/wp.ufpel.edu.br\/constituinte\/wp-json\/wp\/v2\/pages\/2","targetHints":{"allow":["GET"]}}],"collection":[{"href":"https:\/\/wp.ufpel.edu.br\/constituinte\/wp-json\/wp\/v2\/pages"}],"about":[{"href":"https:\/\/wp.ufpel.edu.br\/constituinte\/wp-json\/wp\/v2\/types\/page"}],"author":[{"embeddable":true,"href":"https:\/\/wp.ufpel.edu.br\/constituinte\/wp-json\/wp\/v2\/users\/413"}],"replies":[{"embeddable":true,"href":"https:\/\/wp.ufpel.edu.br\/constituinte\/wp-json\/wp\/v2\/comments?post=2"}],"version-history":[{"count":3,"href":"https:\/\/wp.ufpel.edu.br\/constituinte\/wp-json\/wp\/v2\/pages\/2\/revisions"}],"predecessor-version":[{"id":42,"href":"https:\/\/wp.ufpel.edu.br\/constituinte\/wp-json\/wp\/v2\/pages\/2\/revisions\/42"}],"wp:attachment":[{"href":"https:\/\/wp.ufpel.edu.br\/constituinte\/wp-json\/wp\/v2\/media?parent=2"}],"curies":[{"name":"wp","href":"https:\/\/api.w.org\/{rel}","templated":true}]}}