{"id":180,"date":"2014-07-18T13:47:09","date_gmt":"2014-07-18T16:47:09","guid":{"rendered":"https:\/\/wp.ufpel.edu.br\/constituinte\/?page_id=180"},"modified":"2014-07-18T17:16:52","modified_gmt":"2014-07-18T20:16:52","slug":"180-2","status":"publish","type":"page","link":"https:\/\/wp.ufpel.edu.br\/constituinte\/180-2\/","title":{"rendered":"Tema 5: A Estrutura Universit\u00e1ria e a Democratiza\u00e7\u00e3o da Gest\u00e3o Frente \u00e0 Concep\u00e7\u00e3o de Forma\u00e7\u00e3o Acad\u00eamica"},"content":{"rendered":"<p><span style=\"color: #666666\">Dentro do Ciclo de Debates da Constituinte Universit\u00e1ria, a UFPel vem trabalhando v\u00e1rios temas.<\/span><\/p>\n<p><span style=\"color: #666666\">Na\u00a0ter\u00e7a-feira (15), \u00e0s 19h, no audit\u00f3rio da Faculdade de Direito ocorreu o debate sobre\u00a0o quinto tema:\u00a0A Estrutura Universit\u00e1ria e a Democratiza\u00e7\u00e3o da Gest\u00e3o Frente \u00e0 Concep\u00e7\u00e3o de Forma\u00e7\u00e3o Acad\u00eamica.<\/span><\/p>\n<p><span style=\"color: #666666\">Debatedores: o fil\u00f3sofo e pedagogo brasileiro, Dermeval Saviani (Unicamp) e Roberto Leher (UFRJ).\u00a0<\/span><\/p>\n<p>&nbsp;<\/p>\n<p>Confira a mat\u00e9ria no <a href=\"https:\/\/wp.ufpel.edu.br\/constituinte\/2014\/07\/18\/estrutura-e-gestao-da-universidade-sao-temas-de-quinto-debate\/\">link<\/a>.<\/p>\n<p>&nbsp;<\/p>\n<p><strong>\u00c1udios:<\/strong><\/p>\n<p>Abertura<\/p>\n<audio class=\"wp-audio-shortcode\" id=\"audio-180-1\" preload=\"none\" style=\"width: 100%;\" controls=\"controls\"><source type=\"audio\/mpeg\" src=\"https:\/\/wp.ufpel.edu.br\/constituinte\/files\/2014\/07\/Abertura-3.mp3?_=1\" \/><a href=\"https:\/\/wp.ufpel.edu.br\/constituinte\/files\/2014\/07\/Abertura-3.mp3\">https:\/\/wp.ufpel.edu.br\/constituinte\/files\/2014\/07\/Abertura-3.mp3<\/a><\/audio>\n<p>Apresenta\u00e7\u00e3o Dermeval Saviani<\/p>\n<audio class=\"wp-audio-shortcode\" id=\"audio-180-2\" preload=\"none\" style=\"width: 100%;\" controls=\"controls\"><source type=\"audio\/mpeg\" src=\"https:\/\/wp.ufpel.edu.br\/constituinte\/files\/2014\/07\/1-Dermeval-Saviani-Unicamp.mp3?_=2\" \/><a href=\"https:\/\/wp.ufpel.edu.br\/constituinte\/files\/2014\/07\/1-Dermeval-Saviani-Unicamp.mp3\">https:\/\/wp.ufpel.edu.br\/constituinte\/files\/2014\/07\/1-Dermeval-Saviani-Unicamp.mp3<\/a><\/audio>\n<p>Apresenta\u00e7\u00e3o Roberto Leher<\/p>\n<audio class=\"wp-audio-shortcode\" id=\"audio-180-3\" preload=\"none\" style=\"width: 100%;\" controls=\"controls\"><source type=\"audio\/mpeg\" src=\"https:\/\/wp.ufpel.edu.br\/constituinte\/files\/2014\/07\/2-Roberto-Leher-UFRJ.mp3?_=3\" \/><a href=\"https:\/\/wp.ufpel.edu.br\/constituinte\/files\/2014\/07\/2-Roberto-Leher-UFRJ.mp3\">https:\/\/wp.ufpel.edu.br\/constituinte\/files\/2014\/07\/2-Roberto-Leher-UFRJ.mp3<\/a><\/audio>\n<p>Debate Parte 1<\/p>\n<audio class=\"wp-audio-shortcode\" id=\"audio-180-4\" preload=\"none\" style=\"width: 100%;\" controls=\"controls\"><source type=\"audio\/mpeg\" src=\"https:\/\/wp.ufpel.edu.br\/constituinte\/files\/2014\/07\/Parte-1-debate-1.mp3?_=4\" \/><a href=\"https:\/\/wp.ufpel.edu.br\/constituinte\/files\/2014\/07\/Parte-1-debate-1.mp3\">https:\/\/wp.ufpel.edu.br\/constituinte\/files\/2014\/07\/Parte-1-debate-1.mp3<\/a><\/audio>\n<p>Debate Parte 2<\/p>\n<audio class=\"wp-audio-shortcode\" id=\"audio-180-5\" preload=\"none\" style=\"width: 100%;\" controls=\"controls\"><source type=\"audio\/mpeg\" src=\"https:\/\/wp.ufpel.edu.br\/constituinte\/files\/2014\/07\/Parte-2-debate-1.mp3?_=5\" \/><a href=\"https:\/\/wp.ufpel.edu.br\/constituinte\/files\/2014\/07\/Parte-2-debate-1.mp3\">https:\/\/wp.ufpel.edu.br\/constituinte\/files\/2014\/07\/Parte-2-debate-1.mp3<\/a><\/audio>\n<p>&nbsp;<\/p>\n<p>&nbsp;<\/p>\n","protected":false},"excerpt":{"rendered":"<p>Dentro do Ciclo de Debates da Constituinte Universit\u00e1ria, a UFPel vem trabalhando v\u00e1rios temas. Na\u00a0ter\u00e7a-feira (15), \u00e0s 19h, no audit\u00f3rio da Faculdade de Direito ocorreu o debate sobre\u00a0o quinto tema:\u00a0A Estrutura Universit\u00e1ria e a Democratiza\u00e7\u00e3o da Gest\u00e3o Frente \u00e0 Concep\u00e7\u00e3o de Forma\u00e7\u00e3o Acad\u00eamica. Debatedores: o fil\u00f3sofo e pedagogo brasileiro, Dermeval Saviani (Unicamp) e Roberto Leher [&hellip;]<\/p>\n","protected":false},"author":413,"featured_media":0,"parent":0,"menu_order":0,"comment_status":"closed","ping_status":"closed","template":"","meta":{"footnotes":""},"class_list":["post-180","page","type-page","status-publish","hentry"],"_links":{"self":[{"href":"https:\/\/wp.ufpel.edu.br\/constituinte\/wp-json\/wp\/v2\/pages\/180","targetHints":{"allow":["GET"]}}],"collection":[{"href":"https:\/\/wp.ufpel.edu.br\/constituinte\/wp-json\/wp\/v2\/pages"}],"about":[{"href":"https:\/\/wp.ufpel.edu.br\/constituinte\/wp-json\/wp\/v2\/types\/page"}],"author":[{"embeddable":true,"href":"https:\/\/wp.ufpel.edu.br\/constituinte\/wp-json\/wp\/v2\/users\/413"}],"replies":[{"embeddable":true,"href":"https:\/\/wp.ufpel.edu.br\/constituinte\/wp-json\/wp\/v2\/comments?post=180"}],"version-history":[{"count":4,"href":"https:\/\/wp.ufpel.edu.br\/constituinte\/wp-json\/wp\/v2\/pages\/180\/revisions"}],"predecessor-version":[{"id":189,"href":"https:\/\/wp.ufpel.edu.br\/constituinte\/wp-json\/wp\/v2\/pages\/180\/revisions\/189"}],"wp:attachment":[{"href":"https:\/\/wp.ufpel.edu.br\/constituinte\/wp-json\/wp\/v2\/media?parent=180"}],"curies":[{"name":"wp","href":"https:\/\/api.w.org\/{rel}","templated":true}]}}