{"id":121,"date":"2014-07-09T11:34:26","date_gmt":"2014-07-09T14:34:26","guid":{"rendered":"https:\/\/wp.ufpel.edu.br\/constituinte\/?page_id=121"},"modified":"2014-07-18T13:42:09","modified_gmt":"2014-07-18T16:42:09","slug":"a-articulacao-entre-ensino-pesquisa-e-extensao-com-base-formativa","status":"publish","type":"page","link":"https:\/\/wp.ufpel.edu.br\/constituinte\/a-articulacao-entre-ensino-pesquisa-e-extensao-com-base-formativa\/","title":{"rendered":"A Articula\u00e7\u00e3o Entre Ensino, Pesquisa e Extens\u00e3o com Base Formativa"},"content":{"rendered":"<p><span style=\"color: #666666\">&#8211; A Articula\u00e7\u00e3o Entre Ensino, Pesquisa e Extens\u00e3o com Base Formativa <\/span><\/p>\n<p><span style=\"color: #666666\">\u2013 Dia 11 de julho \u2013 19h \u2013 Audit\u00f3rio da Faculdade de Direito<\/span><\/p>\n<p><span style=\"color: #666666\">Debatedores: Cesar Victora (UFPel) e Jorge Audy (PUC-RS)<\/span><\/p>\n<p>Confira a mat\u00e9ria no <a href=\"https:\/\/wp.ufpel.edu.br\/constituinte\/2014\/07\/14\/a-articulacao-entre-ensino-pesquisa-e-extensao-com-base-formativa\/\">link \u00a0<\/a><\/p>\n<p>&nbsp;<\/p>\n<p>\u00c1udios:<\/p>\n<p>Abertura:<\/p>\n<audio class=\"wp-audio-shortcode\" id=\"audio-121-1\" preload=\"none\" style=\"width: 100%;\" controls=\"controls\"><source type=\"audio\/mpeg\" src=\"https:\/\/wp.ufpel.edu.br\/constituinte\/files\/2014\/07\/Abertura.mp3?_=1\" \/><a href=\"https:\/\/wp.ufpel.edu.br\/constituinte\/files\/2014\/07\/Abertura.mp3\">https:\/\/wp.ufpel.edu.br\/constituinte\/files\/2014\/07\/Abertura.mp3<\/a><\/audio>\n<p>Apresenta\u00e7\u00e3o professor Jorge Audy<\/p>\n<audio class=\"wp-audio-shortcode\" id=\"audio-121-2\" preload=\"none\" style=\"width: 100%;\" controls=\"controls\"><source type=\"audio\/mpeg\" src=\"https:\/\/wp.ufpel.edu.br\/constituinte\/files\/2014\/07\/1-Jorge-Audy-PUC-RS.mp3?_=2\" \/><a href=\"https:\/\/wp.ufpel.edu.br\/constituinte\/files\/2014\/07\/1-Jorge-Audy-PUC-RS.mp3\">https:\/\/wp.ufpel.edu.br\/constituinte\/files\/2014\/07\/1-Jorge-Audy-PUC-RS.mp3<\/a><\/audio>\n<p>Apresenta\u00e7\u00e3o professor Cesar Victora<\/p>\n<audio class=\"wp-audio-shortcode\" id=\"audio-121-3\" preload=\"none\" style=\"width: 100%;\" controls=\"controls\"><source type=\"audio\/mpeg\" src=\"https:\/\/wp.ufpel.edu.br\/constituinte\/files\/2014\/07\/2Cesar-Victora-UFPel.mp3?_=3\" \/><a href=\"https:\/\/wp.ufpel.edu.br\/constituinte\/files\/2014\/07\/2Cesar-Victora-UFPel.mp3\">https:\/\/wp.ufpel.edu.br\/constituinte\/files\/2014\/07\/2Cesar-Victora-UFPel.mp3<\/a><\/audio>\n<p>Debate &#8211; parte 1<\/p>\n<audio class=\"wp-audio-shortcode\" id=\"audio-121-4\" preload=\"none\" style=\"width: 100%;\" controls=\"controls\"><source type=\"audio\/mpeg\" src=\"https:\/\/wp.ufpel.edu.br\/constituinte\/files\/2014\/07\/Parte-1-debate.mp3?_=4\" \/><a href=\"https:\/\/wp.ufpel.edu.br\/constituinte\/files\/2014\/07\/Parte-1-debate.mp3\">https:\/\/wp.ufpel.edu.br\/constituinte\/files\/2014\/07\/Parte-1-debate.mp3<\/a><\/audio>\n<p>Debate &#8211; parte 2<\/p>\n<audio class=\"wp-audio-shortcode\" id=\"audio-121-5\" preload=\"none\" style=\"width: 100%;\" controls=\"controls\"><source type=\"audio\/mpeg\" src=\"https:\/\/wp.ufpel.edu.br\/constituinte\/files\/2014\/07\/Parte-2-debate.mp3?_=5\" \/><a href=\"https:\/\/wp.ufpel.edu.br\/constituinte\/files\/2014\/07\/Parte-2-debate.mp3\">https:\/\/wp.ufpel.edu.br\/constituinte\/files\/2014\/07\/Parte-2-debate.mp3<\/a><\/audio>\n","protected":false},"excerpt":{"rendered":"<p>&#8211; A Articula\u00e7\u00e3o Entre Ensino, Pesquisa e Extens\u00e3o com Base Formativa \u2013 Dia 11 de julho \u2013 19h \u2013 Audit\u00f3rio da Faculdade de Direito Debatedores: Cesar Victora (UFPel) e Jorge Audy (PUC-RS) Confira a mat\u00e9ria no link \u00a0 &nbsp; \u00c1udios: Abertura: Apresenta\u00e7\u00e3o professor Jorge Audy Apresenta\u00e7\u00e3o professor Cesar Victora Debate &#8211; parte 1 Debate &#8211; [&hellip;]<\/p>\n","protected":false},"author":413,"featured_media":0,"parent":0,"menu_order":0,"comment_status":"closed","ping_status":"closed","template":"","meta":{"footnotes":""},"class_list":["post-121","page","type-page","status-publish","hentry"],"_links":{"self":[{"href":"https:\/\/wp.ufpel.edu.br\/constituinte\/wp-json\/wp\/v2\/pages\/121","targetHints":{"allow":["GET"]}}],"collection":[{"href":"https:\/\/wp.ufpel.edu.br\/constituinte\/wp-json\/wp\/v2\/pages"}],"about":[{"href":"https:\/\/wp.ufpel.edu.br\/constituinte\/wp-json\/wp\/v2\/types\/page"}],"author":[{"embeddable":true,"href":"https:\/\/wp.ufpel.edu.br\/constituinte\/wp-json\/wp\/v2\/users\/413"}],"replies":[{"embeddable":true,"href":"https:\/\/wp.ufpel.edu.br\/constituinte\/wp-json\/wp\/v2\/comments?post=121"}],"version-history":[{"count":3,"href":"https:\/\/wp.ufpel.edu.br\/constituinte\/wp-json\/wp\/v2\/pages\/121\/revisions"}],"predecessor-version":[{"id":179,"href":"https:\/\/wp.ufpel.edu.br\/constituinte\/wp-json\/wp\/v2\/pages\/121\/revisions\/179"}],"wp:attachment":[{"href":"https:\/\/wp.ufpel.edu.br\/constituinte\/wp-json\/wp\/v2\/media?parent=121"}],"curies":[{"name":"wp","href":"https:\/\/api.w.org\/{rel}","templated":true}]}}