{"id":763,"date":"2023-06-21T19:29:25","date_gmt":"2023-06-21T22:29:25","guid":{"rendered":"https:\/\/wp.ufpel.edu.br\/conservatoriodemusica\/?page_id=763"},"modified":"2023-06-21T19:29:25","modified_gmt":"2023-06-21T22:29:25","slug":"curso-de-aperfeicoamento-musical","status":"publish","type":"page","link":"https:\/\/wp.ufpel.edu.br\/conservatoriodemusica\/atividades\/curso-de-aperfeicoamento-musical\/","title":{"rendered":"CURSO DE APERFEI\u00c7OAMENTO MUSICAL"},"content":{"rendered":"<p><img loading=\"lazy\" decoding=\"async\" class=\"alignnone  wp-image-767\" src=\"https:\/\/wp.ufpel.edu.br\/conservatoriodemusica\/files\/2023\/06\/Cartaz-de-divulgacao-424x269.png\" alt=\"\" width=\"463\" height=\"294\" srcset=\"https:\/\/wp.ufpel.edu.br\/conservatoriodemusica\/files\/2023\/06\/Cartaz-de-divulgacao-424x269.png 424w, https:\/\/wp.ufpel.edu.br\/conservatoriodemusica\/files\/2023\/06\/Cartaz-de-divulgacao-212x134.png 212w, https:\/\/wp.ufpel.edu.br\/conservatoriodemusica\/files\/2023\/06\/Cartaz-de-divulgacao-768x487.png 768w, https:\/\/wp.ufpel.edu.br\/conservatoriodemusica\/files\/2023\/06\/Cartaz-de-divulgacao.png 1037w\" sizes=\"auto, (max-width: 463px) 100vw, 463px\" \/><\/p>\n<p>Teoria e Percep\u00e7\u00e3o Musical e Pr\u00e1tica Instrumental 2023<\/p>\n<p><strong>Miss\u00e3o:<\/strong> O Curso de Aperfei\u00e7oamento Musical destina-se \u00e0 comunidade em geral e tem a miss\u00e3o de sistematizar os princ\u00edpios dos elementos da linguagem musical, visando possibilitar o desenvolvimento da leitura e percep\u00e7\u00e3o musical para compreens\u00e3o musical contextualizada. \u00c9 desenvolvido em dois m\u00f3dulos para Teoria e Percep\u00e7\u00e3o Musical, dois m\u00f3dulos de Harmonia Musical e seis m\u00f3dulos para Pr\u00e1tica Instrumental\/Canto, em aprofundamento crescente. Os cursos s\u00e3o oferecidos para estudantes com conhecimentos musicais te\u00f3rico\/instrumentais pr\u00e9vios.<\/p>\n<p><strong>Local<\/strong>: Conservat\u00f3rio de M\u00fasica da UFPel<\/p>\n<p><strong>Carga-hor\u00e1ria:<\/strong> 64 horas-aulas por m\u00f3dulo \u2013 Teoria e Percep\u00e7\u00e3o Musical (anual)\u00a0 \u00a0 \u00a0 \u00a0 \u00a0 \u00a0 \u00a0 \u00a0 \u00a0 \u00a0 \u00a0 \u00a0 \u00a0 \u00a0 \u00a0 \u00a0 \u00a0 \u00a0 \u00a0 \u00a0 \u00a0 \u00a0 \u00a0 \u00a064 horas aulas por m\u00f3dulo \u2013 Harmonia Musical (anual)\u00a0 \u00a0 \u00a0 \u00a0 \u00a0 \u00a0 \u00a0 \u00a0 \u00a0 \u00a0 \u00a0 \u00a0 \u00a0 \u00a0 \u00a0 \u00a0 \u00a0 \u00a0 \u00a0 \u00a0 \u00a0 \u00a0 \u00a0 \u00a0 \u00a0 \u00a0 \u00a0 \u00a0 \u00a0 \u00a0 \u00a0 \u00a032 horas-aula por m\u00f3dulo \u2013 Instrumental (anual)<\/p>\n<p><strong>Informa\u00e7\u00f5es Gerais:<\/strong><\/p>\n<p><strong>N\u00cdVEL INTERMEDI\u00c1RIO:<\/strong><\/p>\n<p>A disciplina de Teoria e Percep\u00e7\u00e3o Musical est\u00e1 organizada em dois m\u00f3dulos (02 anos), em aprofundamento qualitativo, visando possibilitar o desenvolvimento da leitura e percep\u00e7\u00e3o para compreens\u00e3o musical contextualizada. As disciplinas Instrumentais est\u00e3o organizadas em tr\u00eas m\u00f3dulos (02 anos e meio)<\/p>\n<p><strong>N\u00cdVEL AVAN\u00c7ADO:<\/strong><\/p>\n<p>A disciplina de Harmonia Musical est\u00e1 organizada em dois m\u00f3dulos (02 anos), em aprofundamento qualitativo, visando possibilitar o desenvolvimento da leitura e percep\u00e7\u00e3o harm\u00f4nica para compreens\u00e3o musical contextualizada. As disciplinas Instrumentais est\u00e3o organizadas em tr\u00eas m\u00f3dulos (02 anos e meio).<\/p>\n<p>H\u00e1 limite de vagas para cada m\u00f3dulo, embora seja permitida a inscri\u00e7\u00e3o de n\u00famero ilimitado de candidatos potenciais a serem selecionados.<\/p>\n<p>Ao aluno aprovado ser\u00e1 assegurada a vaga para o n\u00edvel subsequente.<\/p>\n<p>No caso de o aluno ser contemplado com uma vaga, ap\u00f3s a prova de sele\u00e7\u00e3o, ser\u00e1 poss\u00edvel o trancamento da vaga somente ap\u00f3s ter sido solicitado o cancelamento da vaga por e-mail para associacaoconservatoriodemusic@gmail.com, al\u00e9m do pagamento do m\u00eas corrente.<\/p>\n<p>Disciplinas de Teoria e Percep\u00e7\u00e3o Musical e Harmonia Musical:<\/p>\n<p>Hor\u00e1rio das Turmas: Turno da noite &#8211; das 19h \u00e0s 20h 50min<\/p>\n<p>Ser\u00e1 aberta a turma somente em depend\u00eancia de cinco ingressantes aprovados.<\/p>\n<p>&nbsp;<\/p>\n","protected":false},"excerpt":{"rendered":"<p>Teoria e Percep\u00e7\u00e3o Musical e Pr\u00e1tica Instrumental 2023 Miss\u00e3o: O Curso de Aperfei\u00e7oamento Musical destina-se \u00e0 comunidade em geral e tem a miss\u00e3o de sistematizar os princ\u00edpios dos elementos da linguagem musical, visando possibilitar o desenvolvimento da leitura e percep\u00e7\u00e3o &hellip; <a href=\"https:\/\/wp.ufpel.edu.br\/conservatoriodemusica\/atividades\/curso-de-aperfeicoamento-musical\/\">Continue lendo <span class=\"meta-nav\">&rarr;<\/span><\/a><\/p>\n","protected":false},"author":668,"featured_media":0,"parent":16,"menu_order":0,"comment_status":"closed","ping_status":"closed","template":"","meta":{"footnotes":""},"class_list":["post-763","page","type-page","status-publish","hentry"],"_links":{"self":[{"href":"https:\/\/wp.ufpel.edu.br\/conservatoriodemusica\/wp-json\/wp\/v2\/pages\/763","targetHints":{"allow":["GET"]}}],"collection":[{"href":"https:\/\/wp.ufpel.edu.br\/conservatoriodemusica\/wp-json\/wp\/v2\/pages"}],"about":[{"href":"https:\/\/wp.ufpel.edu.br\/conservatoriodemusica\/wp-json\/wp\/v2\/types\/page"}],"author":[{"embeddable":true,"href":"https:\/\/wp.ufpel.edu.br\/conservatoriodemusica\/wp-json\/wp\/v2\/users\/668"}],"replies":[{"embeddable":true,"href":"https:\/\/wp.ufpel.edu.br\/conservatoriodemusica\/wp-json\/wp\/v2\/comments?post=763"}],"version-history":[{"count":3,"href":"https:\/\/wp.ufpel.edu.br\/conservatoriodemusica\/wp-json\/wp\/v2\/pages\/763\/revisions"}],"predecessor-version":[{"id":771,"href":"https:\/\/wp.ufpel.edu.br\/conservatoriodemusica\/wp-json\/wp\/v2\/pages\/763\/revisions\/771"}],"up":[{"embeddable":true,"href":"https:\/\/wp.ufpel.edu.br\/conservatoriodemusica\/wp-json\/wp\/v2\/pages\/16"}],"wp:attachment":[{"href":"https:\/\/wp.ufpel.edu.br\/conservatoriodemusica\/wp-json\/wp\/v2\/media?parent=763"}],"curies":[{"name":"wp","href":"https:\/\/api.w.org\/{rel}","templated":true}]}}