{"id":47,"date":"2016-07-11T15:43:52","date_gmt":"2016-07-11T18:43:52","guid":{"rendered":"https:\/\/wp.ufpel.edu.br\/conservatoriodemusica\/?page_id=47"},"modified":"2017-01-23T17:09:27","modified_gmt":"2017-01-23T19:09:27","slug":"links","status":"publish","type":"page","link":"https:\/\/wp.ufpel.edu.br\/conservatoriodemusica\/links\/","title":{"rendered":"Links"},"content":{"rendered":"<p><a href=\"http:\/\/assamcon.blogspot.com.br\/\" target=\"_blank\">Associa\u00e7\u00e3o Amigos do Conservat\u00f3rio de M\u00fasica<\/a><\/p>\n<p><a href=\"http:\/\/www2.ufpel.edu.br\/iad\/\" target=\"_blank\"><strong>Centro de Artes<\/strong><\/a><\/p>\n<p><a href=\"http:\/\/pergamum.ufpel.edu.br\/pergamum\/biblioteca\/index.php\" target=\"_blank\"><strong>Sistema de Busca da Biblioteca<\/strong><\/a><\/p>\n<p><strong><a href=\"https:\/\/cobalto.ufpel.edu.br\/\" target=\"_blank\">Cobalto<\/a><\/strong><\/p>\n<p><a href=\"http:\/\/ava.ufpel.edu.br\/pre\/\" target=\"_blank\"><strong>Moodle<\/strong><\/a><\/p>\n<p><a href=\"http:\/\/periodicos.ufpel.edu.br\/ojs2\/\" target=\"_blank\"><strong>Portal de Peri\u00f3dicos UFPel<\/strong><\/a><\/p>\n<p><a href=\"http:\/\/www-periodicos-capes-gov-br.ez66.periodicos.capes.gov.br\/index.php\" target=\"_blank\"><strong>Portal de Peri\u00f3dicos da CAPES<\/strong><\/a><\/p>\n<p>&nbsp;<\/p>\n<p><strong>Sites de Partituras<\/strong><\/p>\n<p>The Royal Library \u2013 National Library of Denmark and Copenhagen<br \/>\nUniversity Library:<br \/>\n<a href=\"https:\/\/rex.kb.dk\/F\/?func=file&amp;file_name=find-b&amp;local_base=mus01_www&amp;con_lng=ENG\" target=\"_blank\">https:\/\/rex.kb.dk\/F\/?func=file&amp;file_name=find-b&amp;local_base=mus01_www&amp;con_lng=ENG<\/a><\/p>\n<p>International Music Score Library Project:<br \/>\n<a href=\"http:\/\/imslp.org\/wiki\/P%C3%A1gina_inicial\" target=\"_blank\">http:\/\/imslp.org\/wiki\/P%C3%A1gina_inicial<\/a><\/p>\n<p>The Library of Congress:<br \/>\n<a href=\"http:\/\/lcweb2.loc.gov\/diglib\/ihas\/html\/volcano\/volcano-home.html\" target=\"_blank\">http:\/\/lcweb2.loc.gov\/diglib\/ihas\/html\/volcano\/volcano-home.html<\/a><\/p>\n<p>Sheet Music Consortium:<br \/>\n<a href=\"http:\/\/digital2.library.ucla.edu\/sheetmusic\/\" target=\"_blank\">http:\/\/digital2.library.ucla.edu\/sheetmusic\/<\/a><\/p>\n<p>Yale University Library \u2013 The Irving S. Gilmore Music Library<br \/>\n<a href=\"http:\/\/guides.library.yale.edu\/online_scores\" target=\"_blank\">http:\/\/guides.library.yale.edu\/online_scores<\/a><\/p>\n<p>Indiana University \u2013 IN Harmony: Sheet Music from Indiana<br \/>\n<a href=\"http:\/\/webapp1.dlib.indiana.edu\/inharmony\/welcome.do\" target=\"_blank\">http:\/\/webapp1.dlib.indiana.edu\/inharmony\/welcome.do<\/a><\/p>\n<p>19th-Century American Sheet Music Digitization Project \u2013 University of<br \/>\nNorth Carolina:<br \/>\n<a href=\"http:\/\/www.lib.unc.edu\/dc\/sheetmusic\/\" target=\"_blank\">http:\/\/www.lib.unc.edu\/dc\/sheetmusic\/<\/a><\/p>\n<p>DMOZ Open Directory Project:<br \/>\n<a href=\"http:\/\/www.dmoz.org\/Arts\/Music\/Resources\/Downloadable_Music_Sheets\/\" target=\"_blank\">http:\/\/www.dmoz.org\/Arts\/Music\/Resources\/Downloadable_Music_Sheets\/<\/a><\/p>\n<p>The Royal Irish Academy of Music:<br \/>\n<a href=\"http:\/\/library.riam.ie\/uhtbin\/cgisirsi.exe\/?ps=PjO9vtMXWB\/x\/285640011\/60\/495\/X\" target=\"_blank\">http:\/\/library.riam.ie\/uhtbin\/cgisirsi.exe\/?ps=PjO9vtMXWB\/x\/285640011\/60\/495\/X<\/a><\/p>\n<p>Boije Collection \u2013 The Music Library of Sweden<br \/>\n<a href=\"http:\/\/www.muslib.se\/ebibliotek\/boije\/indexeng.htm\" target=\"_blank\">http:\/\/www.muslib.se\/ebibliotek\/boije\/indexeng.htm<\/a><\/p>\n<p>Biblioteca Nacional:<br \/>\n<a href=\"http:\/\/bndigital.bn.br\/\" target=\"_blank\">http:\/\/bndigital.bn.br\/<\/a><\/p>\n<p>Ernesto Nazareth:<br \/>\n<a href=\"http:\/\/www.ernestonazareth.com.br\/\" target=\"_blank\">http:\/\/www.ernestonazareth.com.br\/<\/a><\/p>\n<p>Chiquinha Gonzaga:<br \/>\n<a href=\"http:\/\/www.chiquinhagonzaga.com\/\" target=\"_blank\">http:\/\/www.chiquinhagonzaga.com\/<\/a><a href=\"http:\/\/Assamcon\">http:\/\/assamcon.blogspot.com.br\/<\/a><\/p>\n","protected":false},"excerpt":{"rendered":"<p>Associa\u00e7\u00e3o Amigos do Conservat\u00f3rio de M\u00fasica Centro de Artes Sistema de Busca da Biblioteca Cobalto Moodle Portal de Peri\u00f3dicos UFPel Portal de Peri\u00f3dicos da CAPES &nbsp; Sites de Partituras The Royal Library \u2013 National Library of Denmark and Copenhagen University &hellip; <a href=\"https:\/\/wp.ufpel.edu.br\/conservatoriodemusica\/links\/\">Continue lendo <span class=\"meta-nav\">&rarr;<\/span><\/a><\/p>\n","protected":false},"author":452,"featured_media":0,"parent":0,"menu_order":0,"comment_status":"closed","ping_status":"closed","template":"","meta":{"footnotes":""},"class_list":["post-47","page","type-page","status-publish","hentry"],"_links":{"self":[{"href":"https:\/\/wp.ufpel.edu.br\/conservatoriodemusica\/wp-json\/wp\/v2\/pages\/47","targetHints":{"allow":["GET"]}}],"collection":[{"href":"https:\/\/wp.ufpel.edu.br\/conservatoriodemusica\/wp-json\/wp\/v2\/pages"}],"about":[{"href":"https:\/\/wp.ufpel.edu.br\/conservatoriodemusica\/wp-json\/wp\/v2\/types\/page"}],"author":[{"embeddable":true,"href":"https:\/\/wp.ufpel.edu.br\/conservatoriodemusica\/wp-json\/wp\/v2\/users\/452"}],"replies":[{"embeddable":true,"href":"https:\/\/wp.ufpel.edu.br\/conservatoriodemusica\/wp-json\/wp\/v2\/comments?post=47"}],"version-history":[{"count":8,"href":"https:\/\/wp.ufpel.edu.br\/conservatoriodemusica\/wp-json\/wp\/v2\/pages\/47\/revisions"}],"predecessor-version":[{"id":151,"href":"https:\/\/wp.ufpel.edu.br\/conservatoriodemusica\/wp-json\/wp\/v2\/pages\/47\/revisions\/151"}],"wp:attachment":[{"href":"https:\/\/wp.ufpel.edu.br\/conservatoriodemusica\/wp-json\/wp\/v2\/media?parent=47"}],"curies":[{"name":"wp","href":"https:\/\/api.w.org\/{rel}","templated":true}]}}